{"id":99976,"date":"2019-10-28T09:41:35","date_gmt":"2019-10-28T08:41:35","guid":{"rendered":"https:\/\/pipat-antiquites.fr\/?post_type=product&#038;p=99976"},"modified":"2022-12-11T11:50:38","modified_gmt":"2022-12-11T10:50:38","slug":"paire-de-fauteuils-style-paquebot-streamline-xx-20-siecle","status":"publish","type":"product","link":"https:\/\/pipat-antiquites.fr\/fr\/objets\/paire-de-fauteuils-style-paquebot-streamline-xx-20-siecle\/","title":{"rendered":"Paire de fauteuils style Paquebot, XXe si\u00e8cle"},"content":{"rendered":"<div class=\"wpb-content-wrapper\"><p>[vc_row][vc_column column_width_percent=\u00a0\u00bb100&Prime; gutter_size=\u00a0\u00bb3&Prime; override_padding=\u00a0\u00bbyes\u00a0\u00bb column_padding=\u00a0\u00bb3&Prime; overlay_alpha=\u00a0\u00bb50&Prime; shift_x=\u00a0\u00bb0&Prime; shift_y=\u00a0\u00bb0&Prime; shift_y_down=\u00a0\u00bb0&Prime; z_index=\u00a0\u00bb0&Prime; medium_width=\u00a0\u00bb0&Prime; mobile_width=\u00a0\u00bb0&Prime; width=\u00a0\u00bb1\/1&Prime; uncode_shortcode_id=\u00a0\u00bb141632&Prime;][vc_custom_heading text_weight=\u00a0\u00bb300&Prime; uncode_shortcode_id=\u00a0\u00bb465657&Prime;]Paire de fauteuils style Paquebot, XXe si\u00e8cle<span class=\"Apple-converted-space\">\u00a0<\/span>[\/vc_custom_heading][vc_column_text uncode_shortcode_id=\u00a0\u00bb157404&Prime;]Les lignes simples et \u00e9pur\u00e9es, les assises et dossiers larges et bas, toutes ces caract\u00e9ristiques d\u00e9signent ces fauteuils comme d\u2019\u00e9l\u00e9gantes cr\u00e9ations du si\u00e8cle dernier dans le style Paquebot ou Streamline qui firent la r\u00e9putation des voyages maritimes transatlantiques \u00e0 bord des navires fran\u00e7ais. L\u2019ensemble en parfait \u00e9tat a \u00e9t\u00e9 retapiss\u00e9 d\u2019un velours \u00e0 motifs g\u00e9om\u00e9triques.<span class=\"Apple-converted-space\">\u00a0<\/span>[\/vc_column_text][\/vc_column][\/vc_row]<\/p>\n<\/div>","protected":false},"excerpt":{"rendered":"<p>[vc_row][vc_column column_width_percent=\u00a0\u00bb100&Prime; gutter_size=\u00a0\u00bb3&Prime; override_padding=\u00a0\u00bbyes\u00a0\u00bb column_padding=\u00a0\u00bb3&Prime; overlay_alpha=\u00a0\u00bb50&Prime; shift_x=\u00a0\u00bb0&Prime; shift_y=\u00a0\u00bb0&Prime; shift_y_down=\u00a0\u00bb0&Prime; z_index=\u00a0\u00bb0&Prime; medium_width=\u00a0\u00bb0&Prime; mobile_width=\u00a0\u00bb0&Prime; width=\u00a0\u00bb1\/1&Prime; uncode_shortcode_id=\u00a0\u00bb141632&Prime;][vc_custom_heading text_weight=\u00a0\u00bb300&Prime; uncode_shortcode_id=\u00a0\u00bb465657&Prime;]Paire de fauteuils style Paquebot, [&hellip;]<\/p>\n","protected":false},"featured_media":99988,"template":"","meta":{"_seopress_robots_primary_cat":"none","_seopress_titles_title":"Paire de fauteuils style Paquebot, XXe si\u00e8cle ","_seopress_titles_desc":"Pi\u00e8ces caract\u00e9ristiques du mobilier Streamline qui fit les grandes heures des paquebots transatlantiques. Parfait \u00e9tat.","_seopress_robots_index":"","content-type":""},"product_brand":[],"product_cat":[69,107,166],"product_tag":[263],"class_list":{"0":"post-99976","1":"product","2":"type-product","3":"status-publish","4":"has-post-thumbnail","6":"product_cat-mobilier","7":"product_cat-sieges","8":"product_cat-fauteuils","9":"product_tag-xxe-siecle","11":"first","12":"outofstock","13":"shipping-taxable","14":"purchasable","15":"product-type-simple","16":"add-to-wishlist-after_add_to_cart"},"_links":{"self":[{"href":"https:\/\/pipat-antiquites.fr\/fr\/wp-json\/wp\/v2\/product\/99976","targetHints":{"allow":["GET"]}}],"collection":[{"href":"https:\/\/pipat-antiquites.fr\/fr\/wp-json\/wp\/v2\/product"}],"about":[{"href":"https:\/\/pipat-antiquites.fr\/fr\/wp-json\/wp\/v2\/types\/product"}],"wp:featuredmedia":[{"embeddable":true,"href":"https:\/\/pipat-antiquites.fr\/fr\/wp-json\/wp\/v2\/media\/99988"}],"wp:attachment":[{"href":"https:\/\/pipat-antiquites.fr\/fr\/wp-json\/wp\/v2\/media?parent=99976"}],"wp:term":[{"taxonomy":"product_brand","embeddable":true,"href":"https:\/\/pipat-antiquites.fr\/fr\/wp-json\/wp\/v2\/product_brand?post=99976"},{"taxonomy":"product_cat","embeddable":true,"href":"https:\/\/pipat-antiquites.fr\/fr\/wp-json\/wp\/v2\/product_cat?post=99976"},{"taxonomy":"product_tag","embeddable":true,"href":"https:\/\/pipat-antiquites.fr\/fr\/wp-json\/wp\/v2\/product_tag?post=99976"}],"curies":[{"name":"wp","href":"https:\/\/api.w.org\/{rel}","templated":true}]}}