{"id":99660,"date":"2022-10-05T21:42:17","date_gmt":"2022-10-05T19:42:17","guid":{"rendered":"https:\/\/pipat-antiquites.fr\/?post_type=product&#038;p=99660"},"modified":"2023-10-31T17:04:40","modified_gmt":"2023-10-31T16:04:40","slug":"cavalier-arabe-aux-aguets-bronze-signe-alfred-dubucand-1828-1894","status":"publish","type":"product","link":"https:\/\/pipat-antiquites.fr\/fr\/objets\/cavalier-arabe-aux-aguets-bronze-signe-alfred-dubucand-1828-1894\/","title":{"rendered":"Cavalier arabe aux aguets, bronze sign\u00e9 Alfred Dubucand (1828 &#8211; 1894)"},"content":{"rendered":"<div class=\"wpb-content-wrapper\"><p>[vc_row][vc_column column_width_percent=\u00a0\u00bb100&Prime; gutter_size=\u00a0\u00bb3&Prime; override_padding=\u00a0\u00bbyes\u00a0\u00bb column_padding=\u00a0\u00bb3&Prime; overlay_alpha=\u00a0\u00bb50&Prime; shift_x=\u00a0\u00bb0&Prime; shift_y=\u00a0\u00bb0&Prime; shift_y_down=\u00a0\u00bb0&Prime; z_index=\u00a0\u00bb0&Prime; medium_width=\u00a0\u00bb0&Prime; mobile_width=\u00a0\u00bb0&Prime; width=\u00a0\u00bb1\/1&Prime; uncode_shortcode_id=\u00a0\u00bb141164&Prime;][vc_custom_heading text_weight=\u00a0\u00bb300&Prime; uncode_shortcode_id=\u00a0\u00bb212635&Prime;]Cavalier arabe aux aguets, bronze sign\u00e9 Alfred Dubucand (1828 &#8211; 1894)<span class=\"Apple-converted-space\">\u00a0<\/span>[\/vc_custom_heading][vc_column_text uncode_shortcode_id=\u00a0\u00bb910230&Prime;]Sculpteur fran\u00e7ais et \u00e9l\u00e8ve prim\u00e9 d\u2019Antoine-Louis Barye, il fait ses d\u00e9buts au Salon de 1867 avec un mod\u00e8le en cire figurant un faisan mort. Il poursuivra sur ce th\u00e8me animalier durant toute sa carri\u00e8re, tr\u00e8s attentif au naturalisme et tr\u00e8s audacieux concernant ses patines. Comme son ma\u00eetre, il appr\u00e9cie l\u2019exp\u00e9rimentation de patines classiques et chimiques.<\/p>\n<p>Une autre partie de son \u0153uvre illustre avec beaucoup de talent et d\u2019attention des sujets orientalistes ou d\u2019Afrique du nord. Il se distingue notamment dans la repr\u00e9sentation des chevaux comme ici o\u00f9 notre Cavalier arabe aux aguets rend avec beaucoup de d\u00e9tail la nervosit\u00e9 du cheval, son bride et son collier de chasse orn\u00e9s de pompons et sa selle ouvrag\u00e9e. Le cavalier est quant \u00e0 lui v\u00eatu de v\u00eatements traditionnels joliment orn\u00e9s.<span class=\"Apple-converted-space\">\u00a0<\/span><\/p>\n<p>Ce bronze \u00e0 patine mordor\u00e9 est sign\u00e9 sur la terrasse et en parfait \u00e9tat.<\/p>\n<ul>\n<li>Prix de livraison en France m\u00e9tropolitaine : 115\u20ac<\/li>\n<li>Prix de livraison en Europe : 155\u20ac<\/li>\n<li>Prix de livraison autres destination : 195\u20ac<\/li>\n<\/ul>\n<p>[\/vc_column_text][\/vc_column][\/vc_row]<\/p>\n<\/div>","protected":false},"excerpt":{"rendered":"<p style=\"text-align: center;\">Bronze \u00e0 patine mordor\u00e9e, sign\u00e9 sur la terrasse. Parfait \u00e9tat.<\/p>\n<p style=\"text-align: center;\">Dimensions :<\/p>\n<ul>\n<li style=\"text-align: center;\">Hauteur : 47 cm<\/li>\n<li style=\"text-align: center;\">Longueur : 54 cm<\/li>\n<li style=\"text-align: center;\">Profondeur : 16 cm<\/li>\n<\/ul>\n","protected":false},"featured_media":99912,"template":"","meta":{"_seopress_robots_primary_cat":"none","_seopress_titles_title":"Cavalier arabe aux aguets, bronze sign\u00e9 Alfred Dubucand (1828 - 1894) ","_seopress_titles_desc":"Bronze \u00e0 patine mordor\u00e9e, sign\u00e9 sur la terrasse. Parfait \u00e9tat.","_seopress_robots_index":"","_seopress_analysis_target_kw":"","content-type":""},"product_brand":[],"product_cat":[77,122,188],"product_tag":[252],"class_list":{"0":"post-99660","1":"product","2":"type-product","3":"status-publish","4":"has-post-thumbnail","6":"product_cat-beaux-arts","7":"product_cat-sculptures","8":"product_cat-bronze","9":"product_tag-xixe-siecle","10":"product_shipping_class-niveau-4","12":"first","13":"outofstock","14":"shipping-taxable","15":"purchasable","16":"product-type-simple","17":"add-to-wishlist-after_add_to_cart"},"_links":{"self":[{"href":"https:\/\/pipat-antiquites.fr\/fr\/wp-json\/wp\/v2\/product\/99660","targetHints":{"allow":["GET"]}}],"collection":[{"href":"https:\/\/pipat-antiquites.fr\/fr\/wp-json\/wp\/v2\/product"}],"about":[{"href":"https:\/\/pipat-antiquites.fr\/fr\/wp-json\/wp\/v2\/types\/product"}],"wp:featuredmedia":[{"embeddable":true,"href":"https:\/\/pipat-antiquites.fr\/fr\/wp-json\/wp\/v2\/media\/99912"}],"wp:attachment":[{"href":"https:\/\/pipat-antiquites.fr\/fr\/wp-json\/wp\/v2\/media?parent=99660"}],"wp:term":[{"taxonomy":"product_brand","embeddable":true,"href":"https:\/\/pipat-antiquites.fr\/fr\/wp-json\/wp\/v2\/product_brand?post=99660"},{"taxonomy":"product_cat","embeddable":true,"href":"https:\/\/pipat-antiquites.fr\/fr\/wp-json\/wp\/v2\/product_cat?post=99660"},{"taxonomy":"product_tag","embeddable":true,"href":"https:\/\/pipat-antiquites.fr\/fr\/wp-json\/wp\/v2\/product_tag?post=99660"}],"curies":[{"name":"wp","href":"https:\/\/api.w.org\/{rel}","templated":true}]}}