{"id":99639,"date":"2022-10-03T22:23:41","date_gmt":"2022-10-03T20:23:41","guid":{"rendered":"https:\/\/pipat-antiquites.fr\/?post_type=product&#038;p=99639"},"modified":"2026-01-19T10:57:17","modified_gmt":"2026-01-19T09:57:17","slug":"aiguiere-en-argent-massif-xix-19-siecle","status":"publish","type":"product","link":"https:\/\/pipat-antiquites.fr\/fr\/objets\/aiguiere-en-argent-massif-xix-19-siecle\/","title":{"rendered":"Aigui\u00e8re en argent massif, XIXe si\u00e8cle"},"content":{"rendered":"<div class=\"wpb-content-wrapper\"><p>[vc_row][vc_column column_width_percent=\u00a0\u00bb100&Prime; gutter_size=\u00a0\u00bb3&Prime; override_padding=\u00a0\u00bbyes\u00a0\u00bb column_padding=\u00a0\u00bb3&Prime; overlay_alpha=\u00a0\u00bb50&Prime; shift_x=\u00a0\u00bb0&Prime; shift_y=\u00a0\u00bb0&Prime; shift_y_down=\u00a0\u00bb0&Prime; z_index=\u00a0\u00bb0&Prime; medium_width=\u00a0\u00bb0&Prime; mobile_width=\u00a0\u00bb0&Prime; width=\u00a0\u00bb1\/1&Prime; uncode_shortcode_id=\u00a0\u00bb487056&Prime;][vc_custom_heading text_weight=\u00a0\u00bb300&Prime; uncode_shortcode_id=\u00a0\u00bb161356&Prime;]Aigui\u00e8re en argent massif, XIXe si\u00e8cle<span class=\"Apple-converted-space\">\u00a0<\/span>[\/vc_custom_heading][vc_column_text uncode_shortcode_id=\u00a0\u00bb600184&Prime;]Avec un poids total de 955g d\u2019argent (mais sans poin\u00e7on), cette aigui\u00e8re laisse \u00e0 son corps facett\u00e9 le soin de se distinguer de l\u2019ordinaire. Seul le col est d\u00e9licatement relev\u00e9 d\u2019une frise de palmettes, en dessous de la naissance de la superbe anse en \u00e9b\u00e8ne \u00e0 la courbure nerveuse rappelant la forme prononc\u00e9e du bec. Cette aigui\u00e8re est en parfait \u00e9tat.<\/p>\n<ul>\n<li>Prix de livraison en France m\u00e9tropolitaine : 35\u20ac<\/li>\n<li>Prix de livraison en Europe : 55\u20ac<\/li>\n<li>Prix de livraison autres destination : 75\u20ac<\/li>\n<\/ul>\n<p>[\/vc_column_text][\/vc_column][\/vc_row]<\/p>\n<\/div>","protected":false},"excerpt":{"rendered":"<p style=\"text-align: center;\">Aigui\u00e8re facett\u00e9e \u00e0 anse d&rsquo;\u00e9b\u00e8ne.<\/p>\n<p style=\"text-align: center;\">Dimensions :<\/p>\n<ul>\n<li style=\"text-align: center;\">Hauteur : 37.5 cm<\/li>\n<li style=\"text-align: center;\">Largeur : environ 13 cm<\/li>\n<li style=\"text-align: center;\">Profondeur : 21 cm<\/li>\n<\/ul>\n","protected":false},"featured_media":99627,"template":"","meta":{"_seopress_robots_primary_cat":"none","_seopress_titles_title":"Aigui\u00e8re en argent massif, XIXe si\u00e8cle","_seopress_titles_desc":"Aigui\u00e8re facett\u00e9e \u00e0 anse d'\u00e9b\u00e8ne.","_seopress_robots_index":"","_seopress_analysis_target_kw":"","content-type":""},"product_brand":[],"product_cat":[76,113,199],"product_tag":[252],"class_list":{"0":"post-99639","1":"product","2":"type-product","3":"status-publish","4":"has-post-thumbnail","6":"product_cat-objets","7":"product_cat-orfevrerie-et-argenterie","8":"product_cat-pieces-de-forme","9":"product_tag-xixe-siecle","10":"product_shipping_class-niveau-2","12":"first","13":"outofstock","14":"shipping-taxable","15":"purchasable","16":"product-type-simple","17":"add-to-wishlist-after_add_to_cart"},"_links":{"self":[{"href":"https:\/\/pipat-antiquites.fr\/fr\/wp-json\/wp\/v2\/product\/99639","targetHints":{"allow":["GET"]}}],"collection":[{"href":"https:\/\/pipat-antiquites.fr\/fr\/wp-json\/wp\/v2\/product"}],"about":[{"href":"https:\/\/pipat-antiquites.fr\/fr\/wp-json\/wp\/v2\/types\/product"}],"wp:featuredmedia":[{"embeddable":true,"href":"https:\/\/pipat-antiquites.fr\/fr\/wp-json\/wp\/v2\/media\/99627"}],"wp:attachment":[{"href":"https:\/\/pipat-antiquites.fr\/fr\/wp-json\/wp\/v2\/media?parent=99639"}],"wp:term":[{"taxonomy":"product_brand","embeddable":true,"href":"https:\/\/pipat-antiquites.fr\/fr\/wp-json\/wp\/v2\/product_brand?post=99639"},{"taxonomy":"product_cat","embeddable":true,"href":"https:\/\/pipat-antiquites.fr\/fr\/wp-json\/wp\/v2\/product_cat?post=99639"},{"taxonomy":"product_tag","embeddable":true,"href":"https:\/\/pipat-antiquites.fr\/fr\/wp-json\/wp\/v2\/product_tag?post=99639"}],"curies":[{"name":"wp","href":"https:\/\/api.w.org\/{rel}","templated":true}]}}