{"id":99527,"date":"2022-09-19T09:05:28","date_gmt":"2022-09-19T07:05:28","guid":{"rendered":"https:\/\/pipat-antiquites.fr\/?post_type=product&#038;p=99527"},"modified":"2024-05-20T15:18:06","modified_gmt":"2024-05-20T13:18:06","slug":"cave-a-cigares-en-loupe-de-thuya-epoque-napoleon-iii-xix-19-siecle","status":"publish","type":"product","link":"https:\/\/pipat-antiquites.fr\/fr\/objets\/cave-a-cigares-en-loupe-de-thuya-epoque-napoleon-iii-xix-19-siecle\/","title":{"rendered":"Cave \u00e0 cigares en loupe de thuya. \u00c9poque Napol\u00e9on III, XIXe si\u00e8cle"},"content":{"rendered":"<div class=\"wpb-content-wrapper\"><p>[vc_row][vc_column column_width_percent=\u00a0\u00bb100&Prime; gutter_size=\u00a0\u00bb3&Prime; override_padding=\u00a0\u00bbyes\u00a0\u00bb column_padding=\u00a0\u00bb3&Prime; overlay_alpha=\u00a0\u00bb50&Prime; shift_x=\u00a0\u00bb0&Prime; shift_y=\u00a0\u00bb0&Prime; shift_y_down=\u00a0\u00bb0&Prime; z_index=\u00a0\u00bb0&Prime; medium_width=\u00a0\u00bb0&Prime; mobile_width=\u00a0\u00bb0&Prime; width=\u00a0\u00bb1\/1&Prime; uncode_shortcode_id=\u00a0\u00bb198008&Prime;][vc_custom_heading text_weight=\u00a0\u00bb300&Prime; uncode_shortcode_id=\u00a0\u00bb139579&Prime;]Cave \u00e0 cigares en loupe de thuya. \u00c9poque Napol\u00e9on III, XIXe si\u00e8cle<span class=\"Apple-converted-space\">\u00a0<\/span>[\/vc_custom_heading][vc_column_text uncode_shortcode_id=\u00a0\u00bb129697&Prime;]Quatre tiroirs \u00e0 bouton de laiton sont dissimul\u00e9s sous une fa\u00e7ade \u00e0 rideau en parfait \u00e9tat. Cette cave \u00e0 cigare en loupe de thuya est un bel objet, qu\u2019il soit ouvert ou ferm\u00e9. Toujours accessible, un plus large tiroir en partie basse se ferme \u00e0 clef. Il permet d\u2019y ranger coupe-cigare, hygrom\u00e8tre, allumettes ou briquet. La base, le plateau et les montants sont relev\u00e9s de filets de bois noirci. Sobre et \u00e9l\u00e9gante, cette cave \u00e0 cigares trouve sa place dans des int\u00e9rieurs aussi bien classiques que contemporains. Parfait \u00e9tat.<\/p>\n<ul>\n<li>Prix de livraison en France m\u00e9tropolitaine : 35\u20ac<\/li>\n<li>Prix de livraison en Europe : 55\u20ac<\/li>\n<li>Prix de livraison autres destination : 75\u20ac<\/li>\n<\/ul>\n<p>[\/vc_column_text][\/vc_column][\/vc_row]<\/p>\n<\/div>","protected":false},"excerpt":{"rendered":"<p style=\"text-align: center;\">Quatre tiroirs \u00e0 cigares, un large tiroir de rangement. Parfait \u00e9tat.<\/p>\n<p style=\"text-align: center;\">Dimensions :<\/p>\n<ul>\n<li style=\"text-align: center;\">Hauteur : 24.5 cm<\/li>\n<li style=\"text-align: center;\">Largeur : 23.5 cm<\/li>\n<li style=\"text-align: center;\">Profondeur : 21.5 cm<\/li>\n<\/ul>\n","protected":false},"featured_media":99519,"template":"","meta":{"_seopress_robots_primary_cat":"none","_seopress_titles_title":"Cave \u00e0 cigares en loupe de thuya. \u00c9poque Napol\u00e9on III, XIXe si\u00e8cle","_seopress_titles_desc":"Quatre tiroirs \u00e0 cigares, un large tiroir de rangement. Parfait \u00e9tat.","_seopress_robots_index":"","content-type":""},"product_brand":[],"product_cat":[76,114,204],"product_tag":[252,482],"class_list":{"0":"post-99527","1":"product","2":"type-product","3":"status-publish","4":"has-post-thumbnail","6":"product_cat-objets","7":"product_cat-arts-decoratifs","8":"product_cat-boites-etuis-necessaires-coffrets","9":"product_tag-xixe-siecle","10":"product_tag-napoleon-iii","11":"product_shipping_class-niveau-2","13":"first","14":"outofstock","15":"shipping-taxable","16":"purchasable","17":"product-type-simple","18":"add-to-wishlist-after_add_to_cart"},"_links":{"self":[{"href":"https:\/\/pipat-antiquites.fr\/fr\/wp-json\/wp\/v2\/product\/99527","targetHints":{"allow":["GET"]}}],"collection":[{"href":"https:\/\/pipat-antiquites.fr\/fr\/wp-json\/wp\/v2\/product"}],"about":[{"href":"https:\/\/pipat-antiquites.fr\/fr\/wp-json\/wp\/v2\/types\/product"}],"wp:featuredmedia":[{"embeddable":true,"href":"https:\/\/pipat-antiquites.fr\/fr\/wp-json\/wp\/v2\/media\/99519"}],"wp:attachment":[{"href":"https:\/\/pipat-antiquites.fr\/fr\/wp-json\/wp\/v2\/media?parent=99527"}],"wp:term":[{"taxonomy":"product_brand","embeddable":true,"href":"https:\/\/pipat-antiquites.fr\/fr\/wp-json\/wp\/v2\/product_brand?post=99527"},{"taxonomy":"product_cat","embeddable":true,"href":"https:\/\/pipat-antiquites.fr\/fr\/wp-json\/wp\/v2\/product_cat?post=99527"},{"taxonomy":"product_tag","embeddable":true,"href":"https:\/\/pipat-antiquites.fr\/fr\/wp-json\/wp\/v2\/product_tag?post=99527"}],"curies":[{"name":"wp","href":"https:\/\/api.w.org\/{rel}","templated":true}]}}