{"id":99485,"date":"2022-09-16T09:08:07","date_gmt":"2022-09-16T07:08:07","guid":{"rendered":"https:\/\/pipat-antiquites.fr\/?post_type=product&#038;p=99485"},"modified":"2022-09-16T09:11:50","modified_gmt":"2022-09-16T07:11:50","slug":"art-premier-oceanien-os-grave-oceanie-fin-xix-19-siecle","status":"publish","type":"product","link":"https:\/\/pipat-antiquites.fr\/fr\/objets\/art-premier-oceanien-os-grave-oceanie-fin-xix-19-siecle\/","title":{"rendered":"Os grav\u00e9 d\u2019Oc\u00e9anie, fin XIXe si\u00e8cle"},"content":{"rendered":"<div class=\"wpb-content-wrapper\"><p>[vc_row][vc_column column_width_percent=\u00a0\u00bb100&Prime; gutter_size=\u00a0\u00bb3&Prime; override_padding=\u00a0\u00bbyes\u00a0\u00bb column_padding=\u00a0\u00bb3&Prime; overlay_alpha=\u00a0\u00bb50&Prime; shift_x=\u00a0\u00bb0&Prime; shift_y=\u00a0\u00bb0&Prime; shift_y_down=\u00a0\u00bb0&Prime; z_index=\u00a0\u00bb0&Prime; medium_width=\u00a0\u00bb0&Prime; mobile_width=\u00a0\u00bb0&Prime; width=\u00a0\u00bb1\/1&Prime; uncode_shortcode_id=\u00a0\u00bb203676&Prime;][vc_custom_heading text_weight=\u00a0\u00bb300&Prime; uncode_shortcode_id=\u00a0\u00bb143947&Prime;]Os grav\u00e9 d\u2019Oc\u00e9anie, fin XIXe si\u00e8cle[\/vc_custom_heading][vc_column_text uncode_shortcode_id=\u00a0\u00bb435654&Prime;]Os grav\u00e9 d\u2019un personnage et de motifs traditionnels d\u2019Oc\u00e9anie. La partie sup\u00e9rieure a \u00e9t\u00e9 ouvrag\u00e9e et l\u2019objet a peut-\u00eatre servi de dague. Socl\u00e9 avec go\u00fbt. Tr\u00e8s bon \u00e9tat.<span class=\"Apple-converted-space\">\u00a0<\/span><\/p>\n<p>Ref. Objet : B<\/p>\n<ul>\n<li>Prix de livraison en France m\u00e9tropolitaine : 15\u20ac<\/li>\n<li>Prix de livraison en Europe : 35\u20ac<\/li>\n<li>Prix de livraison autres destination : 55\u20ac<\/li>\n<\/ul>\n<p>[\/vc_column_text][\/vc_column][\/vc_row]<\/p>\n<\/div>","protected":false},"excerpt":{"rendered":"<p style=\"text-align: center;\">Art premier oc\u00e9anien grav\u00e9 de motifs traditionnels.<\/p>\n<p style=\"text-align: center;\">Dimensions :<\/p>\n<ul style=\"text-align: center;\">\n<li>Hauteur : 17,5 cm<\/li>\n<li>Largeur : 3 cm<\/li>\n<li>Profondeur : 4,5 cm<\/li>\n<\/ul>\n<p style=\"text-align: center;\">Dimensions avec socle :<\/p>\n<ul>\n<li style=\"text-align: center;\">Hauteur : 18 cm<\/li>\n<li style=\"text-align: center;\">Largeur : 5 cm<\/li>\n<li style=\"text-align: center;\">Profondeur : 5 cm<\/li>\n<\/ul>\n","protected":false},"featured_media":99479,"template":"","meta":{"_seopress_robots_primary_cat":"none","_seopress_titles_title":"Os grav\u00e9 d\u2019Oc\u00e9anie, fin XIXe si\u00e8cle","_seopress_titles_desc":"Art premier oc\u00e9anien grav\u00e9 de motifs traditionnels.","_seopress_robots_index":"","content-type":""},"product_brand":[],"product_cat":[76,118,229,231],"product_tag":[252],"class_list":{"0":"post-99485","1":"product","2":"type-product","3":"status-publish","4":"has-post-thumbnail","6":"product_cat-objets","7":"product_cat-objets-de-collection","8":"product_cat-arts-premiers","9":"product_cat-objets-de-curiosite","10":"product_tag-xixe-siecle","11":"product_shipping_class-niveau-1","13":"first","14":"instock","15":"shipping-taxable","16":"purchasable","17":"product-type-simple","18":"add-to-wishlist-after_add_to_cart"},"_links":{"self":[{"href":"https:\/\/pipat-antiquites.fr\/fr\/wp-json\/wp\/v2\/product\/99485","targetHints":{"allow":["GET"]}}],"collection":[{"href":"https:\/\/pipat-antiquites.fr\/fr\/wp-json\/wp\/v2\/product"}],"about":[{"href":"https:\/\/pipat-antiquites.fr\/fr\/wp-json\/wp\/v2\/types\/product"}],"wp:featuredmedia":[{"embeddable":true,"href":"https:\/\/pipat-antiquites.fr\/fr\/wp-json\/wp\/v2\/media\/99479"}],"wp:attachment":[{"href":"https:\/\/pipat-antiquites.fr\/fr\/wp-json\/wp\/v2\/media?parent=99485"}],"wp:term":[{"taxonomy":"product_brand","embeddable":true,"href":"https:\/\/pipat-antiquites.fr\/fr\/wp-json\/wp\/v2\/product_brand?post=99485"},{"taxonomy":"product_cat","embeddable":true,"href":"https:\/\/pipat-antiquites.fr\/fr\/wp-json\/wp\/v2\/product_cat?post=99485"},{"taxonomy":"product_tag","embeddable":true,"href":"https:\/\/pipat-antiquites.fr\/fr\/wp-json\/wp\/v2\/product_tag?post=99485"}],"curies":[{"name":"wp","href":"https:\/\/api.w.org\/{rel}","templated":true}]}}