{"id":99251,"date":"2018-09-05T20:06:12","date_gmt":"2018-09-05T18:06:12","guid":{"rendered":"https:\/\/pipat-antiquites.fr\/?post_type=product&#038;p=99251"},"modified":"2022-09-08T17:16:00","modified_gmt":"2022-09-08T15:16:00","slug":"deux-lampes-vintage-paquebot-en-bois-et-metal-dore-xx-20-siecle","status":"publish","type":"product","link":"https:\/\/pipat-antiquites.fr\/fr\/objets\/deux-lampes-vintage-paquebot-en-bois-et-metal-dore-xx-20-siecle\/","title":{"rendered":"Deux lampes vintage en bois et m\u00e9tal dor\u00e9, XXe si\u00e8cle"},"content":{"rendered":"<div class=\"wpb-content-wrapper\"><p>[vc_row][vc_column column_width_percent=\u00a0\u00bb100&Prime; gutter_size=\u00a0\u00bb3&Prime; override_padding=\u00a0\u00bbyes\u00a0\u00bb column_padding=\u00a0\u00bb3&Prime; overlay_alpha=\u00a0\u00bb50&Prime; shift_x=\u00a0\u00bb0&Prime; shift_y=\u00a0\u00bb0&Prime; shift_y_down=\u00a0\u00bb0&Prime; z_index=\u00a0\u00bb0&Prime; medium_width=\u00a0\u00bb0&Prime; mobile_width=\u00a0\u00bb0&Prime; width=\u00a0\u00bb1\/1&Prime; uncode_shortcode_id=\u00a0\u00bb174939&Prime;][vc_custom_heading text_weight=\u00a0\u00bb300&Prime; uncode_shortcode_id=\u00a0\u00bb563858&Prime;]Deux lampes vintage en bois et m\u00e9tal dor\u00e9, XXe si\u00e8cle[\/vc_custom_heading][vc_column_text uncode_shortcode_id=\u00a0\u00bb208644&Prime;]Vendues \u00e0 l\u2019unit\u00e9, ces lampes ont de quoi s\u00e9duire aussi bien les amateurs de mobilier classique que ceux qui s\u2019enthousiasment pour l\u2019art moderne ! Avec leur \u00e9l\u00e9gant pied en bois fonc\u00e9 rehauss\u00e9 d\u2019un abat-jour en m\u00e9tal dor\u00e9, ces lampes conviennent aussi bien \u00e0 un bureau qu\u2019\u00e0 un salon. Elles tamisent joliment l\u2019ambiance et leur allure sobre dans le go\u00fbt des lampes paquebots leur permet de s\u2019adapter \u00e0 toutes sortes d\u2019int\u00e9rieurs, classiques ou modernes. Tr\u00e8s bon \u00e9tat.[\/vc_column_text][\/vc_column][\/vc_row]<\/p>\n<\/div>","protected":false},"excerpt":{"rendered":"<p style=\"text-align: center;\">Deux lampes vendues de style Paquebot, vendues \u00e0 l&rsquo;unit\u00e9.<\/p>\n<p style=\"text-align: center;\">Dimensions :<\/p>\n<ul>\n<li style=\"text-align: center;\">Hauteur : 52 cm<\/li>\n<li style=\"text-align: center;\">Diam\u00e8tre : 36 cm<\/li>\n<\/ul>\n","protected":false},"featured_media":99245,"template":"","meta":{"_seopress_robots_primary_cat":"none","_seopress_titles_title":"Deux lampes vintage en bois et m\u00e9tal dor\u00e9, XXe si\u00e8cle","_seopress_titles_desc":"Deux lampes vendues de style Paquebot, vendues \u00e0 l&#039;unit\u00e9.","_seopress_robots_index":"","content-type":""},"product_brand":[],"product_cat":[72,124,175],"product_tag":[263],"class_list":{"0":"post-99251","1":"product","2":"type-product","3":"status-publish","4":"has-post-thumbnail","6":"product_cat-luminaires","7":"product_cat-luminaires-anciens","8":"product_cat-lampes-a-poser-luminaires-anciens","9":"product_tag-xxe-siecle","10":"product_shipping_class-niveau-5","12":"first","13":"outofstock","14":"shipping-taxable","15":"purchasable","16":"product-type-simple","17":"add-to-wishlist-after_add_to_cart"},"_links":{"self":[{"href":"https:\/\/pipat-antiquites.fr\/fr\/wp-json\/wp\/v2\/product\/99251","targetHints":{"allow":["GET"]}}],"collection":[{"href":"https:\/\/pipat-antiquites.fr\/fr\/wp-json\/wp\/v2\/product"}],"about":[{"href":"https:\/\/pipat-antiquites.fr\/fr\/wp-json\/wp\/v2\/types\/product"}],"wp:featuredmedia":[{"embeddable":true,"href":"https:\/\/pipat-antiquites.fr\/fr\/wp-json\/wp\/v2\/media\/99245"}],"wp:attachment":[{"href":"https:\/\/pipat-antiquites.fr\/fr\/wp-json\/wp\/v2\/media?parent=99251"}],"wp:term":[{"taxonomy":"product_brand","embeddable":true,"href":"https:\/\/pipat-antiquites.fr\/fr\/wp-json\/wp\/v2\/product_brand?post=99251"},{"taxonomy":"product_cat","embeddable":true,"href":"https:\/\/pipat-antiquites.fr\/fr\/wp-json\/wp\/v2\/product_cat?post=99251"},{"taxonomy":"product_tag","embeddable":true,"href":"https:\/\/pipat-antiquites.fr\/fr\/wp-json\/wp\/v2\/product_tag?post=99251"}],"curies":[{"name":"wp","href":"https:\/\/api.w.org\/{rel}","templated":true}]}}