{"id":99232,"date":"2022-09-05T10:09:11","date_gmt":"2022-09-05T08:09:11","guid":{"rendered":"https:\/\/pipat-antiquites.fr\/?post_type=product&#038;p=99232"},"modified":"2022-09-05T10:21:18","modified_gmt":"2022-09-05T08:21:18","slug":"thermometre-en-bronze-restauration-portrait-faune-xix-19-siecle","status":"publish","type":"product","link":"https:\/\/pipat-antiquites.fr\/fr\/objets\/thermometre-en-bronze-restauration-portrait-faune-xix-19-siecle\/","title":{"rendered":"Thermom\u00e8tre en bronze. Restauration, XIXe si\u00e8cle"},"content":{"rendered":"<div class=\"wpb-content-wrapper\"><p>[vc_row][vc_column column_width_percent=\u00a0\u00bb100&Prime; gutter_size=\u00a0\u00bb3&Prime; override_padding=\u00a0\u00bbyes\u00a0\u00bb column_padding=\u00a0\u00bb3&Prime; overlay_alpha=\u00a0\u00bb50&Prime; shift_x=\u00a0\u00bb0&Prime; shift_y=\u00a0\u00bb0&Prime; shift_y_down=\u00a0\u00bb0&Prime; z_index=\u00a0\u00bb0&Prime; medium_width=\u00a0\u00bb0&Prime; mobile_width=\u00a0\u00bb0&Prime; width=\u00a0\u00bb1\/1&Prime; uncode_shortcode_id=\u00a0\u00bb116278&Prime;][vc_custom_heading text_weight=\u00a0\u00bb300&Prime; uncode_shortcode_id=\u00a0\u00bb538421&Prime;]Thermom\u00e8tre en bronze. Restauration, XIXe si\u00e8cle <span class=\"Apple-converted-space\">\u00a0<\/span>[\/vc_custom_heading][vc_column_text uncode_shortcode_id=\u00a0\u00bb193425&Prime;]Ce Faune narquois s\u2019amusa sans doute longtemps de voir la temp\u00e9rature monter. Le mercure manquant au thermom\u00e8tre ne l\u2019a \u00e9videmment pas attrist\u00e9 : qu\u2019il fasse chaud ou froid, les Faunes trouvent toujours l\u2019objet d\u2019un nouvel amusement ! D\u2019autant que ce caract\u00e8re de leur personnalit\u00e9 est ici magnifiquement rendu. Le model\u00e9 du visage, les bouches des cheveux et de la barbe ne sont que davantage mis en valeur par cette couronne de pampres tr\u00e8s finement cisel\u00e9e. Le buste repose sur le corps gradu\u00e9 du thermom\u00e8tre en bronze dor\u00e9, couronn\u00e9 d\u2019un drap\u00e9. L\u2019ensemble est remarquablement ex\u00e9cut\u00e9 et en tr\u00e8s bon \u00e9tat.<\/p>\n<ul>\n<li>Prix de livraison en France m\u00e9tropolitaine : 35\u20ac<\/li>\n<li>Prix de livraison en Europe : 55\u20ac<\/li>\n<li>Prix de livraison autres destination : 75\u20ac<\/li>\n<\/ul>\n<p>[\/vc_column_text][\/vc_column][\/vc_row]<\/p>\n<\/div>","protected":false},"excerpt":{"rendered":"<p style=\"text-align: center;\">Tr\u00e8s belle qualit\u00e9 de sculpture, mercure manquant.<\/p>\n<p style=\"text-align: center;\">Dimensions :<\/p>\n<ul>\n<li style=\"text-align: center;\">Hauteur : 33 cm<\/li>\n<li style=\"text-align: center;\">Largeur : 9.8 cm<\/li>\n<li style=\"text-align: center;\">Profondeur : 9.8 cm<span class=\"Apple-converted-space\">\u00a0<\/span><\/li>\n<\/ul>\n","protected":false},"featured_media":99228,"template":"","meta":{"_seopress_robots_primary_cat":"none","_seopress_titles_title":"Thermom\u00e8tre en bronze. Restauration, XIXe si\u00e8cle  ","_seopress_titles_desc":"Tr\u00e8s belle qualit\u00e9 de sculpture, mercure manquant.","_seopress_robots_index":"","content-type":""},"product_brand":[],"product_cat":[76,118,275],"product_tag":[150,252,274],"class_list":{"0":"post-99232","1":"product","2":"type-product","3":"status-publish","4":"has-post-thumbnail","6":"product_cat-objets","7":"product_cat-objets-de-collection","8":"product_cat-objets-scientifiques","9":"product_tag-bronze","10":"product_tag-xixe-siecle","11":"product_tag-bronze-dore","12":"product_shipping_class-niveau-2","14":"first","15":"instock","16":"shipping-taxable","17":"purchasable","18":"product-type-simple","19":"add-to-wishlist-after_add_to_cart"},"_links":{"self":[{"href":"https:\/\/pipat-antiquites.fr\/fr\/wp-json\/wp\/v2\/product\/99232","targetHints":{"allow":["GET"]}}],"collection":[{"href":"https:\/\/pipat-antiquites.fr\/fr\/wp-json\/wp\/v2\/product"}],"about":[{"href":"https:\/\/pipat-antiquites.fr\/fr\/wp-json\/wp\/v2\/types\/product"}],"wp:featuredmedia":[{"embeddable":true,"href":"https:\/\/pipat-antiquites.fr\/fr\/wp-json\/wp\/v2\/media\/99228"}],"wp:attachment":[{"href":"https:\/\/pipat-antiquites.fr\/fr\/wp-json\/wp\/v2\/media?parent=99232"}],"wp:term":[{"taxonomy":"product_brand","embeddable":true,"href":"https:\/\/pipat-antiquites.fr\/fr\/wp-json\/wp\/v2\/product_brand?post=99232"},{"taxonomy":"product_cat","embeddable":true,"href":"https:\/\/pipat-antiquites.fr\/fr\/wp-json\/wp\/v2\/product_cat?post=99232"},{"taxonomy":"product_tag","embeddable":true,"href":"https:\/\/pipat-antiquites.fr\/fr\/wp-json\/wp\/v2\/product_tag?post=99232"}],"curies":[{"name":"wp","href":"https:\/\/api.w.org\/{rel}","templated":true}]}}