{"id":98999,"date":"2022-08-12T11:42:41","date_gmt":"2022-08-12T09:42:41","guid":{"rendered":"https:\/\/pipat-antiquites.fr\/?post_type=product&#038;p=98999"},"modified":"2022-08-12T11:54:35","modified_gmt":"2022-08-12T09:54:35","slug":"coupe-en-cristal-bronze-dore-et-socle-en-nacre-xix-19-siecle","status":"publish","type":"product","link":"https:\/\/pipat-antiquites.fr\/fr\/objets\/coupe-en-cristal-bronze-dore-et-socle-en-nacre-xix-19-siecle\/","title":{"rendered":"Coupe en cristal, bronze dor\u00e9 et socle en nacre, XIXe si\u00e8cle"},"content":{"rendered":"<div class=\"wpb-content-wrapper\"><p>[vc_row][vc_column column_width_percent=\u00a0\u00bb100&Prime; gutter_size=\u00a0\u00bb3&Prime; override_padding=\u00a0\u00bbyes\u00a0\u00bb column_padding=\u00a0\u00bb3&Prime; overlay_alpha=\u00a0\u00bb50&Prime; shift_x=\u00a0\u00bb0&Prime; shift_y=\u00a0\u00bb0&Prime; shift_y_down=\u00a0\u00bb0&Prime; z_index=\u00a0\u00bb0&Prime; medium_width=\u00a0\u00bb0&Prime; mobile_width=\u00a0\u00bb0&Prime; width=\u00a0\u00bb1\/1&Prime; uncode_shortcode_id=\u00a0\u00bb282335&Prime;][vc_custom_heading text_weight=\u00a0\u00bb300&Prime; uncode_shortcode_id=\u00a0\u00bb709557&Prime;]Coupe en cristal, bronze dor\u00e9 et socle en nacre, XIXe si\u00e8cle<span class=\"Apple-converted-space\">\u00a0<\/span>[\/vc_custom_heading][vc_column_text uncode_shortcode_id=\u00a0\u00bb654187&Prime;]\u00c0 la mani\u00e8re d\u2019un Atlante, ce putto en bronze dor\u00e9 porte au-dessus de sa t\u00eate une couronne de laurier supportant une coupe en cristal taill\u00e9 opalescent. La boule en bronze dor\u00e9 semble \u00e9voquer un rocher \u00e9mergeant de l\u2019eau, \u00e9voqu\u00e9e par le socle en nacre grav\u00e9e. Le putto, perch\u00e9 avec l\u00e9g\u00e8ret\u00e9, semble pr\u00eat \u00e0 bondir sur le prochain galet. Sur la bordure du socle, une s\u00e9rie de fleurettes est cisel\u00e9e \u00e0 la mani\u00e8re d\u2019un motif guilloch\u00e9. L\u2019ensemble est en parfait \u00e9tat.<\/p>\n<ul>\n<li>Prix de livraison en France m\u00e9tropolitaine : 35\u20ac<\/li>\n<li>Prix de livraison en Europe : 55\u20ac<\/li>\n<li>Prix de livraison autres destination : 75\u20ac<\/li>\n<\/ul>\n<p>[\/vc_column_text][\/vc_column][\/vc_row]<\/p>\n<\/div>","protected":false},"excerpt":{"rendered":"<p style=\"text-align: center;\">Cristal opalescent, nacre grav\u00e9e et bronze dor\u00e9. Parfait \u00e9tat.<\/p>\n<p style=\"text-align: center;\">Dimensions :<\/p>\n<ul>\n<li style=\"text-align: center;\">Hauteur : 21 cm<\/li>\n<li style=\"text-align: center;\">Diam\u00e8tre : 13,5 cm<\/li>\n<\/ul>\n","protected":false},"featured_media":98989,"template":"","meta":{"_seopress_robots_primary_cat":"none","_seopress_titles_title":"Coupe en cristal, bronze dor\u00e9 et socle en nacre, XIXe si\u00e8cle ","_seopress_titles_desc":"Cristal opalescent, nacre grav\u00e9e et bronze dor\u00e9. Parfait \u00e9tat.","_seopress_robots_index":"","content-type":""},"product_brand":[],"product_cat":[76,114,208],"product_tag":[252,274,318],"class_list":{"0":"post-98999","1":"product","2":"type-product","3":"status-publish","4":"has-post-thumbnail","6":"product_cat-objets","7":"product_cat-arts-decoratifs","8":"product_cat-coupes-vasques-et-cassolettes","9":"product_tag-xixe-siecle","10":"product_tag-bronze-dore","11":"product_tag-nacre","12":"product_shipping_class-niveau-2","14":"first","15":"instock","16":"shipping-taxable","17":"purchasable","18":"product-type-simple","19":"add-to-wishlist-after_add_to_cart"},"_links":{"self":[{"href":"https:\/\/pipat-antiquites.fr\/fr\/wp-json\/wp\/v2\/product\/98999","targetHints":{"allow":["GET"]}}],"collection":[{"href":"https:\/\/pipat-antiquites.fr\/fr\/wp-json\/wp\/v2\/product"}],"about":[{"href":"https:\/\/pipat-antiquites.fr\/fr\/wp-json\/wp\/v2\/types\/product"}],"wp:featuredmedia":[{"embeddable":true,"href":"https:\/\/pipat-antiquites.fr\/fr\/wp-json\/wp\/v2\/media\/98989"}],"wp:attachment":[{"href":"https:\/\/pipat-antiquites.fr\/fr\/wp-json\/wp\/v2\/media?parent=98999"}],"wp:term":[{"taxonomy":"product_brand","embeddable":true,"href":"https:\/\/pipat-antiquites.fr\/fr\/wp-json\/wp\/v2\/product_brand?post=98999"},{"taxonomy":"product_cat","embeddable":true,"href":"https:\/\/pipat-antiquites.fr\/fr\/wp-json\/wp\/v2\/product_cat?post=98999"},{"taxonomy":"product_tag","embeddable":true,"href":"https:\/\/pipat-antiquites.fr\/fr\/wp-json\/wp\/v2\/product_tag?post=98999"}],"curies":[{"name":"wp","href":"https:\/\/api.w.org\/{rel}","templated":true}]}}