{"id":98888,"date":"2019-08-05T09:25:45","date_gmt":"2019-08-05T07:25:45","guid":{"rendered":"https:\/\/pipat-antiquites.fr\/?post_type=product&#038;p=98888"},"modified":"2022-11-29T21:28:20","modified_gmt":"2022-11-29T20:28:20","slug":"vue-depuis-un-port-marseille-toulon-huile-sur-toile-signee-andre-verdilhan-1881-1963","status":"publish","type":"product","link":"https:\/\/pipat-antiquites.fr\/fr\/objets\/vue-depuis-un-port-marseille-toulon-huile-sur-toile-signee-andre-verdilhan-1881-1963\/","title":{"rendered":"Vue depuis un port. Huile sur toile sign\u00e9e Andr\u00e9 Verdilhan (1881 &#8211; 1963)"},"content":{"rendered":"<div class=\"wpb-content-wrapper\"><p>[vc_row][vc_column width=\u00a0\u00bb1\/1&Prime;][vc_custom_heading text_weight=\u00a0\u00bb300&Prime; uncode_shortcode_id=\u00a0\u00bb122975&Prime;]Vue depuis un port. Huile sur toile sign\u00e9e Andr\u00e9 Verdilhan (1881 &#8211; 1963)[\/vc_custom_heading][vc_column_text uncode_shortcode_id=\u00a0\u00bb299458&Prime;]Originaire et fid\u00e8le de Marseille toute sa vie, Andr\u00e9 Verdilhan se fait d\u2019abord remarqu\u00e9 comme sculpteur. Ses \u00e9tudes commenc\u00e9es dans la cit\u00e9 phoc\u00e9enne l\u2019am\u00e8nent rapidement \u00e0 emm\u00e9nager \u00e0 Paris et d\u00e8s 1906, alors \u00e2g\u00e9 de 25 ans, il fait ses d\u00e9buts au Salon des ind\u00e9pendants o\u00f9 il pr\u00e9sente un buste de Verlaine. \u00c0 partir de 1913, il pr\u00e9sente, au Salon d\u2019automne et dans plusieurs galeries, un production enrichie de peintures qui lui valent un certain succ\u00e8s. En 1931, il est nomm\u00e9 chevalier dans l\u2019ordre national de la L\u00e9gion d\u2019honneur. Tr\u00e8s li\u00e9 \u00e0 Marseille, son activit\u00e9 portuaire et \u00e0 la f\u00e9d\u00e9ration des syndicats maritimes, il devient peintre du d\u00e9partement de la Marine en 1936 et se voit confi\u00e9 une partie des peintures du prestigieux paquebot Normandie.<span class=\"Apple-converted-space\">\u00a0<\/span><\/p>\n<p>Son fr\u00e8re a\u00een\u00e9, Louis-Mathieu Verdilhan (1875 &#8211; 1928), m\u00e8ne une carri\u00e8re parall\u00e8le \u00e0 celle d\u2019Andr\u00e9, le pr\u00e9c\u00e9dant aussi bien au Salon des ind\u00e9pendants qu\u2019\u00e0 celui d\u2019automne. Si sa notori\u00e9t\u00e9, avant les ann\u00e9es 1930, est moindre que celle de son cadet, Louis-Mathieu Verdilhan n\u2019en demeure pas moins un artiste talentueux. Les fr\u00e8res Verdilhan conna\u00eetront une reconnaissance unanime en Provence et notamment \u00e0 Marseille o\u00f9 la <a href=\"https:\/\/www.museeregardsdeprovence.com\/exposition\/louis-mathieu-et-andre-verdilhan-deux-visages-de-la-modernite-en-provence\">Fondation Regards de Provence<\/a> a organis\u00e9 en 2007 une r\u00e9trospective mettant en regard la carri\u00e8re artistique des deux fr\u00e8res et leur amour pour les ports de Marseille, de Toulon, les marines aussi bien que les paysages de Provence.<span class=\"Apple-converted-space\">\u00a0<\/span><\/p>\n<ul>\n<li>Prix de livraison en France m\u00e9tropolitaine : 55\u20ac<\/li>\n<li>Prix de livraison en Europe : 95\u20ac<\/li>\n<li>Prix de livraison autres destination : 125\u20ac<\/li>\n<\/ul>\n<p>[\/vc_column_text][\/vc_column][\/vc_row]<\/p>\n<\/div>","protected":false},"excerpt":{"rendered":"<p style=\"text-align: center;\">Tableau sign\u00e9 par le peintre du d\u00e9partement de la Marine Andr\u00e9 Verdilhan. Cette vue est tr\u00e8s probablement celle d&rsquo;un port du sud de la France, peut-\u00eatre vers Marseille ou Toulon.<\/p>\n<p style=\"text-align: center;\">Dimensions avec cadre :<\/p>\n<ul style=\"text-align: center;\">\n<li>Hauteur : 54 cm<\/li>\n<li>Largeur : 69 cm<\/li>\n<li>Profondeur : 4 cm<\/li>\n<\/ul>\n<p style=\"text-align: center;\">Dimensions du ch\u00e2ssis :<\/p>\n<ul>\n<li style=\"text-align: center;\">Hauteur : 45,5 cm<\/li>\n<li style=\"text-align: center;\">Largeur : 61 cm<\/li>\n<\/ul>\n","protected":false},"featured_media":98876,"template":"","meta":{"_seopress_robots_primary_cat":"none","_seopress_titles_title":"Vue depuis un port. Huile sur toile sign\u00e9e Andr\u00e9 Verdilhan (1881 - 1963)","_seopress_titles_desc":"Tableau sign\u00e9 par le peintre du d\u00e9partement de la Marine Andr\u00e9 Verdilhan. Cette vue est tr\u00e8s probablement celle d&#039;un port du sud de la France, peut-\u00eatre vers Marseille ou Toulon;","_seopress_robots_index":"","content-type":""},"product_brand":[],"product_cat":[77,121,179],"product_tag":[263],"class_list":{"0":"post-98888","1":"product","2":"type-product","3":"status-publish","4":"has-post-thumbnail","6":"product_cat-beaux-arts","7":"product_cat-peintures-et-tableaux","8":"product_cat-marines","9":"product_tag-xxe-siecle","10":"product_shipping_class-niveau-5","12":"first","13":"outofstock","14":"shipping-taxable","15":"purchasable","16":"product-type-simple","17":"add-to-wishlist-after_add_to_cart"},"_links":{"self":[{"href":"https:\/\/pipat-antiquites.fr\/fr\/wp-json\/wp\/v2\/product\/98888","targetHints":{"allow":["GET"]}}],"collection":[{"href":"https:\/\/pipat-antiquites.fr\/fr\/wp-json\/wp\/v2\/product"}],"about":[{"href":"https:\/\/pipat-antiquites.fr\/fr\/wp-json\/wp\/v2\/types\/product"}],"wp:featuredmedia":[{"embeddable":true,"href":"https:\/\/pipat-antiquites.fr\/fr\/wp-json\/wp\/v2\/media\/98876"}],"wp:attachment":[{"href":"https:\/\/pipat-antiquites.fr\/fr\/wp-json\/wp\/v2\/media?parent=98888"}],"wp:term":[{"taxonomy":"product_brand","embeddable":true,"href":"https:\/\/pipat-antiquites.fr\/fr\/wp-json\/wp\/v2\/product_brand?post=98888"},{"taxonomy":"product_cat","embeddable":true,"href":"https:\/\/pipat-antiquites.fr\/fr\/wp-json\/wp\/v2\/product_cat?post=98888"},{"taxonomy":"product_tag","embeddable":true,"href":"https:\/\/pipat-antiquites.fr\/fr\/wp-json\/wp\/v2\/product_tag?post=98888"}],"curies":[{"name":"wp","href":"https:\/\/api.w.org\/{rel}","templated":true}]}}