{"id":98812,"date":"2019-08-02T16:06:28","date_gmt":"2019-08-02T14:06:28","guid":{"rendered":"https:\/\/pipat-antiquites.fr\/?post_type=product&#038;p=98812"},"modified":"2023-03-28T20:31:07","modified_gmt":"2023-03-28T18:31:07","slug":"vitrine-napoleon-iii-xixe-siecle","status":"publish","type":"product","link":"https:\/\/pipat-antiquites.fr\/fr\/objets\/vitrine-napoleon-iii-xixe-siecle\/","title":{"rendered":"Vitrine Napol\u00e9on III, XIXe si\u00e8cle"},"content":{"rendered":"<div class=\"wpb-content-wrapper\"><p>[vc_row][vc_column column_width_percent=\u00a0\u00bb100&Prime; gutter_size=\u00a0\u00bb3&Prime; override_padding=\u00a0\u00bbyes\u00a0\u00bb column_padding=\u00a0\u00bb3&Prime; overlay_alpha=\u00a0\u00bb50&Prime; shift_x=\u00a0\u00bb0&Prime; shift_y=\u00a0\u00bb0&Prime; shift_y_down=\u00a0\u00bb0&Prime; z_index=\u00a0\u00bb0&Prime; medium_width=\u00a0\u00bb0&Prime; mobile_width=\u00a0\u00bb0&Prime; width=\u00a0\u00bb1\/1&Prime; uncode_shortcode_id=\u00a0\u00bb123864&Prime;][vc_custom_heading text_weight=\u00a0\u00bb300&Prime; uncode_shortcode_id=\u00a0\u00bb339135&Prime;]Vitrine Napol\u00e9on III, XIXe si\u00e8cle<span class=\"Apple-converted-space\">\u00a0<\/span>[\/vc_custom_heading][vc_column_text uncode_shortcode_id=\u00a0\u00bb158112&Prime;]Perch\u00e9e sur ses pieds chauss\u00e9s de sabots en bronze dor\u00e9, cette vitrine imagin\u00e9e dans un style Louis XV pimpant est l\u2019\u0153uvre d\u2019une \u00e9poque qui, sous le r\u00e8gne de Napol\u00e9on III, semble nostalgique des styles qui ont forg\u00e9 le patrimoine fran\u00e7ais avant la R\u00e9volution.<span class=\"Apple-converted-space\">\u00a0<\/span><\/p>\n<p>Toutes les caract\u00e9ristiques flamboyantes du style rococo et galant sont ici magnifi\u00e9es pour donner un mouvement \u00e9lanc\u00e9 et joyeux \u00e0 cette vitrine.<\/p>\n<p>Le plateau de marbre couronne ainsi une porte mouvement\u00e9e au profil en arbal\u00e8te. Montants et ceintures sont relev\u00e9s de bronzes dor\u00e9s finement cisel\u00e9s. Quatre \u00e9tag\u00e8res couvertes de velours rouge am\u00e9nagent quatre espaces pour exposer collections d\u2019objets ou vaisselle. Le dernier espace est quant \u00e0 lui dissimul\u00e9 par le panneau inf\u00e9rieur de la porte, lui-m\u00eame orn\u00e9 d\u2019un panneau peint d\u2019une sc\u00e8ne galante. Cette fantaisie est reconduite sur les c\u00f4t\u00e9s bas de la vitrine. L\u2019ensemble est en tr\u00e8s bon \u00e9tat.[\/vc_column_text][\/vc_column][\/vc_row]<\/p>\n<\/div>","protected":false},"excerpt":{"rendered":"<p style=\"text-align: center;\">Marqueterie, bronze dor\u00e9 et cisel\u00e9, huiles sur panneaux et plateau de marbre. Int\u00e9rieur de velours rouge. Tr\u00e8s bon \u00e9tat.<\/p>\n<p style=\"text-align: center;\">Dimensions :<\/p>\n<ul>\n<li style=\"text-align: center;\">Hauteur : 156.5 cm<\/li>\n<li style=\"text-align: center;\">Largeur : 47 cm<\/li>\n<li style=\"text-align: center;\">Profondeur : 85 cm<\/li>\n<\/ul>\n","protected":false},"featured_media":98804,"template":"","meta":{"_seopress_robots_primary_cat":"none","_seopress_titles_title":"Vitrine Napol\u00e9on III, XIXe si\u00e8cle ","_seopress_titles_desc":"Marqueterie, bronze dor\u00e9 et cisel\u00e9, huiles sur panneaux et plateau de marbre. Int\u00e9rieur de velours rouge. Tr\u00e8s bon \u00e9tat.","_seopress_robots_index":"","content-type":""},"product_brand":[],"product_cat":[139,15,106],"product_tag":[440,482],"class_list":{"0":"post-98812","1":"product","2":"type-product","3":"status-publish","4":"has-post-thumbnail","6":"product_cat-vitrines-et-etageres","7":"product_cat-non-classe","8":"product_cat-meubles","9":"product_tag-louis-xv","10":"product_tag-napoleon-iii","12":"first","13":"outofstock","14":"shipping-taxable","15":"purchasable","16":"product-type-simple","17":"add-to-wishlist-after_add_to_cart"},"_links":{"self":[{"href":"https:\/\/pipat-antiquites.fr\/fr\/wp-json\/wp\/v2\/product\/98812","targetHints":{"allow":["GET"]}}],"collection":[{"href":"https:\/\/pipat-antiquites.fr\/fr\/wp-json\/wp\/v2\/product"}],"about":[{"href":"https:\/\/pipat-antiquites.fr\/fr\/wp-json\/wp\/v2\/types\/product"}],"wp:featuredmedia":[{"embeddable":true,"href":"https:\/\/pipat-antiquites.fr\/fr\/wp-json\/wp\/v2\/media\/98804"}],"wp:attachment":[{"href":"https:\/\/pipat-antiquites.fr\/fr\/wp-json\/wp\/v2\/media?parent=98812"}],"wp:term":[{"taxonomy":"product_brand","embeddable":true,"href":"https:\/\/pipat-antiquites.fr\/fr\/wp-json\/wp\/v2\/product_brand?post=98812"},{"taxonomy":"product_cat","embeddable":true,"href":"https:\/\/pipat-antiquites.fr\/fr\/wp-json\/wp\/v2\/product_cat?post=98812"},{"taxonomy":"product_tag","embeddable":true,"href":"https:\/\/pipat-antiquites.fr\/fr\/wp-json\/wp\/v2\/product_tag?post=98812"}],"curies":[{"name":"wp","href":"https:\/\/api.w.org\/{rel}","templated":true}]}}