{"id":98689,"date":"2018-07-22T12:08:00","date_gmt":"2018-07-22T10:08:00","guid":{"rendered":"https:\/\/pipat-antiquites.fr\/?post_type=product&#038;p=98689"},"modified":"2023-03-02T08:15:55","modified_gmt":"2023-03-02T07:15:55","slug":"paire-aiguieres-en-bronze-patine-bronze-dore-depoque-restauration-charles-x-10","status":"publish","type":"product","link":"https:\/\/pipat-antiquites.fr\/fr\/objets\/paire-aiguieres-en-bronze-patine-bronze-dore-depoque-restauration-charles-x-10\/","title":{"rendered":"Paire d\u2019aigui\u00e8res en bronze d\u2019\u00e9poque Restauration &#8211; Charles X"},"content":{"rendered":"<div class=\"wpb-content-wrapper\"><p>[vc_row][vc_column column_width_percent=\u00a0\u00bb100&Prime; gutter_size=\u00a0\u00bb3&Prime; override_padding=\u00a0\u00bbyes\u00a0\u00bb column_padding=\u00a0\u00bb3&Prime; overlay_alpha=\u00a0\u00bb50&Prime; shift_x=\u00a0\u00bb0&Prime; shift_y=\u00a0\u00bb0&Prime; shift_y_down=\u00a0\u00bb0&Prime; z_index=\u00a0\u00bb0&Prime; medium_width=\u00a0\u00bb0&Prime; mobile_width=\u00a0\u00bb0&Prime; width=\u00a0\u00bb1\/1&Prime; uncode_shortcode_id=\u00a0\u00bb186442&Prime;][vc_custom_heading text_weight=\u00a0\u00bb300&Prime; uncode_shortcode_id=\u00a0\u00bb167360&Prime;]Paire d\u2019aigui\u00e8res en bronze d\u2019\u00e9poque Restauration &#8211; Charles X <span class=\"Apple-converted-space\">\u00a0<\/span>[\/vc_custom_heading][vc_column_text uncode_shortcode_id=\u00a0\u00bb184252&Prime;]Des anses \u00e0 forme de monstres canins en bronze dor\u00e9 reposant sur des figures d\u2019homme barbu, des mascarons d\u2019un m\u00eame genre sous les becs des aigui\u00e8res, des cols cannel\u00e9s orn\u00e9s de postes et des panses rythm\u00e9es d\u2019entrelacs et de feuilles perl\u00e9es, tout ce vocabulaire d\u00e9coratif puisant dans la palette artistique des trois styles pr\u00e9c\u00e9dents indique sans doute possible cr\u00e9ation de bronzier de la Restauration.<span class=\"Apple-converted-space\">\u00a0<\/span><\/p>\n<p>Avec ce go\u00fbt caract\u00e9ristique pour les objets d\u2019art d\u00e9coratif m\u00ealant bronze patin\u00e9 et bronze dor\u00e9, ces aigui\u00e8res jouent le contraste, favorisant la lecture de la bande dor\u00e9e rehaussant chaque panse. Sur ces espaces, des m\u00e9daillons de portraits \u00e0 l\u2019antique et des motifs \u00e9trusques rythment l\u2019objet et l\u2019enrichissent pour lui donner toute son allure.<span class=\"Apple-converted-space\">\u00a0<\/span><\/p>\n<p>L\u2019ensemble en parfait \u00e9tat repose sur les pi\u00e9douches orn\u00e9s de feuilles d\u2019eau et de godrons.<\/p>\n<ul>\n<li>Prix de livraison en France m\u00e9tropolitaine : 75\u20ac<\/li>\n<li>Prix de livraison en Europe : 115\u20ac<\/li>\n<li>Prix de livraison autres destination : 175\u20ac<\/li>\n<\/ul>\n<p>[\/vc_column_text][\/vc_column][\/vc_row]<\/p>\n<\/div>","protected":false},"excerpt":{"rendered":"<p style=\"text-align: center;\">Paire d&rsquo;aigui\u00e8res en parfait \u00e9tat en bronze patin\u00e9 et bronze dor\u00e9.<\/p>\n<p style=\"text-align: center;\">Dimensions :<\/p>\n<ul>\n<li style=\"text-align: center;\">Hauteur : 32 cm<\/li>\n<li style=\"text-align: center;\">Largeur : environ 14 cm<\/li>\n<li style=\"text-align: center;\">Profondeur : 18 cm<\/li>\n<\/ul>\n<p>&nbsp;<\/p>\n","protected":false},"featured_media":98679,"template":"","meta":{"_seopress_robots_primary_cat":"none","_seopress_titles_title":"Paire d\u2019aigui\u00e8res en bronze d\u2019\u00e9poque Restauration - Charles X  ","_seopress_titles_desc":"Paire d&#039;aigui\u00e8res en parfait \u00e9tat en bronze patin\u00e9 et bronze dor\u00e9;","_seopress_robots_index":"","content-type":""},"product_brand":[],"product_cat":[76,114,208],"product_tag":[252,294,572],"class_list":{"0":"post-98689","1":"product","2":"type-product","3":"status-publish","4":"has-post-thumbnail","6":"product_cat-objets","7":"product_cat-arts-decoratifs","8":"product_cat-coupes-vasques-et-cassolettes","9":"product_tag-xixe-siecle","10":"product_tag-restauration","11":"product_tag-charles-x","12":"product_shipping_class-niveau-3","14":"first","15":"outofstock","16":"shipping-taxable","17":"purchasable","18":"product-type-simple","19":"add-to-wishlist-after_add_to_cart"},"_links":{"self":[{"href":"https:\/\/pipat-antiquites.fr\/fr\/wp-json\/wp\/v2\/product\/98689","targetHints":{"allow":["GET"]}}],"collection":[{"href":"https:\/\/pipat-antiquites.fr\/fr\/wp-json\/wp\/v2\/product"}],"about":[{"href":"https:\/\/pipat-antiquites.fr\/fr\/wp-json\/wp\/v2\/types\/product"}],"wp:featuredmedia":[{"embeddable":true,"href":"https:\/\/pipat-antiquites.fr\/fr\/wp-json\/wp\/v2\/media\/98679"}],"wp:attachment":[{"href":"https:\/\/pipat-antiquites.fr\/fr\/wp-json\/wp\/v2\/media?parent=98689"}],"wp:term":[{"taxonomy":"product_brand","embeddable":true,"href":"https:\/\/pipat-antiquites.fr\/fr\/wp-json\/wp\/v2\/product_brand?post=98689"},{"taxonomy":"product_cat","embeddable":true,"href":"https:\/\/pipat-antiquites.fr\/fr\/wp-json\/wp\/v2\/product_cat?post=98689"},{"taxonomy":"product_tag","embeddable":true,"href":"https:\/\/pipat-antiquites.fr\/fr\/wp-json\/wp\/v2\/product_tag?post=98689"}],"curies":[{"name":"wp","href":"https:\/\/api.w.org\/{rel}","templated":true}]}}