{"id":98674,"date":"2022-07-22T10:58:27","date_gmt":"2022-07-22T08:58:27","guid":{"rendered":"https:\/\/pipat-antiquites.fr\/?post_type=product&#038;p=98674"},"modified":"2022-09-13T18:03:46","modified_gmt":"2022-09-13T16:03:46","slug":"miroir-en-bois-dore-style-louis-xv-15-xix-19-siecle","status":"publish","type":"product","link":"https:\/\/pipat-antiquites.fr\/fr\/objets\/miroir-en-bois-dore-style-louis-xv-15-xix-19-siecle\/","title":{"rendered":"Miroir en bois dor\u00e9, XIXe si\u00e8cle"},"content":{"rendered":"<div class=\"wpb-content-wrapper\"><p>[vc_row][vc_column column_width_percent=\u00a0\u00bb100&Prime; gutter_size=\u00a0\u00bb3&Prime; override_padding=\u00a0\u00bbyes\u00a0\u00bb column_padding=\u00a0\u00bb3&Prime; overlay_alpha=\u00a0\u00bb50&Prime; shift_x=\u00a0\u00bb0&Prime; shift_y=\u00a0\u00bb0&Prime; shift_y_down=\u00a0\u00bb0&Prime; z_index=\u00a0\u00bb0&Prime; medium_width=\u00a0\u00bb0&Prime; mobile_width=\u00a0\u00bb0&Prime; width=\u00a0\u00bb1\/1&Prime; uncode_shortcode_id=\u00a0\u00bb847996&Prime;][vc_custom_heading text_weight=\u00a0\u00bb300&Prime; uncode_shortcode_id=\u00a0\u00bb129538&Prime;]Miroir en bois dor\u00e9, XIXe si\u00e8cle<span class=\"Apple-converted-space\">\u00a0<\/span>[\/vc_custom_heading][vc_column_text uncode_shortcode_id=\u00a0\u00bb170963&Prime;]Garni de boutons de roses et de lierre grimpant, ce beau miroir de style Louis XV brille d\u2019une joie toute estivale. La glace, couronn\u00e9e d\u2019un panier de raisins, c\u00e9l\u00e8bre les g\u00e9n\u00e9rosit\u00e9s champ\u00eatres qui accompagnent les moissons et les vendanges. De g\u00e9n\u00e9reux enroulements donnent une belle assise au miroir et structure sa sym\u00e9trie. L\u2019ensemble est en tr\u00e8s bon \u00e9tat et d\u00e9corera avec go\u00fbt une maison de campagne, un ch\u00e2teau ou l\u2019int\u00e9rieur d\u2019un citadin en mal de po\u00e9sie bucolique ![\/vc_column_text][\/vc_column][\/vc_row]<\/p>\n<\/div>","protected":false},"excerpt":{"rendered":"<p style=\"text-align: center;\">Miroir en bois dor\u00e9 de style Louis XV<\/p>\n<p style=\"text-align: center;\">Dimensions :<\/p>\n<ul>\n<li style=\"text-align: center;\">Hauteur : 138 cm<\/li>\n<li style=\"text-align: center;\">Largeur : 85 cm<\/li>\n<li style=\"text-align: center;\">Profondeur : 7 cm<\/li>\n<\/ul>\n","protected":false},"featured_media":98660,"template":"","meta":{"_seopress_robots_primary_cat":"none","_seopress_titles_title":"Miroir en bois dor\u00e9, XIXe si\u00e8cle ","_seopress_titles_desc":"Miroir en bois dor\u00e9 de style Louis XV ","_seopress_robots_index":"","_seopress_analysis_target_kw":"","content-type":""},"product_brand":[],"product_cat":[76,114,213],"product_tag":[245,252],"class_list":{"0":"post-98674","1":"product","2":"type-product","3":"status-publish","4":"has-post-thumbnail","6":"product_cat-objets","7":"product_cat-arts-decoratifs","8":"product_cat-miroirs-et-trumeaux","9":"product_tag-bois-dore","10":"product_tag-xixe-siecle","12":"first","13":"outofstock","14":"shipping-taxable","15":"purchasable","16":"product-type-simple","17":"add-to-wishlist-after_add_to_cart"},"_links":{"self":[{"href":"https:\/\/pipat-antiquites.fr\/fr\/wp-json\/wp\/v2\/product\/98674","targetHints":{"allow":["GET"]}}],"collection":[{"href":"https:\/\/pipat-antiquites.fr\/fr\/wp-json\/wp\/v2\/product"}],"about":[{"href":"https:\/\/pipat-antiquites.fr\/fr\/wp-json\/wp\/v2\/types\/product"}],"wp:featuredmedia":[{"embeddable":true,"href":"https:\/\/pipat-antiquites.fr\/fr\/wp-json\/wp\/v2\/media\/98660"}],"wp:attachment":[{"href":"https:\/\/pipat-antiquites.fr\/fr\/wp-json\/wp\/v2\/media?parent=98674"}],"wp:term":[{"taxonomy":"product_brand","embeddable":true,"href":"https:\/\/pipat-antiquites.fr\/fr\/wp-json\/wp\/v2\/product_brand?post=98674"},{"taxonomy":"product_cat","embeddable":true,"href":"https:\/\/pipat-antiquites.fr\/fr\/wp-json\/wp\/v2\/product_cat?post=98674"},{"taxonomy":"product_tag","embeddable":true,"href":"https:\/\/pipat-antiquites.fr\/fr\/wp-json\/wp\/v2\/product_tag?post=98674"}],"curies":[{"name":"wp","href":"https:\/\/api.w.org\/{rel}","templated":true}]}}