{"id":98535,"date":"2019-06-27T12:50:27","date_gmt":"2019-06-27T10:50:27","guid":{"rendered":"https:\/\/pipat-antiquites.fr\/?post_type=product&#038;p=98535"},"modified":"2022-07-29T08:59:27","modified_gmt":"2022-07-29T06:59:27","slug":"petite-commode-demi-lune-style-louis-xvi-16-xix-19-siecle","status":"publish","type":"product","link":"https:\/\/pipat-antiquites.fr\/fr\/objets\/petite-commode-demi-lune-style-louis-xvi-16-xix-19-siecle\/","title":{"rendered":"Petite commode demi-lune. Style Louis XVI, XIXe si\u00e8cle"},"content":{"rendered":"<div class=\"wpb-content-wrapper\"><p>[vc_row][vc_column column_width_percent=\u00a0\u00bb100&Prime; gutter_size=\u00a0\u00bb3&Prime; override_padding=\u00a0\u00bbyes\u00a0\u00bb column_padding=\u00a0\u00bb3&Prime; overlay_alpha=\u00a0\u00bb50&Prime; shift_x=\u00a0\u00bb0&Prime; shift_y=\u00a0\u00bb0&Prime; shift_y_down=\u00a0\u00bb0&Prime; z_index=\u00a0\u00bb0&Prime; medium_width=\u00a0\u00bb0&Prime; mobile_width=\u00a0\u00bb0&Prime; width=\u00a0\u00bb1\/1&Prime; uncode_shortcode_id=\u00a0\u00bb941506&Prime;][vc_custom_heading text_weight=\u00a0\u00bb300&Prime; uncode_shortcode_id=\u00a0\u00bb648215&Prime;]Petite commode demi-lune. Style Louis XVI, XIXe si\u00e8cle<span class=\"Apple-converted-space\">\u00a0<\/span>[\/vc_custom_heading][vc_column_text uncode_shortcode_id=\u00a0\u00bb351930&Prime;]Cette ravissante petite commode poss\u00e8de tout le charme du style Louis XVI mais date pourtant du XIXe si\u00e8cle. On admire pourtant sa marqueterie soign\u00e9e et proposant une all\u00e9gorie de la musique et son beau marbre blanc vein\u00e9 d\u2019un noir bleut\u00e9 tr\u00e8s \u00e9l\u00e9gant. Les chutes d\u2019angles en bronze dor\u00e9 \u00e0 t\u00eate de b\u00e9lier sont un rappel \u00e0 la laiterie de la reine \u00e0 Rambouillet et les poign\u00e9es de tirage et serrures sont joliment cisel\u00e9es dans le go\u00fbt n\u00e9oclassique. L\u2019ensemble est en tr\u00e8s bon \u00e9tat.[\/vc_column_text][\/vc_column][\/vc_row]<\/p>\n<\/div>","protected":false},"excerpt":{"rendered":"<p style=\"text-align: center;\">Petite commode marquet\u00e9e \u00e0 plateau de marbre blanc, chutes d&rsquo;angles, poign\u00e9es de tirage et serrures en bronze dor\u00e9 et cisel\u00e9. Tr\u00e8s bon \u00e9tat.<\/p>\n<p style=\"text-align: center;\">Dimensions :<\/p>\n<ul>\n<li style=\"text-align: center;\">Hauteur : 84 cm<\/li>\n<li style=\"text-align: center;\">Largeur : 66 cm<\/li>\n<li style=\"text-align: center;\">Profondeur : 33.5 cm<\/li>\n<\/ul>\n","protected":false},"featured_media":98523,"template":"","meta":{"_seopress_robots_primary_cat":"none","_seopress_titles_title":"Petite commode demi-lune. Style Louis XVI, XIXe si\u00e8cle ","_seopress_titles_desc":"Petite commode marquet\u00e9e \u00e0 plateau de marbre blanc, chutes d&#039;angles, poign\u00e9es de tirage et serrures en bronze dor\u00e9 et cisel\u00e9. Tr\u00e8s bon \u00e9tat.\r\n","_seopress_robots_index":"","content-type":""},"product_brand":[],"product_cat":[69,106,131],"product_tag":[252,525],"class_list":{"0":"post-98535","1":"product","2":"type-product","3":"status-publish","4":"has-post-thumbnail","6":"product_cat-mobilier","7":"product_cat-meubles","8":"product_cat-commodes","9":"product_tag-xixe-siecle","10":"product_tag-louis-xvi","12":"first","13":"outofstock","14":"shipping-taxable","15":"purchasable","16":"product-type-simple","17":"add-to-wishlist-after_add_to_cart"},"_links":{"self":[{"href":"https:\/\/pipat-antiquites.fr\/fr\/wp-json\/wp\/v2\/product\/98535","targetHints":{"allow":["GET"]}}],"collection":[{"href":"https:\/\/pipat-antiquites.fr\/fr\/wp-json\/wp\/v2\/product"}],"about":[{"href":"https:\/\/pipat-antiquites.fr\/fr\/wp-json\/wp\/v2\/types\/product"}],"wp:featuredmedia":[{"embeddable":true,"href":"https:\/\/pipat-antiquites.fr\/fr\/wp-json\/wp\/v2\/media\/98523"}],"wp:attachment":[{"href":"https:\/\/pipat-antiquites.fr\/fr\/wp-json\/wp\/v2\/media?parent=98535"}],"wp:term":[{"taxonomy":"product_brand","embeddable":true,"href":"https:\/\/pipat-antiquites.fr\/fr\/wp-json\/wp\/v2\/product_brand?post=98535"},{"taxonomy":"product_cat","embeddable":true,"href":"https:\/\/pipat-antiquites.fr\/fr\/wp-json\/wp\/v2\/product_cat?post=98535"},{"taxonomy":"product_tag","embeddable":true,"href":"https:\/\/pipat-antiquites.fr\/fr\/wp-json\/wp\/v2\/product_tag?post=98535"}],"curies":[{"name":"wp","href":"https:\/\/api.w.org\/{rel}","templated":true}]}}