{"id":98464,"date":"2022-06-22T10:16:15","date_gmt":"2022-06-22T08:16:15","guid":{"rendered":"https:\/\/pipat-antiquites.fr\/?post_type=product&#038;p=98464"},"modified":"2022-06-22T10:27:54","modified_gmt":"2022-06-22T08:27:54","slug":"paire-de-chenets-en-fer-forge-chateau-xvii-17-siecle","status":"publish","type":"product","link":"https:\/\/pipat-antiquites.fr\/fr\/objets\/paire-de-chenets-en-fer-forge-chateau-xvii-17-siecle\/","title":{"rendered":"Paire de chenets en fer forg\u00e9, XVIIe si\u00e8cle"},"content":{"rendered":"<div class=\"wpb-content-wrapper\"><p>[vc_row][vc_column column_width_percent=\u00a0\u00bb100&Prime; gutter_size=\u00a0\u00bb3&Prime; override_padding=\u00a0\u00bbyes\u00a0\u00bb column_padding=\u00a0\u00bb3&Prime; overlay_alpha=\u00a0\u00bb50&Prime; shift_x=\u00a0\u00bb0&Prime; shift_y=\u00a0\u00bb0&Prime; shift_y_down=\u00a0\u00bb0&Prime; z_index=\u00a0\u00bb0&Prime; medium_width=\u00a0\u00bb0&Prime; mobile_width=\u00a0\u00bb0&Prime; width=\u00a0\u00bb1\/1&Prime; uncode_shortcode_id=\u00a0\u00bb764779&Prime;][vc_custom_heading text_weight=\u00a0\u00bb300&Prime; uncode_shortcode_id=\u00a0\u00bb166869&Prime;]Paire de chenets en fer forg\u00e9, XVIIe si\u00e8cle<span class=\"Apple-converted-space\">\u00a0<\/span>[\/vc_custom_heading][vc_column_text uncode_shortcode_id=\u00a0\u00bb173145&Prime;]Dignes d\u2019une chemin\u00e9e de ch\u00e2teau ou de grande maison de campagne, ces chenets d\u2019un seul tenant sont constitu\u00e9s de longs chevalets (les longues barres horizontales destin\u00e9es \u00e0 soutenir les b\u00fbches) et de t\u00eate de chenets \u00e0 enroulements et couronn\u00e9s d\u2019un large pommeau. L\u2019ensemble en tr\u00e8s bon \u00e9tat est dat\u00e9 du XVIIe si\u00e8cle.[\/vc_column_text][\/vc_column][\/vc_row]<\/p>\n<\/div>","protected":false},"excerpt":{"rendered":"<p style=\"text-align: center;\">Larges chenets de chemin\u00e9e de ch\u00e2teau ou de grande maison de campagne.<\/p>\n<p style=\"text-align: center;\">Dimensions :<\/p>\n<ul>\n<li style=\"text-align: center;\">Hauteur : 61 cm<\/li>\n<li style=\"text-align: center;\">Largeur : 30 cm<\/li>\n<li style=\"text-align: center;\">Longueur : 72 cm<\/li>\n<\/ul>\n","protected":false},"featured_media":98442,"template":"","meta":{"_seopress_robots_primary_cat":"none","_seopress_titles_title":"Paire de chenets en fer forg\u00e9, XVIIe si\u00e8cle ","_seopress_titles_desc":"Larges chenets de chemin\u00e9e de ch\u00e2teau ou de grande maison de campagne.","_seopress_robots_index":"","content-type":""},"product_brand":[],"product_cat":[76,114,206],"product_tag":[249],"class_list":{"0":"post-98464","1":"product","2":"type-product","3":"status-publish","4":"has-post-thumbnail","6":"product_cat-objets","7":"product_cat-arts-decoratifs","8":"product_cat-chenets-accessoires-de-cheminee","9":"product_tag-xviie-siecle","11":"first","12":"instock","13":"shipping-taxable","14":"product-type-simple","15":"add-to-wishlist-after_add_to_cart"},"_links":{"self":[{"href":"https:\/\/pipat-antiquites.fr\/fr\/wp-json\/wp\/v2\/product\/98464","targetHints":{"allow":["GET"]}}],"collection":[{"href":"https:\/\/pipat-antiquites.fr\/fr\/wp-json\/wp\/v2\/product"}],"about":[{"href":"https:\/\/pipat-antiquites.fr\/fr\/wp-json\/wp\/v2\/types\/product"}],"wp:featuredmedia":[{"embeddable":true,"href":"https:\/\/pipat-antiquites.fr\/fr\/wp-json\/wp\/v2\/media\/98442"}],"wp:attachment":[{"href":"https:\/\/pipat-antiquites.fr\/fr\/wp-json\/wp\/v2\/media?parent=98464"}],"wp:term":[{"taxonomy":"product_brand","embeddable":true,"href":"https:\/\/pipat-antiquites.fr\/fr\/wp-json\/wp\/v2\/product_brand?post=98464"},{"taxonomy":"product_cat","embeddable":true,"href":"https:\/\/pipat-antiquites.fr\/fr\/wp-json\/wp\/v2\/product_cat?post=98464"},{"taxonomy":"product_tag","embeddable":true,"href":"https:\/\/pipat-antiquites.fr\/fr\/wp-json\/wp\/v2\/product_tag?post=98464"}],"curies":[{"name":"wp","href":"https:\/\/api.w.org\/{rel}","templated":true}]}}