{"id":98314,"date":"2018-05-31T09:12:50","date_gmt":"2018-05-31T07:12:50","guid":{"rendered":"https:\/\/pipat-antiquites.fr\/?post_type=product&#038;p=98314"},"modified":"2022-07-29T08:59:53","modified_gmt":"2022-07-29T06:59:53","slug":"paire-de-fauteuils-style-paquebot-mid-century-art-deco-xx-20-siecle","status":"publish","type":"product","link":"https:\/\/pipat-antiquites.fr\/fr\/objets\/paire-de-fauteuils-style-paquebot-mid-century-art-deco-xx-20-siecle\/","title":{"rendered":"Paire de fauteuils style Paquebot, XXe si\u00e8cle"},"content":{"rendered":"<div class=\"wpb-content-wrapper\"><p>[vc_row][vc_column column_width_percent=\u00a0\u00bb100&Prime; gutter_size=\u00a0\u00bb3&Prime; override_padding=\u00a0\u00bbyes\u00a0\u00bb column_padding=\u00a0\u00bb3&Prime; overlay_alpha=\u00a0\u00bb50&Prime; shift_x=\u00a0\u00bb0&Prime; shift_y=\u00a0\u00bb0&Prime; shift_y_down=\u00a0\u00bb0&Prime; z_index=\u00a0\u00bb0&Prime; medium_width=\u00a0\u00bb0&Prime; mobile_width=\u00a0\u00bb0&Prime; width=\u00a0\u00bb1\/1&Prime; uncode_shortcode_id=\u00a0\u00bb175257&Prime;][vc_custom_heading text_weight=\u00a0\u00bb300&Prime; uncode_shortcode_id=\u00a0\u00bb194706&Prime;]Paire de fauteuils style Paquebot, XXe si\u00e8cle<span class=\"Apple-converted-space\">\u00a0<\/span>[\/vc_custom_heading][vc_column_text uncode_shortcode_id=\u00a0\u00bb180719&Prime;]Tapiss\u00e9s d\u2019une jolie marini\u00e8re, ces fauteuils en parfait \u00e9tat sont de v\u00e9ritables invitations au voyage ! Tout en teck et tr\u00e8s confortables, ils pr\u00e9sentent des accoudoirs aux lignes sobres et modernes, coordonn\u00e9es \u00e0 celles des paquebots \u00e0 la mode des ann\u00e9es 1940-1950. Entre style Art D\u00e9co et mid-century, ces fauteuils trouveront leur place dans tout types d\u2019int\u00e9rieurs.[\/vc_column_text][\/vc_column][\/vc_row]<\/p>\n<\/div>","protected":false},"excerpt":{"rendered":"<p style=\"text-align: center;\">Fauteuils en teck tapiss\u00e9s d&rsquo;un tissu ray\u00e9 bleu et blanc. Parfait \u00e9tat.<\/p>\n<p style=\"text-align: center;\">Dimensions :<\/p>\n<ul>\n<li style=\"text-align: center;\">Hauteur : 78 cm<\/li>\n<li style=\"text-align: center;\">Hauteur de l\u2019assise : 39 cm<\/li>\n<li style=\"text-align: center;\">Largeur : 67.5 cm<\/li>\n<li style=\"text-align: center;\">Profondeur : 68 cm<\/li>\n<\/ul>\n","protected":false},"featured_media":98312,"template":"","meta":{"_seopress_robots_primary_cat":"none","_seopress_titles_title":"Paire de fauteuils style Paquebot, XXe si\u00e8cle ","_seopress_titles_desc":"Fauteuils en teck tapiss\u00e9s d&#039;un tissu ray\u00e9 bleu et blanc. Parfait \u00e9tat.","_seopress_robots_index":"","_seopress_analysis_target_kw":"","content-type":""},"product_brand":[],"product_cat":[69,107,166],"product_tag":[263],"class_list":{"0":"post-98314","1":"product","2":"type-product","3":"status-publish","4":"has-post-thumbnail","6":"product_cat-mobilier","7":"product_cat-sieges","8":"product_cat-fauteuils","9":"product_tag-xxe-siecle","11":"first","12":"outofstock","13":"shipping-taxable","14":"purchasable","15":"product-type-simple","16":"add-to-wishlist-after_add_to_cart"},"_links":{"self":[{"href":"https:\/\/pipat-antiquites.fr\/fr\/wp-json\/wp\/v2\/product\/98314","targetHints":{"allow":["GET"]}}],"collection":[{"href":"https:\/\/pipat-antiquites.fr\/fr\/wp-json\/wp\/v2\/product"}],"about":[{"href":"https:\/\/pipat-antiquites.fr\/fr\/wp-json\/wp\/v2\/types\/product"}],"wp:featuredmedia":[{"embeddable":true,"href":"https:\/\/pipat-antiquites.fr\/fr\/wp-json\/wp\/v2\/media\/98312"}],"wp:attachment":[{"href":"https:\/\/pipat-antiquites.fr\/fr\/wp-json\/wp\/v2\/media?parent=98314"}],"wp:term":[{"taxonomy":"product_brand","embeddable":true,"href":"https:\/\/pipat-antiquites.fr\/fr\/wp-json\/wp\/v2\/product_brand?post=98314"},{"taxonomy":"product_cat","embeddable":true,"href":"https:\/\/pipat-antiquites.fr\/fr\/wp-json\/wp\/v2\/product_cat?post=98314"},{"taxonomy":"product_tag","embeddable":true,"href":"https:\/\/pipat-antiquites.fr\/fr\/wp-json\/wp\/v2\/product_tag?post=98314"}],"curies":[{"name":"wp","href":"https:\/\/api.w.org\/{rel}","templated":true}]}}