{"id":98088,"date":"2019-05-17T09:22:06","date_gmt":"2019-05-17T07:22:06","guid":{"rendered":"https:\/\/pipat-antiquites.fr\/?post_type=product&#038;p=98088"},"modified":"2022-07-29T16:47:33","modified_gmt":"2022-07-29T14:47:33","slug":"buffet-deux-corps-louis-xii-13i-xvii-17-siecle","status":"publish","type":"product","link":"https:\/\/pipat-antiquites.fr\/fr\/objets\/buffet-deux-corps-louis-xii-13i-xvii-17-siecle\/","title":{"rendered":"Buffet deux-corps Louis XIII, XVIIe si\u00e8cle"},"content":{"rendered":"<div class=\"wpb-content-wrapper\"><p>[vc_row][vc_column column_width_percent=\u00a0\u00bb100&Prime; gutter_size=\u00a0\u00bb3&Prime; override_padding=\u00a0\u00bbyes\u00a0\u00bb column_padding=\u00a0\u00bb3&Prime; overlay_alpha=\u00a0\u00bb50&Prime; shift_x=\u00a0\u00bb0&Prime; shift_y=\u00a0\u00bb0&Prime; shift_y_down=\u00a0\u00bb0&Prime; z_index=\u00a0\u00bb0&Prime; medium_width=\u00a0\u00bb0&Prime; mobile_width=\u00a0\u00bb0&Prime; width=\u00a0\u00bb1\/1&Prime; uncode_shortcode_id=\u00a0\u00bb208155&Prime;][vc_custom_heading text_weight=\u00a0\u00bb300&Prime; uncode_shortcode_id=\u00a0\u00bb192836&Prime;]Buffet deux-corps Louis XIII, XVIIe si\u00e8cle[\/vc_custom_heading][vc_column_text uncode_shortcode_id=\u00a0\u00bb189451&Prime;]Couronn\u00e9 de son fronton \u00e0 pans coup\u00e9s &#8211; qui peut-\u00eatre retir\u00e9 \u00e0 l\u2019envi &#8211; ce deux-corps d\u2019\u00e9poque Louis XIII est d\u2019une grande finesse et pr\u00e9sente des motifs \u00e9l\u00e9gants encore impr\u00e9gn\u00e9s de la Renaissance fran\u00e7aise. La niche du fronton est encadr\u00e9e de colonnes torses tandis que pans et ceintures sont relev\u00e9s d\u2019une d\u00e9licate frise de denticules, souvenir de l\u2019architecture classique des temples greco-romains. Puis, le corps sup\u00e9rieur ouvrant \u00e0 deux portes pr\u00e9sente en guise de moulures de beaux tors de lauriers dans un style naturaliste d\u00e9licieux. Subtilit\u00e9 remarquable, les pointes de diamant sont relev\u00e9es en leur centre d\u2019un bouton de m\u00e9tal facett\u00e9 \u00e0 forme de diamant. Les deux tiroirs en ceinture assoient solidement la partie haute tandis que la partie basse refl\u00e8te parfaitement ses motifs, tors de lauriers et pointe de diamant, et repose sur des pieds boules \u00e9pat\u00e9s d\u2019un beau volume.<span class=\"Apple-converted-space\">\u00a0<\/span><\/p>\n<p>Les c\u00f4t\u00e9s sont des tableaux moulur\u00e9s au centre desquels sont de belles fleurs sculpt\u00e9es, dans le plus pur style de la Renaissance fran\u00e7aise. L\u2019ensemble est en tr\u00e8s bon \u00e9tat et la patine superbe.[\/vc_column_text][\/vc_column][\/vc_row]<\/p>\n<\/div>","protected":false},"excerpt":{"rendered":"<p style=\"text-align: center;\">\u00c9l\u00e9gant buffet Haute \u00c9poque encore joliment impr\u00e9gn\u00e9 des motifs de la Renaissance fran\u00e7aise. Tr\u00e8s belle patine et tr\u00e8s bel \u00e9tat.<\/p>\n<p style=\"text-align: center;\">Dimensions :<\/p>\n<ul>\n<li style=\"text-align: center;\">Hauteur : 240 cm<\/li>\n<li style=\"text-align: center;\">Largeur : 132 cm<\/li>\n<li style=\"text-align: center;\">Profondeur : 62 cm<\/li>\n<\/ul>\n","protected":false},"featured_media":98066,"template":"","meta":{"_seopress_robots_primary_cat":"none","_seopress_titles_title":"Buffet deux-corps Louis XIII, XVIIe si\u00e8cle","_seopress_titles_desc":"\u00c9l\u00e9gant buffet Haute \u00c9poque encore joliment impr\u00e9gn\u00e9 des motifs de la Renaissance fran\u00e7aise.","_seopress_robots_index":"","content-type":""},"product_brand":[],"product_cat":[69,106,126],"product_tag":[509,510],"class_list":{"0":"post-98088","1":"product","2":"type-product","3":"status-publish","4":"has-post-thumbnail","6":"product_cat-mobilier","7":"product_cat-meubles","8":"product_cat-buffets-et-enfilades","9":"product_tag-louis-xiii","10":"product_tag-haute-epoque","12":"first","13":"outofstock","14":"shipping-taxable","15":"purchasable","16":"product-type-simple","17":"add-to-wishlist-after_add_to_cart"},"_links":{"self":[{"href":"https:\/\/pipat-antiquites.fr\/fr\/wp-json\/wp\/v2\/product\/98088","targetHints":{"allow":["GET"]}}],"collection":[{"href":"https:\/\/pipat-antiquites.fr\/fr\/wp-json\/wp\/v2\/product"}],"about":[{"href":"https:\/\/pipat-antiquites.fr\/fr\/wp-json\/wp\/v2\/types\/product"}],"wp:featuredmedia":[{"embeddable":true,"href":"https:\/\/pipat-antiquites.fr\/fr\/wp-json\/wp\/v2\/media\/98066"}],"wp:attachment":[{"href":"https:\/\/pipat-antiquites.fr\/fr\/wp-json\/wp\/v2\/media?parent=98088"}],"wp:term":[{"taxonomy":"product_brand","embeddable":true,"href":"https:\/\/pipat-antiquites.fr\/fr\/wp-json\/wp\/v2\/product_brand?post=98088"},{"taxonomy":"product_cat","embeddable":true,"href":"https:\/\/pipat-antiquites.fr\/fr\/wp-json\/wp\/v2\/product_cat?post=98088"},{"taxonomy":"product_tag","embeddable":true,"href":"https:\/\/pipat-antiquites.fr\/fr\/wp-json\/wp\/v2\/product_tag?post=98088"}],"curies":[{"name":"wp","href":"https:\/\/api.w.org\/{rel}","templated":true}]}}