{"id":97567,"date":"2022-04-06T17:28:54","date_gmt":"2022-04-06T15:28:54","guid":{"rendered":"https:\/\/pipat-antiquites.fr\/?post_type=product&#038;p=97567"},"modified":"2022-04-06T17:40:12","modified_gmt":"2022-04-06T15:40:12","slug":"huile-sur-toile-intitulee-le-transformateur-signee-bourigeaud-1970","status":"publish","type":"product","link":"https:\/\/pipat-antiquites.fr\/fr\/objets\/huile-sur-toile-intitulee-le-transformateur-signee-bourigeaud-1970\/","title":{"rendered":"Huile sur toile intitul\u00e9e Le Transformateur, sign\u00e9e Bourigeaud, 1970"},"content":{"rendered":"<div class=\"wpb-content-wrapper\"><p>[vc_row][vc_column column_width_percent=\u00a0\u00bb100&Prime; gutter_size=\u00a0\u00bb3&Prime; override_padding=\u00a0\u00bbyes\u00a0\u00bb column_padding=\u00a0\u00bb3&Prime; overlay_alpha=\u00a0\u00bb50&Prime; shift_x=\u00a0\u00bb0&Prime; shift_y=\u00a0\u00bb0&Prime; shift_y_down=\u00a0\u00bb0&Prime; z_index=\u00a0\u00bb0&Prime; medium_width=\u00a0\u00bb0&Prime; mobile_width=\u00a0\u00bb0&Prime; width=\u00a0\u00bb1\/1&Prime; uncode_shortcode_id=\u00a0\u00bb977618&Prime;][vc_custom_heading text_weight=\u00a0\u00bb300&Prime; uncode_shortcode_id=\u00a0\u00bb157944&Prime;]Huile sur toile intitul\u00e9e <i>Le Transformateur<\/i>, sign\u00e9e Bourigeaud, 1970[\/vc_custom_heading][vc_column_text uncode_shortcode_id=\u00a0\u00bb162698&Prime;]N\u00e9 en 1920, Roland Bourigeaud m\u00e8ne, tout sa vie, deux carri\u00e8res de front. Professeur et peintre, la porosit\u00e9 entre ces deux activit\u00e9s est permanente car Bourgigeaud enseigne les arts plastiques. En 1953, il est re\u00e7u Professeur \u00e0 la Ville de Paris puis est nomm\u00e9 une quinzaine d\u2019ann\u00e9es plus tard professeur \u00e0 l\u2019Ecole Nationale Sup\u00e9rieure des Arts Appliqu\u00e9s et des M\u00e9tiers d\u2019Art \u00e0 Paris. Ses travaux sur la psychologie des formes et des couleurs, domaine qu\u2019il \u00e9tudie depuis 1954<i>, <\/i>lui vaudront l\u2019agr\u00e9gation.<span class=\"Apple-converted-space\">\u00a0<\/span><\/p>\n<p>Parall\u00e8lement, il d\u00e9veloppe un langage pictural qui lui est propre, entre esth\u00e9tique des Ann\u00e9es Folles et surr\u00e9alisme. Ses \u0153uvres ont une gr\u00e2ce toute particuli\u00e8re : on y voit un \u00e9merveillement silencieux, comme l\u2019\u00e9vocation d\u2019un r\u00eave emprunt d\u2019une forme d\u2019\u00e9rotisme. Transparaissent \u00e0 travers ses tableaux les influences de Magritte et de la peinture classique pour un peintre \u00e9tonnant \u00e0 la mani\u00e8re \u00e9rotico-futuriste !<\/p>\n<p>Sa carri\u00e8re est ponctu\u00e9es de commandes de l\u2019Etat (collectivit\u00e9s ou personnelles) de fresques et de tapisseries. Il est expos\u00e9 en France et \u00e0 l\u2019\u00e9tranger si bien qu\u2019aujourd\u2019hui son \u0153uvre est entr\u00e9e dans les collections publiques et priv\u00e9es \u00e0 travers le monde.<\/p>\n<p>Cette huile sur toile sign\u00e9e et intitul\u00e9e <i>Le Transformateur<\/i> est particuli\u00e8rement repr\u00e9sentative de l\u2019\u0153uvre de Roland Bourigeaud \u00e0 la fin des ann\u00e9es 1960 et au d\u00e9but des ann\u00e9es 1970. Entre \u00e9rotisme et surr\u00e9alisme, le tableau rec\u00e8le mille et un d\u00e9tails structur\u00e9s et rythm\u00e9s par un paysage architectur\u00e9, entre nature et culture. Le spectateur est invit\u00e9 \u00e0 se promener dans ce paysage foisonnant pour y d\u00e9couvrir de nouvelles choses chaque fois qu\u2019il l\u2019admire.<\/p>\n<ul>\n<li>Prix de livraison en France m\u00e9tropolitaine : 35\u20ac<\/li>\n<li>Prix de livraison en Europe : 55\u20ac<\/li>\n<li>Prix de livraison autres destination : 75\u20ac<\/li>\n<\/ul>\n<p>[\/vc_column_text][\/vc_column][\/vc_row]<\/p>\n<\/div>","protected":false},"excerpt":{"rendered":"<p style=\"text-align: center;\">Huile sur toile sign\u00e9e et dat\u00e9e. Parfait \u00e9tat.<\/p>\n<p style=\"text-align: center;\">Dimensions avec cadre :<\/p>\n<ul style=\"text-align: center;\">\n<li>Hauteur : 33,5 cm<\/li>\n<li>Largeur : 63 cm<\/li>\n<li>Profondeur : 3 cm<\/li>\n<\/ul>\n<p style=\"text-align: center;\">Dimensions sans cadre :<\/p>\n<ul style=\"text-align: center;\">\n<li>Hauteur : 30 cm<\/li>\n<li>Largeur : 60 cm<\/li>\n<\/ul>\n<p style=\"text-align: center;\">Prix : 1200\u20ac<\/p>\n","protected":false},"featured_media":97582,"template":"","meta":{"_seopress_robots_primary_cat":"none","_seopress_titles_title":"Huile sur toile intitul\u00e9e Le Transformateur, sign\u00e9e Bourigeaud, 1970","_seopress_titles_desc":"Rare toile \u00e9rotico-futuriste de Roland Bourigeaud.","_seopress_robots_index":"","content-type":""},"product_brand":[],"product_cat":[77,121,182,187],"product_tag":[565,263],"class_list":{"0":"post-97567","1":"product","2":"type-product","3":"status-publish","4":"has-post-thumbnail","6":"product_cat-beaux-arts","7":"product_cat-peintures-et-tableaux","8":"product_cat-paysages","9":"product_cat-peintures-et-tableaux-autres","10":"product_tag-art-moderne","11":"product_tag-xxe-siecle","12":"product_shipping_class-niveau-2","14":"first","15":"instock","16":"shipping-taxable","17":"purchasable","18":"product-type-simple","19":"add-to-wishlist-after_add_to_cart"},"_links":{"self":[{"href":"https:\/\/pipat-antiquites.fr\/fr\/wp-json\/wp\/v2\/product\/97567","targetHints":{"allow":["GET"]}}],"collection":[{"href":"https:\/\/pipat-antiquites.fr\/fr\/wp-json\/wp\/v2\/product"}],"about":[{"href":"https:\/\/pipat-antiquites.fr\/fr\/wp-json\/wp\/v2\/types\/product"}],"wp:featuredmedia":[{"embeddable":true,"href":"https:\/\/pipat-antiquites.fr\/fr\/wp-json\/wp\/v2\/media\/97582"}],"wp:attachment":[{"href":"https:\/\/pipat-antiquites.fr\/fr\/wp-json\/wp\/v2\/media?parent=97567"}],"wp:term":[{"taxonomy":"product_brand","embeddable":true,"href":"https:\/\/pipat-antiquites.fr\/fr\/wp-json\/wp\/v2\/product_brand?post=97567"},{"taxonomy":"product_cat","embeddable":true,"href":"https:\/\/pipat-antiquites.fr\/fr\/wp-json\/wp\/v2\/product_cat?post=97567"},{"taxonomy":"product_tag","embeddable":true,"href":"https:\/\/pipat-antiquites.fr\/fr\/wp-json\/wp\/v2\/product_tag?post=97567"}],"curies":[{"name":"wp","href":"https:\/\/api.w.org\/{rel}","templated":true}]}}