{"id":97347,"date":"2021-03-07T09:32:43","date_gmt":"2021-03-07T08:32:43","guid":{"rendered":"https:\/\/pipat-antiquites.fr\/?post_type=product&#038;p=97347"},"modified":"2022-03-30T10:13:53","modified_gmt":"2022-03-30T08:13:53","slug":"console-a-rideau-de-style-louis-xvi-16-xix-19-siecle","status":"publish","type":"product","link":"https:\/\/pipat-antiquites.fr\/fr\/objets\/console-a-rideau-de-style-louis-xvi-16-xix-19-siecle\/","title":{"rendered":"Console \u00e0 rideau de style Louis XVI, XIXe si\u00e8cle"},"content":{"rendered":"<div class=\"wpb-content-wrapper\"><p>[vc_row][vc_column column_width_percent=\u00a0\u00bb100&Prime; gutter_size=\u00a0\u00bb3&Prime; override_padding=\u00a0\u00bbyes\u00a0\u00bb column_padding=\u00a0\u00bb3&Prime; overlay_alpha=\u00a0\u00bb50&Prime; shift_x=\u00a0\u00bb0&Prime; shift_y=\u00a0\u00bb0&Prime; shift_y_down=\u00a0\u00bb0&Prime; z_index=\u00a0\u00bb0&Prime; medium_width=\u00a0\u00bb0&Prime; mobile_width=\u00a0\u00bb0&Prime; width=\u00a0\u00bb1\/1&Prime; uncode_shortcode_id=\u00a0\u00bb933681&Prime;][vc_custom_heading text_weight=\u00a0\u00bb300&Prime; uncode_shortcode_id=\u00a0\u00bb421677&Prime;]Console \u00e0 rideau de style Louis XVI, XIXe si\u00e8cle<span class=\"Apple-converted-space\">\u00a0<\/span>[\/vc_custom_heading][vc_column_text uncode_shortcode_id=\u00a0\u00bb224947&Prime;]Aussi bien desserte que console haute, ce meuble en acajou fut fabriqu\u00e9 en suivant les grandes lignes du style Louis XVI. Tablette en marbre blanc de Carrare ceinte d\u2019une galerie en cuivre, \u00e9tag\u00e8re et miroir et rangement dissimul\u00e9 derri\u00e8re des portes \u00e0 rideau. Le tout, discret et \u00e9l\u00e9gant, est en tr\u00e8s bon \u00e9tat. \u00c0 noter un f\u00eale au marbre (voir les photos).[\/vc_column_text][\/vc_column][\/vc_row]<\/p>\n<\/div>","protected":false},"excerpt":{"rendered":"<p style=\"text-align: center;\">Acajou, marbre de Carrare et galerie de cuivre. Un f\u00eale au marbre.<\/p>\n<p style=\"text-align: center;\">Dimensions :<\/p>\n<ul>\n<li style=\"text-align: center;\">Hauteur : 107 cm<\/li>\n<li style=\"text-align: center;\">Largeur : 86 cm<\/li>\n<li style=\"text-align: center;\">Profondeur : 37 cm<\/li>\n<\/ul>\n","protected":false},"featured_media":97329,"template":"","meta":{"_seopress_robots_primary_cat":"none","_seopress_titles_title":"Console \u00e0 rideau de style Louis XVI, XIXe si\u00e8cle ","_seopress_titles_desc":"Acajou, marbre de Carrare et galerie de cuivre. Un f\u00eale au marbre.","_seopress_robots_index":"","content-type":""},"product_brand":[],"product_cat":[69,106,126,132,140],"product_tag":[252,525],"class_list":{"0":"post-97347","1":"product","2":"type-product","3":"status-publish","4":"has-post-thumbnail","6":"product_cat-mobilier","7":"product_cat-meubles","8":"product_cat-buffets-et-enfilades","9":"product_cat-consoles","10":"product_cat-autres-meubles","11":"product_tag-xixe-siecle","12":"product_tag-louis-xvi","14":"first","15":"instock","16":"shipping-taxable","17":"product-type-simple","18":"add-to-wishlist-after_add_to_cart"},"_links":{"self":[{"href":"https:\/\/pipat-antiquites.fr\/fr\/wp-json\/wp\/v2\/product\/97347","targetHints":{"allow":["GET"]}}],"collection":[{"href":"https:\/\/pipat-antiquites.fr\/fr\/wp-json\/wp\/v2\/product"}],"about":[{"href":"https:\/\/pipat-antiquites.fr\/fr\/wp-json\/wp\/v2\/types\/product"}],"wp:featuredmedia":[{"embeddable":true,"href":"https:\/\/pipat-antiquites.fr\/fr\/wp-json\/wp\/v2\/media\/97329"}],"wp:attachment":[{"href":"https:\/\/pipat-antiquites.fr\/fr\/wp-json\/wp\/v2\/media?parent=97347"}],"wp:term":[{"taxonomy":"product_brand","embeddable":true,"href":"https:\/\/pipat-antiquites.fr\/fr\/wp-json\/wp\/v2\/product_brand?post=97347"},{"taxonomy":"product_cat","embeddable":true,"href":"https:\/\/pipat-antiquites.fr\/fr\/wp-json\/wp\/v2\/product_cat?post=97347"},{"taxonomy":"product_tag","embeddable":true,"href":"https:\/\/pipat-antiquites.fr\/fr\/wp-json\/wp\/v2\/product_tag?post=97347"}],"curies":[{"name":"wp","href":"https:\/\/api.w.org\/{rel}","templated":true}]}}