{"id":97217,"date":"2018-02-23T10:00:23","date_gmt":"2018-02-23T09:00:23","guid":{"rendered":"https:\/\/pipat-antiquites.fr\/?post_type=product&#038;p=97217"},"modified":"2023-07-31T09:49:03","modified_gmt":"2023-07-31T07:49:03","slug":"large-fauteuil-provencal-xix-19-siecle","status":"publish","type":"product","link":"https:\/\/pipat-antiquites.fr\/fr\/objets\/large-fauteuil-provencal-xix-19-siecle\/","title":{"rendered":"Large fauteuil proven\u00e7al, XIXe si\u00e8cle"},"content":{"rendered":"<div class=\"wpb-content-wrapper\"><p>[vc_row][vc_column column_width_percent=\u00a0\u00bb100&Prime; gutter_size=\u00a0\u00bb3&Prime; override_padding=\u00a0\u00bbyes\u00a0\u00bb column_padding=\u00a0\u00bb3&Prime; overlay_alpha=\u00a0\u00bb50&Prime; shift_x=\u00a0\u00bb0&Prime; shift_y=\u00a0\u00bb0&Prime; shift_y_down=\u00a0\u00bb0&Prime; z_index=\u00a0\u00bb0&Prime; medium_width=\u00a0\u00bb0&Prime; mobile_width=\u00a0\u00bb0&Prime; width=\u00a0\u00bb1\/1&Prime; uncode_shortcode_id=\u00a0\u00bb582155&Prime;][vc_custom_heading text_weight=\u00a0\u00bb300&Prime; uncode_shortcode_id=\u00a0\u00bb652336&Prime;]Large fauteuil proven\u00e7al, XIXe si\u00e8cle<span class=\"Apple-converted-space\">\u00a0<\/span>[\/vc_custom_heading][vc_column_text uncode_shortcode_id=\u00a0\u00bb411428&Prime;]Aussi bas qu\u2019il est large, ce fauteuil proven\u00e7al pr\u00e9sente une physionomie originale ! Nous retrouvons le dossier cath\u00e9drale et l\u2019assise paill\u00e9e caract\u00e9ristiques mais cette assise ample et tr\u00e8s proche du sol offre un confort inattendu. Id\u00e9al pour profiter des soir\u00e9es d\u2019\u00e9t\u00e9 et pourquoi pas bouquiner \u00e0 l\u2019ombre, ce fauteuil proven\u00e7al en tr\u00e8s bon \u00e9tat est unique en son genre.<span class=\"Apple-converted-space\">\u00a0<\/span><\/p>\n<p>[\/vc_column_text][\/vc_column][\/vc_row]<\/p>\n<\/div>","protected":false},"excerpt":{"rendered":"<p style=\"text-align: center;\">Tr\u00e8s large et bas, tr\u00e8s bon \u00e9tat.<\/p>\n<p style=\"text-align: center;\">Dimensions :<\/p>\n<ul>\n<li style=\"text-align: center;\">Hauteur : 92 cm<\/li>\n<li style=\"text-align: center;\">Hauteur de l\u2019assise : 34 cm<\/li>\n<li style=\"text-align: center;\">Largeur : 72 cm<\/li>\n<li style=\"text-align: center;\">Profondeur : 68 cm<\/li>\n<\/ul>\n","protected":false},"featured_media":97215,"template":"","meta":{"_seopress_robots_primary_cat":"none","_seopress_titles_title":"Large fauteuil proven\u00e7al, XIXe si\u00e8cle ","_seopress_titles_desc":"Fauteuil proven\u00e7al tr\u00e8s large et bas. Tr\u00e8s bon \u00e9tat.","_seopress_robots_index":"","content-type":""},"product_brand":[],"product_cat":[69,107,166],"product_tag":[252],"class_list":{"0":"post-97217","1":"product","2":"type-product","3":"status-publish","4":"has-post-thumbnail","6":"product_cat-mobilier","7":"product_cat-sieges","8":"product_cat-fauteuils","9":"product_tag-xixe-siecle","11":"first","12":"outofstock","13":"shipping-taxable","14":"purchasable","15":"product-type-simple","16":"add-to-wishlist-after_add_to_cart"},"_links":{"self":[{"href":"https:\/\/pipat-antiquites.fr\/fr\/wp-json\/wp\/v2\/product\/97217","targetHints":{"allow":["GET"]}}],"collection":[{"href":"https:\/\/pipat-antiquites.fr\/fr\/wp-json\/wp\/v2\/product"}],"about":[{"href":"https:\/\/pipat-antiquites.fr\/fr\/wp-json\/wp\/v2\/types\/product"}],"wp:featuredmedia":[{"embeddable":true,"href":"https:\/\/pipat-antiquites.fr\/fr\/wp-json\/wp\/v2\/media\/97215"}],"wp:attachment":[{"href":"https:\/\/pipat-antiquites.fr\/fr\/wp-json\/wp\/v2\/media?parent=97217"}],"wp:term":[{"taxonomy":"product_brand","embeddable":true,"href":"https:\/\/pipat-antiquites.fr\/fr\/wp-json\/wp\/v2\/product_brand?post=97217"},{"taxonomy":"product_cat","embeddable":true,"href":"https:\/\/pipat-antiquites.fr\/fr\/wp-json\/wp\/v2\/product_cat?post=97217"},{"taxonomy":"product_tag","embeddable":true,"href":"https:\/\/pipat-antiquites.fr\/fr\/wp-json\/wp\/v2\/product_tag?post=97217"}],"curies":[{"name":"wp","href":"https:\/\/api.w.org\/{rel}","templated":true}]}}