{"id":97139,"date":"2021-02-14T12:20:23","date_gmt":"2021-02-14T11:20:23","guid":{"rendered":"https:\/\/pipat-antiquites.fr\/?post_type=product&#038;p=97139"},"modified":"2022-03-30T10:14:16","modified_gmt":"2022-03-30T08:14:16","slug":"presse-papier-art-deco-marbre-portor-et-agate-xx-20-siecle","status":"publish","type":"product","link":"https:\/\/pipat-antiquites.fr\/fr\/objets\/presse-papier-art-deco-marbre-portor-et-agate-xx-20-siecle\/","title":{"rendered":"Presse papier Art D\u00e9co. Marbre portor et agate, XXe si\u00e8cle"},"content":{"rendered":"<div class=\"wpb-content-wrapper\"><p>[vc_row][vc_column column_width_percent=\u00a0\u00bb100&Prime; gutter_size=\u00a0\u00bb3&Prime; override_padding=\u00a0\u00bbyes\u00a0\u00bb column_padding=\u00a0\u00bb3&Prime; overlay_alpha=\u00a0\u00bb50&Prime; shift_x=\u00a0\u00bb0&Prime; shift_y=\u00a0\u00bb0&Prime; shift_y_down=\u00a0\u00bb0&Prime; z_index=\u00a0\u00bb0&Prime; medium_width=\u00a0\u00bb0&Prime; mobile_width=\u00a0\u00bb0&Prime; width=\u00a0\u00bb1\/1&Prime; uncode_shortcode_id=\u00a0\u00bb508825&Prime;][vc_custom_heading text_weight=\u00a0\u00bb300&Prime; uncode_shortcode_id=\u00a0\u00bb361941&Prime;]Presse papier Art D\u00e9co. Marbre portor et agate, XXe si\u00e8cle<span class=\"Apple-converted-space\">\u00a0<\/span>[\/vc_custom_heading][vc_column_text uncode_shortcode_id=\u00a0\u00bb123133&Prime;]Raffin\u00e9 et \u00e9l\u00e9gant, ce d\u00e9licat presse papier accueillera aussi bien votre courrier que vos cartes de visites. On retrouve dans sa conception le go\u00fbt Art D\u00e9co pour les mat\u00e9riaux nobles et discrets, les teintes sobres de l\u2019agate et du marbre noir, seulement vein\u00e9 d\u2019\u00e9clairs mordor\u00e9s. Cet objet qui tient autant de l\u2019objet d\u2019art que de l\u2019objet utilitaire est en tr\u00e8s bon \u00e9tat.<\/p>\n<ul>\n<li>Prix de livraison en France m\u00e9tropolitaine : 15\u20ac<\/li>\n<li>Prix de livraison en Europe : 35\u20ac<\/li>\n<li>Prix de livraison autres destination : 55\u20ac<\/li>\n<\/ul>\n<p>[\/vc_column_text][\/vc_column][\/vc_row]<\/p>\n<\/div>","protected":false},"excerpt":{"rendered":"<p style=\"text-align: center;\">Objet d&rsquo;art en tr\u00e8s bon \u00e9tat.<\/p>\n<p style=\"text-align: center;\">Dimensions :<\/p>\n<ul>\n<li style=\"text-align: center;\">Hauteur : 6,5 cm<\/li>\n<li style=\"text-align: center;\">Largeur : 18 cm<\/li>\n<li style=\"text-align: center;\">Profondeur : 5 cm<\/li>\n<\/ul>\n","protected":false},"featured_media":97131,"template":"","meta":{"_seopress_robots_primary_cat":"none","_seopress_titles_title":"Presse papier Art D\u00e9co. Marbre portor et agate, XXe si\u00e8cle ","_seopress_titles_desc":"Objet d&#039;art en tr\u00e8s bon \u00e9tat. Art D\u00e9co fran\u00e7ais. ","_seopress_robots_index":"","_seopress_analysis_target_kw":"","content-type":""},"product_brand":[],"product_cat":[76,114,204,209],"product_tag":[281,263],"class_list":{"0":"post-97139","1":"product","2":"type-product","3":"status-publish","4":"has-post-thumbnail","6":"product_cat-objets","7":"product_cat-arts-decoratifs","8":"product_cat-boites-etuis-necessaires-coffrets","9":"product_cat-encriers-et-ecritoires","10":"product_tag-art-deco","11":"product_tag-xxe-siecle","12":"product_shipping_class-niveau-1","14":"first","15":"instock","16":"shipping-taxable","17":"purchasable","18":"product-type-simple","19":"add-to-wishlist-after_add_to_cart"},"_links":{"self":[{"href":"https:\/\/pipat-antiquites.fr\/fr\/wp-json\/wp\/v2\/product\/97139","targetHints":{"allow":["GET"]}}],"collection":[{"href":"https:\/\/pipat-antiquites.fr\/fr\/wp-json\/wp\/v2\/product"}],"about":[{"href":"https:\/\/pipat-antiquites.fr\/fr\/wp-json\/wp\/v2\/types\/product"}],"wp:featuredmedia":[{"embeddable":true,"href":"https:\/\/pipat-antiquites.fr\/fr\/wp-json\/wp\/v2\/media\/97131"}],"wp:attachment":[{"href":"https:\/\/pipat-antiquites.fr\/fr\/wp-json\/wp\/v2\/media?parent=97139"}],"wp:term":[{"taxonomy":"product_brand","embeddable":true,"href":"https:\/\/pipat-antiquites.fr\/fr\/wp-json\/wp\/v2\/product_brand?post=97139"},{"taxonomy":"product_cat","embeddable":true,"href":"https:\/\/pipat-antiquites.fr\/fr\/wp-json\/wp\/v2\/product_cat?post=97139"},{"taxonomy":"product_tag","embeddable":true,"href":"https:\/\/pipat-antiquites.fr\/fr\/wp-json\/wp\/v2\/product_tag?post=97139"}],"curies":[{"name":"wp","href":"https:\/\/api.w.org\/{rel}","templated":true}]}}