{"id":96962,"date":"2022-01-24T09:54:42","date_gmt":"2022-01-24T08:54:42","guid":{"rendered":"https:\/\/pipat-antiquites.fr\/?post_type=product&#038;p=96962"},"modified":"2024-03-04T16:26:43","modified_gmt":"2024-03-04T15:26:43","slug":"bibliotheque-en-acajou-xx-20-siecle","status":"publish","type":"product","link":"https:\/\/pipat-antiquites.fr\/fr\/objets\/bibliotheque-en-acajou-xx-20-siecle\/","title":{"rendered":"Biblioth\u00e8que en acajou, XXe si\u00e8cle"},"content":{"rendered":"<div class=\"wpb-content-wrapper\"><p>[vc_row][vc_column column_width_percent=\u00a0\u00bb100&Prime; gutter_size=\u00a0\u00bb3&Prime; override_padding=\u00a0\u00bbyes\u00a0\u00bb column_padding=\u00a0\u00bb3&Prime; overlay_alpha=\u00a0\u00bb50&Prime; shift_x=\u00a0\u00bb0&Prime; shift_y=\u00a0\u00bb0&Prime; shift_y_down=\u00a0\u00bb0&Prime; z_index=\u00a0\u00bb0&Prime; medium_width=\u00a0\u00bb0&Prime; mobile_width=\u00a0\u00bb0&Prime; width=\u00a0\u00bb1\/1&Prime; uncode_shortcode_id=\u00a0\u00bb708956&Prime;][vc_custom_heading text_weight=\u00a0\u00bb300&Prime; uncode_shortcode_id=\u00a0\u00bb532405&Prime;]Biblioth\u00e8que en acajou, XXe si\u00e8cle<span class=\"Apple-converted-space\">\u00a0<\/span>[\/vc_custom_heading][vc_column_text uncode_shortcode_id=\u00a0\u00bb856993&Prime;]Quel bibliophile ne r\u00eaverait pas devant pareille biblioth\u00e8que ? Toute en acajou et rythm\u00e9e de pilastres doriques, cette biblioth\u00e8que se compose d\u2019\u00e9tag\u00e8res amovibles et r\u00e9glables, de 4 tablettes de lecture ou d\u2019\u00e9criture couverte de cuir vert dor\u00e9 au petit fer, un placard fermant par une porte orn\u00e9e d\u2019un miroir \u00e0 verre biseaut\u00e9 et un cache radiateur en m\u00e9tal ajour\u00e9. Le c\u00f4t\u00e9 le plus long mesure 425 cm, le plus court 315 cm et l\u2019ensemble pr\u00e9sente un angle de 90\u00b0.<\/p>\n<p>Cette tr\u00e8s belle boiserie est en tr\u00e8s bon \u00e9tat et r\u00e9chauffera un salon ou la salle de lecture dont r\u00eave tous les amoureux des livres ![\/vc_column_text][\/vc_column][\/vc_row]<\/p>\n<\/div>","protected":false},"excerpt":{"rendered":"<p style=\"text-align: center;\">Biblioth\u00e8que en acajou en tr\u00e8s bon \u00e9tat compos\u00e9e d&rsquo;\u00e9tag\u00e8res amovibles, de tablettes de lecture, de tiroirs, d&rsquo;un placard et d&rsquo;un cache radiateur.<\/p>\n<p style=\"text-align: center;\">Dimensions :<\/p>\n<ul>\n<li style=\"text-align: center;\">Hauteur : 262 cm<\/li>\n<li style=\"text-align: center;\">C\u00f4t\u00e9 le plus long : 425 cm<\/li>\n<li style=\"text-align: center;\">C\u00f4t\u00e9 le plus court : 315 cm<\/li>\n<li style=\"text-align: center;\">Angle : 90\u00b0<\/li>\n<\/ul>\n","protected":false},"featured_media":96942,"template":"","meta":{"_seopress_robots_primary_cat":"none","_seopress_titles_title":"Biblioth\u00e8que en acajou, XXe si\u00e8cle ","_seopress_titles_desc":"Biblioth\u00e8que en acajou en tr\u00e8s bon \u00e9tat compos\u00e9e d&#039;\u00e9tag\u00e8res amovibles, de tablettes de lecture, de tiroirs, d&#039;un placard et d&#039;un cache radiateur.","_seopress_robots_index":"","content-type":""},"product_brand":[],"product_cat":[69,106,125],"product_tag":[263,280],"class_list":{"0":"post-96962","1":"product","2":"type-product","3":"status-publish","4":"has-post-thumbnail","6":"product_cat-mobilier","7":"product_cat-meubles","8":"product_cat-bibliotheques","9":"product_tag-xxe-siecle","10":"product_tag-acajou","12":"first","13":"outofstock","14":"shipping-taxable","15":"purchasable","16":"product-type-simple","17":"add-to-wishlist-after_add_to_cart"},"_links":{"self":[{"href":"https:\/\/pipat-antiquites.fr\/fr\/wp-json\/wp\/v2\/product\/96962","targetHints":{"allow":["GET"]}}],"collection":[{"href":"https:\/\/pipat-antiquites.fr\/fr\/wp-json\/wp\/v2\/product"}],"about":[{"href":"https:\/\/pipat-antiquites.fr\/fr\/wp-json\/wp\/v2\/types\/product"}],"wp:featuredmedia":[{"embeddable":true,"href":"https:\/\/pipat-antiquites.fr\/fr\/wp-json\/wp\/v2\/media\/96942"}],"wp:attachment":[{"href":"https:\/\/pipat-antiquites.fr\/fr\/wp-json\/wp\/v2\/media?parent=96962"}],"wp:term":[{"taxonomy":"product_brand","embeddable":true,"href":"https:\/\/pipat-antiquites.fr\/fr\/wp-json\/wp\/v2\/product_brand?post=96962"},{"taxonomy":"product_cat","embeddable":true,"href":"https:\/\/pipat-antiquites.fr\/fr\/wp-json\/wp\/v2\/product_cat?post=96962"},{"taxonomy":"product_tag","embeddable":true,"href":"https:\/\/pipat-antiquites.fr\/fr\/wp-json\/wp\/v2\/product_tag?post=96962"}],"curies":[{"name":"wp","href":"https:\/\/api.w.org\/{rel}","templated":true}]}}