{"id":96626,"date":"2022-01-03T18:30:37","date_gmt":"2022-01-03T17:30:37","guid":{"rendered":"https:\/\/pipat-antiquites.fr\/?post_type=product&#038;p=96626"},"modified":"2022-01-03T18:41:07","modified_gmt":"2022-01-03T17:41:07","slug":"petit-vase-ceramique-craquele-bleu-xx-20-siecle","status":"publish","type":"product","link":"https:\/\/pipat-antiquites.fr\/fr\/objets\/petit-vase-ceramique-craquele-bleu-xx-20-siecle\/","title":{"rendered":"Petit vase craquel\u00e9 bleu, XXe si\u00e8cle"},"content":{"rendered":"<div class=\"wpb-content-wrapper\"><p>[vc_row][vc_column column_width_percent=\u00a0\u00bb100&Prime; gutter_size=\u00a0\u00bb3&Prime; override_padding=\u00a0\u00bbyes\u00a0\u00bb column_padding=\u00a0\u00bb3&Prime; overlay_alpha=\u00a0\u00bb50&Prime; shift_x=\u00a0\u00bb0&Prime; shift_y=\u00a0\u00bb0&Prime; shift_y_down=\u00a0\u00bb0&Prime; z_index=\u00a0\u00bb0&Prime; medium_width=\u00a0\u00bb0&Prime; mobile_width=\u00a0\u00bb0&Prime; width=\u00a0\u00bb1\/1&Prime; uncode_shortcode_id=\u00a0\u00bb519695&Prime;][vc_custom_heading text_weight=\u00a0\u00bb300&Prime; uncode_shortcode_id=\u00a0\u00bb126631&Prime;]Petit vase craquel\u00e9 bleu, XXe si\u00e8cle<span class=\"Apple-converted-space\">\u00a0<\/span>[\/vc_custom_heading][vc_column_text uncode_shortcode_id=\u00a0\u00bb711975&Prime;]Ravissant, ce petit vase en c\u00e9ramique craquel\u00e9e pr\u00e9sente un joli d\u00e9grad\u00e9, du bleu fonc\u00e9 au bleu clair. Cette pi\u00e8ce aussi \u00e9l\u00e9gante que discr\u00e8te \u00e9voque les belles heures de la c\u00e9ramique des ann\u00e9es 1950. Tr\u00e8s bon \u00e9tat.<span class=\"Apple-converted-space\">\u00a0<\/span><\/p>\n<ul>\n<li>Prix de livraison en France m\u00e9tropolitaine : 35\u20ac<\/li>\n<li>Prix de livraison en Europe : 55\u20ac<\/li>\n<li>Prix de livraison autres destination : 75\u20ac<\/li>\n<\/ul>\n<p>[\/vc_column_text][\/vc_column][\/vc_row]<\/p>\n<\/div>","protected":false},"excerpt":{"rendered":"<p style=\"text-align: center;\">C\u00e9ramique craquel\u00e9e \u00e0 d\u00e9grad\u00e9 de bleu. Tr\u00e8s bon \u00e9tat.<\/p>\n<p style=\"text-align: center;\">Dimensions :<\/p>\n<ul>\n<li style=\"text-align: center;\">Hauteur : 21,5 cm<\/li>\n<li style=\"text-align: center;\">Diam\u00e8tre : 13 cm<\/li>\n<\/ul>\n","protected":false},"featured_media":96622,"template":"","meta":{"_seopress_robots_primary_cat":"none","_seopress_titles_title":"Petit vase craquel\u00e9 bleu, XXe si\u00e8cle ","_seopress_titles_desc":"C\u00e9ramique craquel\u00e9e \u00e0 d\u00e9grad\u00e9 de bleu. Tr\u00e8s bon \u00e9tat.","_seopress_robots_index":"","_seopress_analysis_target_kw":"","content-type":""},"product_brand":[],"product_cat":[319,76,114,115,218],"product_tag":[263,265],"class_list":{"0":"post-96626","1":"product","2":"type-product","3":"status-publish","4":"has-post-thumbnail","6":"product_cat-vases","7":"product_cat-objets","8":"product_cat-arts-decoratifs","9":"product_cat-ceramique","10":"product_cat-ceramiques-et-ceramiques-vernissees","11":"product_tag-xxe-siecle","12":"product_tag-bleu","13":"product_shipping_class-niveau-2","15":"first","16":"instock","17":"shipping-taxable","18":"purchasable","19":"product-type-simple","20":"add-to-wishlist-after_add_to_cart"},"_links":{"self":[{"href":"https:\/\/pipat-antiquites.fr\/fr\/wp-json\/wp\/v2\/product\/96626","targetHints":{"allow":["GET"]}}],"collection":[{"href":"https:\/\/pipat-antiquites.fr\/fr\/wp-json\/wp\/v2\/product"}],"about":[{"href":"https:\/\/pipat-antiquites.fr\/fr\/wp-json\/wp\/v2\/types\/product"}],"wp:featuredmedia":[{"embeddable":true,"href":"https:\/\/pipat-antiquites.fr\/fr\/wp-json\/wp\/v2\/media\/96622"}],"wp:attachment":[{"href":"https:\/\/pipat-antiquites.fr\/fr\/wp-json\/wp\/v2\/media?parent=96626"}],"wp:term":[{"taxonomy":"product_brand","embeddable":true,"href":"https:\/\/pipat-antiquites.fr\/fr\/wp-json\/wp\/v2\/product_brand?post=96626"},{"taxonomy":"product_cat","embeddable":true,"href":"https:\/\/pipat-antiquites.fr\/fr\/wp-json\/wp\/v2\/product_cat?post=96626"},{"taxonomy":"product_tag","embeddable":true,"href":"https:\/\/pipat-antiquites.fr\/fr\/wp-json\/wp\/v2\/product_tag?post=96626"}],"curies":[{"name":"wp","href":"https:\/\/api.w.org\/{rel}","templated":true}]}}