{"id":96605,"date":"2022-03-29T18:11:21","date_gmt":"2022-03-29T16:11:21","guid":{"rendered":"https:\/\/pipat-antiquites.fr\/?post_type=product&#038;p=96605"},"modified":"2022-03-30T10:18:22","modified_gmt":"2022-03-30T08:18:22","slug":"vase-jaune-en-ceramique-vernissee-chine-debut-xx-20-siecle","status":"publish","type":"product","link":"https:\/\/pipat-antiquites.fr\/fr\/objets\/vase-jaune-en-ceramique-vernissee-chine-debut-xx-20-siecle\/","title":{"rendered":"Vase jaune en c\u00e9ramique verniss\u00e9e. Chine, d\u00e9but XXe si\u00e8cle"},"content":{"rendered":"<div class=\"wpb-content-wrapper\"><p>[vc_row][vc_column column_width_percent=\u00a0\u00bb100&Prime; gutter_size=\u00a0\u00bb3&Prime; override_padding=\u00a0\u00bbyes\u00a0\u00bb column_padding=\u00a0\u00bb3&Prime; overlay_alpha=\u00a0\u00bb50&Prime; shift_x=\u00a0\u00bb0&Prime; shift_y=\u00a0\u00bb0&Prime; shift_y_down=\u00a0\u00bb0&Prime; z_index=\u00a0\u00bb0&Prime; medium_width=\u00a0\u00bb0&Prime; mobile_width=\u00a0\u00bb0&Prime; width=\u00a0\u00bb1\/1&Prime; uncode_shortcode_id=\u00a0\u00bb831563&Prime;][vc_custom_heading text_weight=\u00a0\u00bb300&Prime; uncode_shortcode_id=\u00a0\u00bb520576&Prime;]Vase jaune en c\u00e9ramique verniss\u00e9e. Chine, d\u00e9but XXe si\u00e8cle[\/vc_custom_heading][vc_column_text uncode_shortcode_id=\u00a0\u00bb192865&Prime;]Ce grand et beau vase jaune citron adopte une forme balustre typiquement chinoise. Sans marque ni d\u00e9faut, ce vase chinois en c\u00e9ramique verniss\u00e9e est une pi\u00e8ce pleine de caract\u00e8re \u00e0 l\u2019allure r\u00e9solument ancr\u00e9e dans les lignes appr\u00e9ci\u00e9es de l\u2019art asiatique. Tr\u00e8s bon \u00e9tat.<\/p>\n<ul>\n<li>Prix de livraison en France m\u00e9tropolitaine : 75\u20ac<\/li>\n<li>Prix de livraison en Europe : 115\u20ac<\/li>\n<li>Prix de livraison autres destination : 175\u20ac<\/li>\n<\/ul>\n<p>[\/vc_column_text][\/vc_column][\/vc_row]<\/p>\n<\/div>","protected":false},"excerpt":{"rendered":"<p style=\"text-align: center;\">Vase balustre jaune citron en tr\u00e8s bon \u00e9tat.<\/p>\n<p style=\"text-align: center;\">Dimensions :<\/p>\n<ul>\n<li style=\"text-align: center;\">Hauteur : 36 cm<\/li>\n<li style=\"text-align: center;\">Diam\u00e8tre : 18 cm<\/li>\n<\/ul>\n","protected":false},"featured_media":96597,"template":"","meta":{"_seopress_robots_primary_cat":"none","_seopress_titles_title":"Vase jaune en c\u00e9ramique verniss\u00e9e. Chine, d\u00e9but XXe si\u00e8cle","_seopress_titles_desc":"Vase balustre jaune citron en tr\u00e8s bon \u00e9tat.","_seopress_robots_index":"","_seopress_analysis_target_kw":"","content-type":""},"product_brand":[],"product_cat":[76,114,115,218,319],"product_tag":[257,263,308],"class_list":{"0":"post-96605","1":"product","2":"type-product","3":"status-publish","4":"has-post-thumbnail","6":"product_cat-objets","7":"product_cat-arts-decoratifs","8":"product_cat-ceramique","9":"product_cat-ceramiques-et-ceramiques-vernissees","10":"product_cat-vases","11":"product_tag-art-dasie","12":"product_tag-xxe-siecle","13":"product_tag-jaune","14":"product_shipping_class-niveau-3","16":"first","17":"instock","18":"shipping-taxable","19":"purchasable","20":"product-type-simple","21":"add-to-wishlist-after_add_to_cart"},"_links":{"self":[{"href":"https:\/\/pipat-antiquites.fr\/fr\/wp-json\/wp\/v2\/product\/96605","targetHints":{"allow":["GET"]}}],"collection":[{"href":"https:\/\/pipat-antiquites.fr\/fr\/wp-json\/wp\/v2\/product"}],"about":[{"href":"https:\/\/pipat-antiquites.fr\/fr\/wp-json\/wp\/v2\/types\/product"}],"wp:featuredmedia":[{"embeddable":true,"href":"https:\/\/pipat-antiquites.fr\/fr\/wp-json\/wp\/v2\/media\/96597"}],"wp:attachment":[{"href":"https:\/\/pipat-antiquites.fr\/fr\/wp-json\/wp\/v2\/media?parent=96605"}],"wp:term":[{"taxonomy":"product_brand","embeddable":true,"href":"https:\/\/pipat-antiquites.fr\/fr\/wp-json\/wp\/v2\/product_brand?post=96605"},{"taxonomy":"product_cat","embeddable":true,"href":"https:\/\/pipat-antiquites.fr\/fr\/wp-json\/wp\/v2\/product_cat?post=96605"},{"taxonomy":"product_tag","embeddable":true,"href":"https:\/\/pipat-antiquites.fr\/fr\/wp-json\/wp\/v2\/product_tag?post=96605"}],"curies":[{"name":"wp","href":"https:\/\/api.w.org\/{rel}","templated":true}]}}