{"id":96398,"date":"2021-12-14T11:38:06","date_gmt":"2021-12-14T10:38:06","guid":{"rendered":"https:\/\/pipat-antiquites.fr\/?post_type=product&#038;p=96398"},"modified":"2021-12-14T11:46:39","modified_gmt":"2021-12-14T10:46:39","slug":"scriban-bureau-acajou-cuba-mouchete-fin-xviii-18-siecle-debut-xix-19-siecle","status":"publish","type":"product","link":"https:\/\/pipat-antiquites.fr\/fr\/objets\/scriban-bureau-acajou-cuba-mouchete-fin-xviii-18-siecle-debut-xix-19-siecle\/","title":{"rendered":"Scriban en acajou de Cuba mouchet\u00e9, fin XVIIIe si\u00e8cle \/ d\u00e9but XIXe si\u00e8cle"},"content":{"rendered":"<div class=\"wpb-content-wrapper\"><p>[vc_row][vc_column column_width_percent=\u00a0\u00bb100&Prime; gutter_size=\u00a0\u00bb3&Prime; override_padding=\u00a0\u00bbyes\u00a0\u00bb column_padding=\u00a0\u00bb3&Prime; overlay_alpha=\u00a0\u00bb50&Prime; shift_x=\u00a0\u00bb0&Prime; shift_y=\u00a0\u00bb0&Prime; shift_y_down=\u00a0\u00bb0&Prime; z_index=\u00a0\u00bb0&Prime; medium_width=\u00a0\u00bb0&Prime; mobile_width=\u00a0\u00bb0&Prime; width=\u00a0\u00bb1\/1&Prime; uncode_shortcode_id=\u00a0\u00bb350178&Prime;][vc_custom_heading text_weight=\u00a0\u00bb300&Prime; uncode_shortcode_id=\u00a0\u00bb131969&Prime;]Scriban en acajou de Cuba mouchet\u00e9, fin XVIIIe si\u00e8cle \/ d\u00e9but XIXe si\u00e8cle[\/vc_custom_heading][vc_column_text uncode_shortcode_id=\u00a0\u00bb133021&Prime;]Mobilier classique et caract\u00e9ristique de la ville de Bordeaux, le scriban en acajou est un incontournable<span class=\"Apple-converted-space\">\u00a0 <\/span>de l\u2019int\u00e9rieur bourgeois. Ici, le raffinement va jusqu\u2019au choix de l\u2019acajou mouchet\u00e9, en provenance de Cuba, et d\u2019un \u00e9l\u00e9gant cuir vert marqu\u00e9 au petit fer pour couvrir l\u2019\u00e9critoire. L\u2019ensemble est en tr\u00e8s bon \u00e9tat et offre de nombreux tiroirs, 6 \u00e0 l\u2019int\u00e9rieur du meuble ainsi qu\u2019un espace d\u00e9di\u00e9 \u00e0 l\u2019encrier, et trois autres tiroirs sous l\u2019\u00e9critoire.[\/vc_column_text][\/vc_column][\/vc_row]<\/p>\n<\/div>","protected":false},"excerpt":{"rendered":"<p style=\"text-align: center;\">Cuir vert dor\u00e9 au petit fer, sabots et poign\u00e9es de tirage en bronze dor\u00e9. Tr\u00e8s bon \u00e9tat.<\/p>\n<p style=\"text-align: center;\">Dimensions :<\/p>\n<ul>\n<li style=\"text-align: center;\">Hauteur : 104 cm<\/li>\n<li style=\"text-align: center;\">Largeur : 106,5 cm<\/li>\n<li style=\"text-align: center;\">Profondeur : 51 cm<\/li>\n<li style=\"text-align: center;\">Profondeur \u00e9critoire : 40,5 cm<\/li>\n<\/ul>\n","protected":false},"featured_media":96386,"template":"","meta":{"_seopress_robots_primary_cat":"none","_seopress_titles_title":"Scriban en acajou de Cuba mouchet\u00e9, fin XVIIIe si\u00e8cle \/ d\u00e9but XIXe si\u00e8cle","_seopress_titles_desc":"Cuir vert dor\u00e9 au petit fer, sabots et poign\u00e9es de tirage en bronze dor\u00e9. Tr\u00e8s bon \u00e9tat.","_seopress_robots_index":"","content-type":""},"product_brand":[],"product_cat":[69,106,127,135],"product_tag":[161,252,280],"class_list":{"0":"post-96398","1":"product","2":"type-product","3":"status-publish","4":"has-post-thumbnail","6":"product_cat-mobilier","7":"product_cat-meubles","8":"product_cat-bureaux","9":"product_cat-secretaires","10":"product_tag-xviiie-siecle","11":"product_tag-xixe-siecle","12":"product_tag-acajou","14":"first","15":"instock","16":"shipping-taxable","17":"product-type-simple","18":"add-to-wishlist-after_add_to_cart"},"_links":{"self":[{"href":"https:\/\/pipat-antiquites.fr\/fr\/wp-json\/wp\/v2\/product\/96398","targetHints":{"allow":["GET"]}}],"collection":[{"href":"https:\/\/pipat-antiquites.fr\/fr\/wp-json\/wp\/v2\/product"}],"about":[{"href":"https:\/\/pipat-antiquites.fr\/fr\/wp-json\/wp\/v2\/types\/product"}],"wp:featuredmedia":[{"embeddable":true,"href":"https:\/\/pipat-antiquites.fr\/fr\/wp-json\/wp\/v2\/media\/96386"}],"wp:attachment":[{"href":"https:\/\/pipat-antiquites.fr\/fr\/wp-json\/wp\/v2\/media?parent=96398"}],"wp:term":[{"taxonomy":"product_brand","embeddable":true,"href":"https:\/\/pipat-antiquites.fr\/fr\/wp-json\/wp\/v2\/product_brand?post=96398"},{"taxonomy":"product_cat","embeddable":true,"href":"https:\/\/pipat-antiquites.fr\/fr\/wp-json\/wp\/v2\/product_cat?post=96398"},{"taxonomy":"product_tag","embeddable":true,"href":"https:\/\/pipat-antiquites.fr\/fr\/wp-json\/wp\/v2\/product_tag?post=96398"}],"curies":[{"name":"wp","href":"https:\/\/api.w.org\/{rel}","templated":true}]}}