{"id":96345,"date":"2021-12-13T11:09:33","date_gmt":"2021-12-13T10:09:33","guid":{"rendered":"https:\/\/pipat-antiquites.fr\/?post_type=product&#038;p=96345"},"modified":"2023-10-31T17:08:40","modified_gmt":"2023-10-31T16:08:40","slug":"meuble-buffet-chinois-debut-xx-20-siecle","status":"publish","type":"product","link":"https:\/\/pipat-antiquites.fr\/fr\/objets\/meuble-buffet-chinois-debut-xx-20-siecle\/","title":{"rendered":"Buffet chinois, d\u00e9but XXe si\u00e8cle"},"content":{"rendered":"<div class=\"wpb-content-wrapper\"><p>[vc_row][vc_column column_width_percent=\u00a0\u00bb100&Prime; gutter_size=\u00a0\u00bb3&Prime; override_padding=\u00a0\u00bbyes\u00a0\u00bb column_padding=\u00a0\u00bb3&Prime; overlay_alpha=\u00a0\u00bb50&Prime; shift_x=\u00a0\u00bb0&Prime; shift_y=\u00a0\u00bb0&Prime; shift_y_down=\u00a0\u00bb0&Prime; z_index=\u00a0\u00bb0&Prime; medium_width=\u00a0\u00bb0&Prime; mobile_width=\u00a0\u00bb0&Prime; width=\u00a0\u00bb1\/1&Prime; uncode_shortcode_id=\u00a0\u00bb160469&Prime;][vc_custom_heading text_weight=\u00a0\u00bb300&Prime; uncode_shortcode_id=\u00a0\u00bb828152&Prime;]Buffet chinois, d\u00e9but XXe si\u00e8cle<span class=\"Apple-converted-space\">\u00a0<\/span>[\/vc_custom_heading][vc_column_text uncode_shortcode_id=\u00a0\u00bb107139&Prime;]Orn\u00e9 de motifs d\u2019oiseaux et de fleurs de lotus, ce meuble aux nombreux rangements poss\u00e8de tous les atours du mobilier asiatique du tournant du XXe si\u00e8cle. Alors que le japonisme s\u00e9duit l\u2019Europe depuis l\u2019Exposition universelle de Paris de 1878, des marchands &#8211; dont Siegfried Bing &#8211; se sp\u00e9cialisent dans l\u2019import de meubles chinois. Peut-\u00eatre notre meuble a-t-il \u00e9t\u00e9 import\u00e9 par l\u2019un de ces nombreux marchands europ\u00e9ens, tr\u00e8s actifs aupr\u00e8s des artisans chinois. L\u2019ensemble est en tr\u00e8s bon \u00e9tat.[\/vc_column_text][\/vc_column][\/vc_row]<\/p>\n<\/div>","protected":false},"excerpt":{"rendered":"<p style=\"text-align: center;\">En bois et panneaux de cuivre. Tr\u00e8s bon \u00e9tat.<\/p>\n<p style=\"text-align: center;\">Dimensions :<\/p>\n<ul>\n<li style=\"text-align: center;\">Hauteur : 203 cm<\/li>\n<li style=\"text-align: center;\">Largeur : 111 cm<\/li>\n<li style=\"text-align: center;\">Profondeur : 34,5 cm<\/li>\n<\/ul>\n","protected":false},"featured_media":97647,"template":"","meta":{"_seopress_robots_primary_cat":"none","_seopress_titles_title":"Buffet chinois, d\u00e9but XXe si\u00e8cle ","_seopress_titles_desc":"Meuble en bois ajour\u00e9 et panneaux d\u00e9coratifs en cuivre.","_seopress_robots_index":"","content-type":""},"product_brand":[],"product_cat":[69,106,126],"product_tag":[257,263],"class_list":{"0":"post-96345","1":"product","2":"type-product","3":"status-publish","4":"has-post-thumbnail","6":"product_cat-mobilier","7":"product_cat-meubles","8":"product_cat-buffets-et-enfilades","9":"product_tag-art-dasie","10":"product_tag-xxe-siecle","12":"first","13":"outofstock","14":"shipping-taxable","15":"purchasable","16":"product-type-simple","17":"add-to-wishlist-after_add_to_cart"},"_links":{"self":[{"href":"https:\/\/pipat-antiquites.fr\/fr\/wp-json\/wp\/v2\/product\/96345","targetHints":{"allow":["GET"]}}],"collection":[{"href":"https:\/\/pipat-antiquites.fr\/fr\/wp-json\/wp\/v2\/product"}],"about":[{"href":"https:\/\/pipat-antiquites.fr\/fr\/wp-json\/wp\/v2\/types\/product"}],"wp:featuredmedia":[{"embeddable":true,"href":"https:\/\/pipat-antiquites.fr\/fr\/wp-json\/wp\/v2\/media\/97647"}],"wp:attachment":[{"href":"https:\/\/pipat-antiquites.fr\/fr\/wp-json\/wp\/v2\/media?parent=96345"}],"wp:term":[{"taxonomy":"product_brand","embeddable":true,"href":"https:\/\/pipat-antiquites.fr\/fr\/wp-json\/wp\/v2\/product_brand?post=96345"},{"taxonomy":"product_cat","embeddable":true,"href":"https:\/\/pipat-antiquites.fr\/fr\/wp-json\/wp\/v2\/product_cat?post=96345"},{"taxonomy":"product_tag","embeddable":true,"href":"https:\/\/pipat-antiquites.fr\/fr\/wp-json\/wp\/v2\/product_tag?post=96345"}],"curies":[{"name":"wp","href":"https:\/\/api.w.org\/{rel}","templated":true}]}}