{"id":96315,"date":"2018-12-13T10:30:30","date_gmt":"2018-12-13T09:30:30","guid":{"rendered":"https:\/\/pipat-antiquites.fr\/?post_type=product&#038;p=96315"},"modified":"2022-07-29T09:03:32","modified_gmt":"2022-07-29T07:03:32","slug":"paire-urnes-objet-decoratif-marbre-et-bronze-dore-xix-19-siecle","status":"publish","type":"product","link":"https:\/\/pipat-antiquites.fr\/fr\/objets\/paire-urnes-objet-decoratif-marbre-et-bronze-dore-xix-19-siecle\/","title":{"rendered":"Paire d\u2019urnes en marbre et bronze dor\u00e9, XIXe si\u00e8cle"},"content":{"rendered":"<div class=\"wpb-content-wrapper\"><p>[vc_row][vc_column column_width_percent=\u00a0\u00bb100&Prime; gutter_size=\u00a0\u00bb3&Prime; override_padding=\u00a0\u00bbyes\u00a0\u00bb column_padding=\u00a0\u00bb3&Prime; overlay_alpha=\u00a0\u00bb50&Prime; shift_x=\u00a0\u00bb0&Prime; shift_y=\u00a0\u00bb0&Prime; shift_y_down=\u00a0\u00bb0&Prime; z_index=\u00a0\u00bb0&Prime; medium_width=\u00a0\u00bb0&Prime; mobile_width=\u00a0\u00bb0&Prime; width=\u00a0\u00bb1\/1&Prime; uncode_shortcode_id=\u00a0\u00bb129571&Prime;][vc_custom_heading text_weight=\u00a0\u00bb300&Prime; uncode_shortcode_id=\u00a0\u00bb602831&Prime;]Paire d\u2019urnes en marbre et bronze dor\u00e9, XIXe si\u00e8cle<span class=\"Apple-converted-space\">\u00a0<\/span>[\/vc_custom_heading][vc_column_text uncode_shortcode_id=\u00a0\u00bb788213&Prime;]Indispensables de la d\u00e9coration int\u00e9rieure au XIXe si\u00e8cle, ces belles urnes en marbre et bronze dor\u00e9 pr\u00e9sentent naturellement des motifs classiques tels que les feuilles d\u2019acanthe formant les anses, un fretel \u00e0 forme de pomme de pin ou ce pi\u00e9douche cannel\u00e9 cercl\u00e9 d\u2019un chapelet de perles relevant d\u00e9licatement la base de marbre vein\u00e9.<\/p>\n<ul>\n<li>Prix de livraison en France m\u00e9tropolitaine : 55\u20ac<\/li>\n<li>Prix de livraison en Europe : 95\u20ac<\/li>\n<li>Prix de livraison autres destination : 125\u20ac<\/li>\n<\/ul>\n<p>[\/vc_column_text][\/vc_column][\/vc_row]<\/p>\n<\/div>","protected":false},"excerpt":{"rendered":"<p style=\"text-align: center;\">Marbre et bronze dor\u00e9. Tr\u00e8s bon \u00e9tat.<\/p>\n<p style=\"text-align: center;\">Dimensions :<\/p>\n<ul>\n<li style=\"text-align: center;\">Hauteur : 35 cm<\/li>\n<li style=\"text-align: center;\">Largeur : 11 cm<\/li>\n<li style=\"text-align: center;\">Profondeur : 11 cm<\/li>\n<\/ul>\n","protected":false},"featured_media":96309,"template":"","meta":{"_seopress_robots_primary_cat":"none","_seopress_titles_title":"Paire d\u2019urnes en marbre et bronze dor\u00e9, XIXe si\u00e8cle ","_seopress_titles_desc":"Objets d\u00e9coratifs dat\u00e9s du XIXe si\u00e8cle en tr\u00e8s bon \u00e9tat. Tr\u00e8s \u00e9l\u00e9gants.","_seopress_robots_index":"","content-type":""},"product_brand":[],"product_cat":[319,76,114],"product_tag":[252,254,274],"class_list":{"0":"post-96315","1":"product","2":"type-product","3":"status-publish","4":"has-post-thumbnail","6":"product_cat-vases","7":"product_cat-objets","8":"product_cat-arts-decoratifs","9":"product_tag-xixe-siecle","10":"product_tag-marbre","11":"product_tag-bronze-dore","12":"product_shipping_class-niveau-5","14":"first","15":"outofstock","16":"shipping-taxable","17":"purchasable","18":"product-type-simple","19":"add-to-wishlist-after_add_to_cart"},"_links":{"self":[{"href":"https:\/\/pipat-antiquites.fr\/fr\/wp-json\/wp\/v2\/product\/96315","targetHints":{"allow":["GET"]}}],"collection":[{"href":"https:\/\/pipat-antiquites.fr\/fr\/wp-json\/wp\/v2\/product"}],"about":[{"href":"https:\/\/pipat-antiquites.fr\/fr\/wp-json\/wp\/v2\/types\/product"}],"wp:featuredmedia":[{"embeddable":true,"href":"https:\/\/pipat-antiquites.fr\/fr\/wp-json\/wp\/v2\/media\/96309"}],"wp:attachment":[{"href":"https:\/\/pipat-antiquites.fr\/fr\/wp-json\/wp\/v2\/media?parent=96315"}],"wp:term":[{"taxonomy":"product_brand","embeddable":true,"href":"https:\/\/pipat-antiquites.fr\/fr\/wp-json\/wp\/v2\/product_brand?post=96315"},{"taxonomy":"product_cat","embeddable":true,"href":"https:\/\/pipat-antiquites.fr\/fr\/wp-json\/wp\/v2\/product_cat?post=96315"},{"taxonomy":"product_tag","embeddable":true,"href":"https:\/\/pipat-antiquites.fr\/fr\/wp-json\/wp\/v2\/product_tag?post=96315"}],"curies":[{"name":"wp","href":"https:\/\/api.w.org\/{rel}","templated":true}]}}