{"id":95858,"date":"2019-11-12T11:24:59","date_gmt":"2019-11-12T10:24:59","guid":{"rendered":"https:\/\/pipat-antiquites.fr\/?post_type=product&#038;p=95858"},"modified":"2022-07-29T09:05:45","modified_gmt":"2022-07-29T07:05:45","slug":"retour-de-peche-la-rochelle-nature-morte-aux-crevettes-albert-tibulle-furcy-de-lavault-1847-1915","status":"publish","type":"product","link":"https:\/\/pipat-antiquites.fr\/fr\/objets\/retour-de-peche-la-rochelle-nature-morte-aux-crevettes-albert-tibulle-furcy-de-lavault-1847-1915\/","title":{"rendered":"Retour de p\u00eache, nature morte aux crevettes, Albert Tibulle Furcy de Lavault (1847 &#8211; 1915)"},"content":{"rendered":"<div class=\"wpb-content-wrapper\"><p>[vc_row][vc_column column_width_percent=\u00a0\u00bb100&Prime; gutter_size=\u00a0\u00bb3&Prime; override_padding=\u00a0\u00bbyes\u00a0\u00bb column_padding=\u00a0\u00bb3&Prime; overlay_alpha=\u00a0\u00bb50&Prime; shift_x=\u00a0\u00bb0&Prime; shift_y=\u00a0\u00bb0&Prime; shift_y_down=\u00a0\u00bb0&Prime; z_index=\u00a0\u00bb0&Prime; medium_width=\u00a0\u00bb0&Prime; mobile_width=\u00a0\u00bb0&Prime; width=\u00a0\u00bb1\/1&Prime; uncode_shortcode_id=\u00a0\u00bb436731&Prime;][vc_custom_heading text_weight=\u00a0\u00bb300&Prime; uncode_shortcode_id=\u00a0\u00bb197027&Prime;]Retour de p\u00eache, nature morte aux crevettes, Albert Tibulle Furcy de Lavault (1847 &#8211; 1915)<span class=\"Apple-converted-space\">\u00a0<\/span>[\/vc_custom_heading][vc_column_text uncode_shortcode_id=\u00a0\u00bb513207&Prime;]Cette huile sur toile du peintre Albert Tibulle Furcy de Lavault (1847 &#8211; 1915) figurant un retour de p\u00eache se distingue par une grande ma\u00eetrise d\u2019un r\u00e9alisme pictural remarquable. Ce peintre et ancien conservateur du mus\u00e9e des beaux arts de La Rochelle fait montre ici de tout son talent dans un domaine auquel il n\u2019a pas habitu\u00e9 les salons o\u00f9 il expose r\u00e9guli\u00e8rement. Davantage connu pour ses bouquets superbes, il m\u00e9rite toute notre admiration pour ce tableau qui lui fut sans doute inspir\u00e9 par ses ann\u00e9es de vie au bord de l\u2019oc\u00e9an.[\/vc_column_text][vc_button button_color=\u00a0\u00bbaccent\u00a0\u00bb border_width=\u00a0\u00bb0&Prime; link=\u00a0\u00bburl:https%3A%2F%2Fpipat-antiquites.fr%2Ffr%2Fnature-morte-signee-albert-tibulle-furcy-de-lavault-1847-1915%2F|title:Nature%20morte%20sign%C3%A9e%20Albert%20Tibulle%20Furcy%20de%20Lavault%20(1847%20%E2%80%93%201915)|target:_blank\u00a0\u00bb uncode_shortcode_id=\u00a0\u00bb124650&Prime; button_color_type=\u00a0\u00bbuncode-palette\u00a0\u00bb]D\u00e9couvrir l&rsquo;article d\u00e9di\u00e9[\/vc_button][\/vc_column][\/vc_row]<\/p>\n<\/div>","protected":false},"excerpt":{"rendered":"<p style=\"text-align: center;\">Huile sur toile sign\u00e9e en tr\u00e8s bon \u00e9tat. Ancienne collection Soullard Fr\u00e8res, La Rochelle.<\/p>\n<p style=\"text-align: center;\">Dimensions avec cadre :<\/p>\n<ul>\n<li style=\"text-align: center;\">Hauteur : 72 cm<\/li>\n<li style=\"text-align: center;\">Largeur : 107 cm<\/li>\n<\/ul>\n","protected":false},"featured_media":95502,"template":"","meta":{"_seopress_robots_primary_cat":"none","_seopress_titles_title":"Retour de p\u00eache, nature morte aux crevettes, Albert Tibulle Furcy de Lavault (1847 - 1915) ","_seopress_titles_desc":"Huile sur toile de l&#039;ancien directeur du Mus\u00e9e des Beaux-Arts de La Rochelle. ","_seopress_robots_index":"","content-type":""},"product_brand":[],"product_cat":[77,121,180],"product_tag":[252,263],"class_list":{"0":"post-95858","1":"product","2":"type-product","3":"status-publish","4":"has-post-thumbnail","6":"product_cat-beaux-arts","7":"product_cat-peintures-et-tableaux","8":"product_cat-natures-mortes","9":"product_tag-xixe-siecle","10":"product_tag-xxe-siecle","12":"first","13":"outofstock","14":"shipping-taxable","15":"purchasable","16":"product-type-simple","17":"add-to-wishlist-after_add_to_cart"},"_links":{"self":[{"href":"https:\/\/pipat-antiquites.fr\/fr\/wp-json\/wp\/v2\/product\/95858","targetHints":{"allow":["GET"]}}],"collection":[{"href":"https:\/\/pipat-antiquites.fr\/fr\/wp-json\/wp\/v2\/product"}],"about":[{"href":"https:\/\/pipat-antiquites.fr\/fr\/wp-json\/wp\/v2\/types\/product"}],"wp:featuredmedia":[{"embeddable":true,"href":"https:\/\/pipat-antiquites.fr\/fr\/wp-json\/wp\/v2\/media\/95502"}],"wp:attachment":[{"href":"https:\/\/pipat-antiquites.fr\/fr\/wp-json\/wp\/v2\/media?parent=95858"}],"wp:term":[{"taxonomy":"product_brand","embeddable":true,"href":"https:\/\/pipat-antiquites.fr\/fr\/wp-json\/wp\/v2\/product_brand?post=95858"},{"taxonomy":"product_cat","embeddable":true,"href":"https:\/\/pipat-antiquites.fr\/fr\/wp-json\/wp\/v2\/product_cat?post=95858"},{"taxonomy":"product_tag","embeddable":true,"href":"https:\/\/pipat-antiquites.fr\/fr\/wp-json\/wp\/v2\/product_tag?post=95858"}],"curies":[{"name":"wp","href":"https:\/\/api.w.org\/{rel}","templated":true}]}}