{"id":95650,"date":"2021-11-02T09:20:11","date_gmt":"2021-11-02T08:20:11","guid":{"rendered":"https:\/\/pipat-antiquites.fr\/?post_type=product&#038;p=95650"},"modified":"2021-12-10T16:35:57","modified_gmt":"2021-12-10T15:35:57","slug":"huile-sur-panneau-madagascar-asie-signature-xix-19-siecle","status":"publish","type":"product","link":"https:\/\/pipat-antiquites.fr\/fr\/objets\/huile-sur-panneau-madagascar-asie-signature-xix-19-siecle\/","title":{"rendered":"Huile sur panneau sign\u00e9e, XIXe si\u00e8cle"},"content":{"rendered":"<div class=\"wpb-content-wrapper\"><p>[vc_row][vc_column column_width_percent=\u00a0\u00bb100&Prime; gutter_size=\u00a0\u00bb3&Prime; override_padding=\u00a0\u00bbyes\u00a0\u00bb column_padding=\u00a0\u00bb3&Prime; overlay_alpha=\u00a0\u00bb50&Prime; shift_x=\u00a0\u00bb0&Prime; shift_y=\u00a0\u00bb0&Prime; shift_y_down=\u00a0\u00bb0&Prime; z_index=\u00a0\u00bb0&Prime; medium_width=\u00a0\u00bb0&Prime; mobile_width=\u00a0\u00bb0&Prime; width=\u00a0\u00bb1\/1&Prime; uncode_shortcode_id=\u00a0\u00bb212173&Prime;][vc_custom_heading text_weight=\u00a0\u00bb300&Prime; uncode_shortcode_id=\u00a0\u00bb354279&Prime;]Huile sur panneau sign\u00e9e, XIXe si\u00e8cle<span class=\"Apple-converted-space\">\u00a0<\/span>[\/vc_custom_heading][vc_column_text uncode_shortcode_id=\u00a0\u00bb797537&Prime;]Nous suivons ici la promenade d\u2019un peintre dont le trajet semble quotidien \u00e0 en juger par la s\u00fbret\u00e9 du point de vue. Les personnages sont repr\u00e9sent\u00e9s vacant \u00e0 leurs occupations et ce beau chemin bord\u00e9 de palmier devant un ciel limpide semble autant une banalit\u00e9 pour les autochtones qu\u2019une vue superbement exotique pour notre peintre ! Sommes-nous \u00e0 Madagascar ? En Asie ? Au Maghreb ? Nul ne saurait le dire. N\u00e9anmoins, ce tableau a le don de nous faire voyager !<\/p>\n<ul>\n<li>Prix de livraison en France m\u00e9tropolitaine : 35\u20ac<\/li>\n<li>Prix de livraison en Europe : 55\u20ac<\/li>\n<li>Prix de livraison autres destination : 75\u20ac<\/li>\n<\/ul>\n<p>[\/vc_column_text][\/vc_column][\/vc_row]<\/p>\n<\/div>","protected":false},"excerpt":{"rendered":"<p style=\"text-align: center;\">Huile sur panneau sign\u00e9e figurant un paysage exotique, peut-\u00eatre \u00e0 Madagascar ou en Asie. Tr\u00e8s bon \u00e9tat.<\/p>\n<p style=\"text-align: center;\">Dimensions sans cadre :<\/p>\n<ul style=\"text-align: center;\">\n<li>Hauteur : 27 cm<\/li>\n<li>Largeur : 35 cm<\/li>\n<\/ul>\n<p style=\"text-align: center;\">Dimensions avec cadre :<\/p>\n<ul>\n<li style=\"text-align: center;\">Hauteur : 31,5 cm<\/li>\n<li style=\"text-align: center;\">Largeur : 40 cm<\/li>\n<li style=\"text-align: center;\">Profondeur : 2,5 cm<\/li>\n<\/ul>\n","protected":false},"featured_media":95636,"template":"","meta":{"_seopress_robots_primary_cat":"none","_seopress_titles_title":"Huile sur panneau sign\u00e9e, XIXe si\u00e8cle ","_seopress_titles_desc":"Huile sur panneau figurant un paysage exotique, peut-\u00eatre \u00e0 Madagascar ou en Asie. Tr\u00e8s bon \u00e9tat.","_seopress_robots_index":"","content-type":""},"product_brand":[],"product_cat":[77,121,182],"product_tag":[252],"class_list":{"0":"post-95650","1":"product","2":"type-product","3":"status-publish","4":"has-post-thumbnail","6":"product_cat-beaux-arts","7":"product_cat-peintures-et-tableaux","8":"product_cat-paysages","9":"product_tag-xixe-siecle","10":"product_shipping_class-niveau-2","12":"first","13":"outofstock","14":"shipping-taxable","15":"purchasable","16":"product-type-simple","17":"add-to-wishlist-after_add_to_cart"},"_links":{"self":[{"href":"https:\/\/pipat-antiquites.fr\/fr\/wp-json\/wp\/v2\/product\/95650","targetHints":{"allow":["GET"]}}],"collection":[{"href":"https:\/\/pipat-antiquites.fr\/fr\/wp-json\/wp\/v2\/product"}],"about":[{"href":"https:\/\/pipat-antiquites.fr\/fr\/wp-json\/wp\/v2\/types\/product"}],"wp:featuredmedia":[{"embeddable":true,"href":"https:\/\/pipat-antiquites.fr\/fr\/wp-json\/wp\/v2\/media\/95636"}],"wp:attachment":[{"href":"https:\/\/pipat-antiquites.fr\/fr\/wp-json\/wp\/v2\/media?parent=95650"}],"wp:term":[{"taxonomy":"product_brand","embeddable":true,"href":"https:\/\/pipat-antiquites.fr\/fr\/wp-json\/wp\/v2\/product_brand?post=95650"},{"taxonomy":"product_cat","embeddable":true,"href":"https:\/\/pipat-antiquites.fr\/fr\/wp-json\/wp\/v2\/product_cat?post=95650"},{"taxonomy":"product_tag","embeddable":true,"href":"https:\/\/pipat-antiquites.fr\/fr\/wp-json\/wp\/v2\/product_tag?post=95650"}],"curies":[{"name":"wp","href":"https:\/\/api.w.org\/{rel}","templated":true}]}}