{"id":95500,"date":"2021-10-20T10:24:28","date_gmt":"2021-10-20T08:24:28","guid":{"rendered":"https:\/\/pipat-antiquites.fr\/?post_type=product&#038;p=95500"},"modified":"2021-10-20T10:24:29","modified_gmt":"2021-10-20T08:24:29","slug":"paire-de-hautes-vases-potiches-satsuma-art-japonais-xix-19-siecle","status":"publish","type":"product","link":"https:\/\/pipat-antiquites.fr\/fr\/objets\/paire-de-hautes-vases-potiches-satsuma-art-japonais-xix-19-siecle\/","title":{"rendered":"Paire de hautes potiches satsuma, XIXe si\u00e8cle"},"content":{"rendered":"<div class=\"wpb-content-wrapper\"><p>[vc_row][vc_column column_width_percent=\u00a0\u00bb100&Prime; gutter_size=\u00a0\u00bb3&Prime; override_padding=\u00a0\u00bbyes\u00a0\u00bb column_padding=\u00a0\u00bb3&Prime; overlay_alpha=\u00a0\u00bb50&Prime; shift_x=\u00a0\u00bb0&Prime; shift_y=\u00a0\u00bb0&Prime; shift_y_down=\u00a0\u00bb0&Prime; z_index=\u00a0\u00bb0&Prime; medium_width=\u00a0\u00bb0&Prime; mobile_width=\u00a0\u00bb0&Prime; width=\u00a0\u00bb1\/1&Prime; uncode_shortcode_id=\u00a0\u00bb266980&Prime;][vc_custom_heading text_weight=\u00a0\u00bb300&Prime; uncode_shortcode_id=\u00a0\u00bb102225&Prime;]Paire de hautes potiches satsuma, XIXe si\u00e8cle<span class=\"Apple-converted-space\">\u00a0<\/span>[\/vc_custom_heading][vc_column_text uncode_shortcode_id=\u00a0\u00bb805464&Prime;]Cette taille inhabituelle vaut qu\u2019on prenne le temps d\u2019admirer ces deux grands vases japonais en c\u00e9ramique satsuma. On y observe une riche sc\u00e8ne m\u00ealant plusieurs dignitaires et guerriers samoura\u00efs japonais, l\u2019empereur \u00e9galement. Le tout est richement relev\u00e9 d\u2019une palette color\u00e9e m\u00eal\u00e9e d\u2019or. Chaque vase est sign\u00e9 et pr\u00e9sente \u00e0 la naissance du col une t\u00eate, gueule ouverte, d\u2019un lion de Fo.<\/p>\n<p>Traditionnellement r\u00e9alis\u00e9e dans la r\u00e9gion de Kagoshima (Ky\u016bsh\u016b) la c\u00e9ramique satsuma est sans doute une des plus plus c\u00e9l\u00e8bres du Japon sans pourtant \u00eatre la plus ancienne. Cet technique n\u2019appara\u00eet dans l\u2019archipel qu\u2019\u00e0 la toute fin du XVIe si\u00e8cle et ne prend son v\u00e9ritable essor qu\u2019au XIXe si\u00e8cle lorsque l\u2019engouement des Europ\u00e9ens pour cette c\u00e9ramique se fait sentir. \u00c0 dominante dor\u00e9e, rouge et bleue, nos Satsuma sont d\u2019\u00e9l\u00e9gantes pi\u00e8ces de d\u00e9corations. L\u2019ensemble est en parfait \u00e9tat.[\/vc_column_text][\/vc_column][\/vc_row]<\/p>\n<\/div>","protected":false},"excerpt":{"rendered":"<p style=\"text-align: center;\">Tr\u00e8s hauts vases en c\u00e9ramique satsuma sign\u00e9e. Parfait \u00e9tat.<\/p>\n<p style=\"text-align: center;\">Dimensions :<\/p>\n<ul>\n<li style=\"text-align: center;\">Hauteur : 112 cm<\/li>\n<li style=\"text-align: center;\">Diam\u00e8tre : 55 cm<\/li>\n<\/ul>\n","protected":false},"featured_media":95488,"template":"","meta":{"_seopress_robots_primary_cat":"","_seopress_titles_title":"Paire de hautes potiches satsuma, XIXe si\u00e8cle ","_seopress_titles_desc":"Tr\u00e8s hauts vases en c\u00e9ramique satsuma sign\u00e9e. Parfait \u00e9tat.","_seopress_robots_index":"","content-type":""},"product_brand":[],"product_cat":[76,114,319],"product_tag":[252,257,522],"class_list":{"0":"post-95500","1":"product","2":"type-product","3":"status-publish","4":"has-post-thumbnail","6":"product_cat-objets","7":"product_cat-arts-decoratifs","8":"product_cat-vases","9":"product_tag-xixe-siecle","10":"product_tag-art-dasie","11":"product_tag-art-japonais","13":"first","14":"instock","15":"shipping-taxable","16":"product-type-simple","17":"add-to-wishlist-after_add_to_cart"},"_links":{"self":[{"href":"https:\/\/pipat-antiquites.fr\/fr\/wp-json\/wp\/v2\/product\/95500","targetHints":{"allow":["GET"]}}],"collection":[{"href":"https:\/\/pipat-antiquites.fr\/fr\/wp-json\/wp\/v2\/product"}],"about":[{"href":"https:\/\/pipat-antiquites.fr\/fr\/wp-json\/wp\/v2\/types\/product"}],"wp:featuredmedia":[{"embeddable":true,"href":"https:\/\/pipat-antiquites.fr\/fr\/wp-json\/wp\/v2\/media\/95488"}],"wp:attachment":[{"href":"https:\/\/pipat-antiquites.fr\/fr\/wp-json\/wp\/v2\/media?parent=95500"}],"wp:term":[{"taxonomy":"product_brand","embeddable":true,"href":"https:\/\/pipat-antiquites.fr\/fr\/wp-json\/wp\/v2\/product_brand?post=95500"},{"taxonomy":"product_cat","embeddable":true,"href":"https:\/\/pipat-antiquites.fr\/fr\/wp-json\/wp\/v2\/product_cat?post=95500"},{"taxonomy":"product_tag","embeddable":true,"href":"https:\/\/pipat-antiquites.fr\/fr\/wp-json\/wp\/v2\/product_tag?post=95500"}],"curies":[{"name":"wp","href":"https:\/\/api.w.org\/{rel}","templated":true}]}}