{"id":95447,"date":"2018-10-18T15:57:11","date_gmt":"2018-10-18T13:57:11","guid":{"rendered":"https:\/\/pipat-antiquites.fr\/?post_type=product&#038;p=95447"},"modified":"2022-07-29T09:06:08","modified_gmt":"2022-07-29T07:06:08","slug":"paire-de-vases-neoclassiques-en-bronze-france-xixe-siecle","status":"publish","type":"product","link":"https:\/\/pipat-antiquites.fr\/fr\/objets\/paire-de-vases-neoclassiques-en-bronze-france-xixe-siecle\/","title":{"rendered":"Paire de vases n\u00e9oclassiques en bronze. France, XIXe si\u00e8cle"},"content":{"rendered":"<div class=\"wpb-content-wrapper\"><p>[vc_row][vc_column column_width_percent=\u00a0\u00bb100&Prime; gutter_size=\u00a0\u00bb3&Prime; override_padding=\u00a0\u00bbyes\u00a0\u00bb column_padding=\u00a0\u00bb3&Prime; overlay_alpha=\u00a0\u00bb50&Prime; shift_x=\u00a0\u00bb0&Prime; shift_y=\u00a0\u00bb0&Prime; shift_y_down=\u00a0\u00bb0&Prime; z_index=\u00a0\u00bb0&Prime; medium_width=\u00a0\u00bb0&Prime; mobile_width=\u00a0\u00bb0&Prime; width=\u00a0\u00bb1\/1&Prime; uncode_shortcode_id=\u00a0\u00bb110540&Prime;][vc_custom_heading text_weight=\u00a0\u00bb300&Prime; uncode_shortcode_id=\u00a0\u00bb181566&Prime;]Paire de vases n\u00e9oclassiques en bronze. France, XIXe si\u00e8cle<span class=\"Apple-converted-space\">\u00a0<\/span>[\/vc_custom_heading][vc_column_text uncode_shortcode_id=\u00a0\u00bb154957&Prime;]D\u2019un bronzier inconnue, la manufacture qui r\u00e9alisa ces vases n\u00e9oclassiques en bronze tint tout de m\u00eame \u00e0 imprimer le cachet \u00ab\u00a0Fabrication fran\u00e7aise\u00a0\u00bb.<span class=\"Apple-converted-space\">\u00a0<\/span><\/p>\n<p>\u00c0 forme de l\u00e9cythes \u00e9lanc\u00e9es, ces deux vases d\u00e9coratifs sont orn\u00e9s en moyen relief de la silhouette profil\u00e9e de la d\u00e9esse Aphrodite tenant \u00e0 la main ses attributs, miroir et ceinture. Chaque l\u00e9cythe pr\u00e9sent\u00e9e sur un socle de marbre est en tr\u00e8s bon \u00e9tat.<\/p>\n<ul>\n<li>Prix de livraison en France m\u00e9tropolitaine : 75\u20ac<\/li>\n<li>Prix de livraison en Europe : 115\u20ac<\/li>\n<li>Prix de livraison autres destination : 175\u20ac<\/li>\n<\/ul>\n<p>[\/vc_column_text][\/vc_column][\/vc_row]<\/p>\n<\/div>","protected":false},"excerpt":{"rendered":"<p style=\"text-align: center;\">Bronze patin\u00e9 et marbre. Tr\u00e8s bon \u00e9tat.<\/p>\n<p style=\"text-align: center;\">Dimensions :<\/p>\n<ul>\n<li style=\"text-align: center;\">Hauteur : 62,5 cm<\/li>\n<li style=\"text-align: center;\">Diam\u00e8tre : 16 cm<\/li>\n<\/ul>\n","protected":false},"featured_media":95439,"template":"","meta":{"_seopress_robots_primary_cat":"none","_seopress_titles_title":"Paire de vases n\u00e9oclassiques en bronze. France, XIXe si\u00e8cle ","_seopress_titles_desc":"Bronze patin\u00e9 et marbre. Sur les panses des vases est repr\u00e9sent\u00e9e la d\u00e9esse Aphrodite. Tr\u00e8s bon \u00e9tat.\r\n","_seopress_robots_index":"","content-type":""},"product_brand":[],"product_cat":[76,114,319],"product_tag":[150,252],"class_list":{"0":"post-95447","1":"product","2":"type-product","3":"status-publish","4":"has-post-thumbnail","6":"product_cat-objets","7":"product_cat-arts-decoratifs","8":"product_cat-vases","9":"product_tag-bronze","10":"product_tag-xixe-siecle","11":"product_shipping_class-niveau-3","13":"first","14":"outofstock","15":"shipping-taxable","16":"purchasable","17":"product-type-simple","18":"add-to-wishlist-after_add_to_cart"},"_links":{"self":[{"href":"https:\/\/pipat-antiquites.fr\/fr\/wp-json\/wp\/v2\/product\/95447","targetHints":{"allow":["GET"]}}],"collection":[{"href":"https:\/\/pipat-antiquites.fr\/fr\/wp-json\/wp\/v2\/product"}],"about":[{"href":"https:\/\/pipat-antiquites.fr\/fr\/wp-json\/wp\/v2\/types\/product"}],"wp:featuredmedia":[{"embeddable":true,"href":"https:\/\/pipat-antiquites.fr\/fr\/wp-json\/wp\/v2\/media\/95439"}],"wp:attachment":[{"href":"https:\/\/pipat-antiquites.fr\/fr\/wp-json\/wp\/v2\/media?parent=95447"}],"wp:term":[{"taxonomy":"product_brand","embeddable":true,"href":"https:\/\/pipat-antiquites.fr\/fr\/wp-json\/wp\/v2\/product_brand?post=95447"},{"taxonomy":"product_cat","embeddable":true,"href":"https:\/\/pipat-antiquites.fr\/fr\/wp-json\/wp\/v2\/product_cat?post=95447"},{"taxonomy":"product_tag","embeddable":true,"href":"https:\/\/pipat-antiquites.fr\/fr\/wp-json\/wp\/v2\/product_tag?post=95447"}],"curies":[{"name":"wp","href":"https:\/\/api.w.org\/{rel}","templated":true}]}}