{"id":95347,"date":"2021-10-13T09:40:59","date_gmt":"2021-10-13T07:40:59","guid":{"rendered":"https:\/\/pipat-antiquites.fr\/?post_type=product&#038;p=95347"},"modified":"2021-10-18T15:59:49","modified_gmt":"2021-10-18T13:59:49","slug":"paire-de-lithographies-aux-palombes-signee-jerome-trolliet-et-datee-1972","status":"publish","type":"product","link":"https:\/\/pipat-antiquites.fr\/fr\/objets\/paire-de-lithographies-aux-palombes-signee-jerome-trolliet-et-datee-1972\/","title":{"rendered":"Paire de lithographies aux palombes, sign\u00e9e J\u00e9r\u00f4me Trolliet et dat\u00e9e 1972"},"content":{"rendered":"<div class=\"wpb-content-wrapper\"><p>[vc_row][vc_column column_width_percent=\u00a0\u00bb100&Prime; gutter_size=\u00a0\u00bb3&Prime; override_padding=\u00a0\u00bbyes\u00a0\u00bb column_padding=\u00a0\u00bb3&Prime; overlay_alpha=\u00a0\u00bb50&Prime; shift_x=\u00a0\u00bb0&Prime; shift_y=\u00a0\u00bb0&Prime; shift_y_down=\u00a0\u00bb0&Prime; z_index=\u00a0\u00bb0&Prime; medium_width=\u00a0\u00bb0&Prime; mobile_width=\u00a0\u00bb0&Prime; width=\u00a0\u00bb1\/1&Prime; uncode_shortcode_id=\u00a0\u00bb139501&Prime;][vc_custom_heading text_weight=\u00a0\u00bb300&Prime; uncode_shortcode_id=\u00a0\u00bb452131&Prime;]Paire de lithographies aux palombes, sign\u00e9e J\u00e9r\u00f4me Trolliet et dat\u00e9e 1972<span class=\"Apple-converted-space\">\u00a0<\/span>[\/vc_custom_heading][vc_column_text uncode_shortcode_id=\u00a0\u00bb144709&Prime;]Artiste peintre aussi bien que vigneron talentueux du <a href=\"https:\/\/www.chateau-martinon.com\">ch\u00e2teau Martinon<\/a>, J\u00e9r\u00f4me Trolliet donne ici l\u2019illustration d\u2019un retour de chasse dans le go\u00fbt XIXe \/ XXe si\u00e8cle. Les deux oiseaux, dont l\u2019anatomie est parfaitement d\u00e9crite, sont aussi l\u2019occasion pour l\u2019artiste de faire montre de son talent de coloriste. Entre illustration de sciences naturelles et \u00e9vocation d\u2019un passe-temps appr\u00e9ci\u00e9 par Trolliet, ces deux lithographies aux palombes sont de tr\u00e8s belles \u0153uvres naturalistes.<span class=\"Apple-converted-space\">\u00a0<\/span><\/p>\n<p>\u00c9preuves 60\/99 et 62\/99. Encadrement d\u2019origine. Parfait \u00e9tat.<span class=\"Apple-converted-space\">\u00a0<\/span><\/p>\n<ul>\n<li>Prix de livraison en France m\u00e9tropolitaine : 55\u20ac<\/li>\n<li>Prix de livraison en Europe : 95\u20ac<\/li>\n<li>Prix de livraison autres destination : 125\u20ac<\/li>\n<\/ul>\n<p>[\/vc_column_text][\/vc_column][\/vc_row]<\/p>\n<\/div>","protected":false},"excerpt":{"rendered":"<p style=\"text-align: center;\">\u00c9preuves\u00a060\/99 et 62\/99, dat\u00e9es et sign\u00e9es au crayon. Encadrement d\u2019origine. Parfait \u00e9tat.<span class=\"Apple-converted-space\">\u00a0<\/span><\/p>\n<p style=\"text-align: center;\">Dimensions :<\/p>\n<ul>\n<li style=\"text-align: center;\">Hauteur : 73 cm<\/li>\n<li style=\"text-align: center;\">Largeur : 56 cm<\/li>\n<\/ul>\n","protected":false},"featured_media":95332,"template":"","meta":{"_seopress_robots_primary_cat":"none","_seopress_titles_title":"Paire de lithographies aux palombes, sign\u00e9e J\u00e9r\u00f4me Trolliet et dat\u00e9e 1972 ","_seopress_titles_desc":"\u00c9preuves\u00a060\/99 et 62\/99, dat\u00e9es et sign\u00e9es au crayon. Encadrement d\u2019origine. Parfait \u00e9tat.\u00a0","_seopress_robots_index":"","content-type":""},"product_brand":[],"product_cat":[123,196,77],"product_tag":[263],"class_list":{"0":"post-95347","1":"product","2":"type-product","3":"status-publish","4":"has-post-thumbnail","6":"product_cat-arts-graphiques","7":"product_cat-gravures-et-estampes","8":"product_cat-beaux-arts","9":"product_tag-xxe-siecle","10":"product_shipping_class-niveau-5","12":"first","13":"instock","14":"shipping-taxable","15":"purchasable","16":"product-type-simple","17":"add-to-wishlist-after_add_to_cart"},"_links":{"self":[{"href":"https:\/\/pipat-antiquites.fr\/fr\/wp-json\/wp\/v2\/product\/95347","targetHints":{"allow":["GET"]}}],"collection":[{"href":"https:\/\/pipat-antiquites.fr\/fr\/wp-json\/wp\/v2\/product"}],"about":[{"href":"https:\/\/pipat-antiquites.fr\/fr\/wp-json\/wp\/v2\/types\/product"}],"wp:featuredmedia":[{"embeddable":true,"href":"https:\/\/pipat-antiquites.fr\/fr\/wp-json\/wp\/v2\/media\/95332"}],"wp:attachment":[{"href":"https:\/\/pipat-antiquites.fr\/fr\/wp-json\/wp\/v2\/media?parent=95347"}],"wp:term":[{"taxonomy":"product_brand","embeddable":true,"href":"https:\/\/pipat-antiquites.fr\/fr\/wp-json\/wp\/v2\/product_brand?post=95347"},{"taxonomy":"product_cat","embeddable":true,"href":"https:\/\/pipat-antiquites.fr\/fr\/wp-json\/wp\/v2\/product_cat?post=95347"},{"taxonomy":"product_tag","embeddable":true,"href":"https:\/\/pipat-antiquites.fr\/fr\/wp-json\/wp\/v2\/product_tag?post=95347"}],"curies":[{"name":"wp","href":"https:\/\/api.w.org\/{rel}","templated":true}]}}