{"id":95261,"date":"2021-10-11T09:49:21","date_gmt":"2021-10-11T07:49:21","guid":{"rendered":"https:\/\/pipat-antiquites.fr\/?post_type=product&#038;p=95261"},"modified":"2021-10-11T09:49:22","modified_gmt":"2021-10-11T07:49:22","slug":"centre-de-table-en-cristal-baccarat-xix-19-siecle","status":"publish","type":"product","link":"https:\/\/pipat-antiquites.fr\/fr\/objets\/centre-de-table-en-cristal-baccarat-xix-19-siecle\/","title":{"rendered":"Centre de table en cristal Baccarat, XIXe si\u00e8cle"},"content":{"rendered":"<div class=\"wpb-content-wrapper\"><p>[vc_row][vc_column column_width_percent=\u00a0\u00bb100&Prime; gutter_size=\u00a0\u00bb3&Prime; override_padding=\u00a0\u00bbyes\u00a0\u00bb column_padding=\u00a0\u00bb3&Prime; overlay_alpha=\u00a0\u00bb50&Prime; shift_x=\u00a0\u00bb0&Prime; shift_y=\u00a0\u00bb0&Prime; shift_y_down=\u00a0\u00bb0&Prime; z_index=\u00a0\u00bb0&Prime; medium_width=\u00a0\u00bb0&Prime; mobile_width=\u00a0\u00bb0&Prime; width=\u00a0\u00bb1\/1&Prime; uncode_shortcode_id=\u00a0\u00bb896214&Prime;][vc_custom_heading text_weight=\u00a0\u00bb300&Prime; uncode_shortcode_id=\u00a0\u00bb880821&Prime;]Centre de table en cristal Baccarat, XIXe si\u00e8cle<span class=\"Apple-converted-space\">\u00a0<\/span>[\/vc_custom_heading][vc_column_text uncode_shortcode_id=\u00a0\u00bb514919&Prime;]Compos\u00e9 de trois \u00e9l\u00e9ments, ce centre de table en cristal moul\u00e9 \u00e0 facettes est une cr\u00e9ation des ateliers Baccarat. Il se compose d\u2019un pied douche, d\u2019une coupe polylob\u00e9e et d\u2019un vase en cornet. L\u2019ensemble est en parfait \u00e9tat.[\/vc_column_text][\/vc_column][\/vc_row]<\/p>\n<\/div>","protected":false},"excerpt":{"rendered":"<p style=\"text-align: center;\">Cristal moul\u00e9 \u00e0 facettes. Trois pi\u00e8ces. Parfait \u00e9tat.<\/p>\n<p style=\"text-align: center;\">Dimensions :<\/p>\n<ul>\n<li style=\"text-align: center;\">Hauteur : 71 cm<\/li>\n<li style=\"text-align: center;\">Diam\u00e8tre : 42 cm<\/li>\n<\/ul>\n","protected":false},"featured_media":95237,"template":"","meta":{"_seopress_robots_primary_cat":"","_seopress_titles_title":"Centre de table en cristal Baccarat, XIXe si\u00e8cle ","_seopress_titles_desc":"Cristal moul\u00e9 \u00e0 facettes. Trois pi\u00e8ces. Parfait \u00e9tat.","_seopress_robots_index":"","content-type":""},"product_brand":[],"product_cat":[76,119,233,235],"product_tag":[252],"class_list":{"0":"post-95261","1":"product","2":"type-product","3":"status-publish","4":"has-post-thumbnail","6":"product_cat-objets","7":"product_cat-verrerie-et-cristallerie","8":"product_cat-cristal","9":"product_cat-vases-et-objets-en-verre","10":"product_tag-xixe-siecle","11":"product_shipping_class-niveau-4","13":"first","14":"instock","15":"shipping-taxable","16":"purchasable","17":"product-type-simple","18":"add-to-wishlist-after_add_to_cart"},"_links":{"self":[{"href":"https:\/\/pipat-antiquites.fr\/fr\/wp-json\/wp\/v2\/product\/95261","targetHints":{"allow":["GET"]}}],"collection":[{"href":"https:\/\/pipat-antiquites.fr\/fr\/wp-json\/wp\/v2\/product"}],"about":[{"href":"https:\/\/pipat-antiquites.fr\/fr\/wp-json\/wp\/v2\/types\/product"}],"wp:featuredmedia":[{"embeddable":true,"href":"https:\/\/pipat-antiquites.fr\/fr\/wp-json\/wp\/v2\/media\/95237"}],"wp:attachment":[{"href":"https:\/\/pipat-antiquites.fr\/fr\/wp-json\/wp\/v2\/media?parent=95261"}],"wp:term":[{"taxonomy":"product_brand","embeddable":true,"href":"https:\/\/pipat-antiquites.fr\/fr\/wp-json\/wp\/v2\/product_brand?post=95261"},{"taxonomy":"product_cat","embeddable":true,"href":"https:\/\/pipat-antiquites.fr\/fr\/wp-json\/wp\/v2\/product_cat?post=95261"},{"taxonomy":"product_tag","embeddable":true,"href":"https:\/\/pipat-antiquites.fr\/fr\/wp-json\/wp\/v2\/product_tag?post=95261"}],"curies":[{"name":"wp","href":"https:\/\/api.w.org\/{rel}","templated":true}]}}