{"id":95086,"date":"2019-09-29T18:17:42","date_gmt":"2019-09-29T16:17:42","guid":{"rendered":"https:\/\/pipat-antiquites.fr\/?post_type=product&#038;p=95086"},"modified":"2022-08-06T10:40:44","modified_gmt":"2022-08-06T08:40:44","slug":"paire-de-bougeoirs-triton-en-argent-massif-xix-19-siecle","status":"publish","type":"product","link":"https:\/\/pipat-antiquites.fr\/fr\/objets\/paire-de-bougeoirs-triton-en-argent-massif-xix-19-siecle\/","title":{"rendered":"Paire de bougeoirs en argent massif, XIXe si\u00e8cle"},"content":{"rendered":"<div class=\"wpb-content-wrapper\"><p>[vc_row][vc_column column_width_percent=\u00a0\u00bb100&Prime; gutter_size=\u00a0\u00bb3&Prime; override_padding=\u00a0\u00bbyes\u00a0\u00bb column_padding=\u00a0\u00bb3&Prime; overlay_alpha=\u00a0\u00bb50&Prime; shift_x=\u00a0\u00bb0&Prime; shift_y=\u00a0\u00bb0&Prime; shift_y_down=\u00a0\u00bb0&Prime; z_index=\u00a0\u00bb0&Prime; medium_width=\u00a0\u00bb0&Prime; mobile_width=\u00a0\u00bb0&Prime; width=\u00a0\u00bb1\/1&Prime; uncode_shortcode_id=\u00a0\u00bb128576&Prime;][vc_custom_heading text_weight=\u00a0\u00bb300&Prime; uncode_shortcode_id=\u00a0\u00bb179389&Prime;]Paire de bougeoirs en argent massif, XIXe si\u00e8cle<span class=\"Apple-converted-space\">\u00a0<\/span>[\/vc_custom_heading][vc_column_text uncode_shortcode_id=\u00a0\u00bb116530&Prime;]Le sujet est original et charmant ! Deux jeunes tritons portent sur leur t\u00eate binet et bob\u00e8che, formant ainsi des bougeoirs d\u00e9licats en argent massif. Ciselure et model\u00e9 sont particuli\u00e8rement r\u00e9ussis pour ces objets dont le poids total est de 611 grammes. Difficile \u00e0 photographier mais n\u00e9anmoins bien pr\u00e9sent, un poin\u00e7on au cygne indique une provenance \u00e9trang\u00e8re. Parfait \u00e9tat.<span class=\"Apple-converted-space\">\u00a0<\/span>[\/vc_column_text][\/vc_column][\/vc_row]<\/p>\n<\/div>","protected":false},"excerpt":{"rendered":"<p style=\"text-align: center;\">Argent massif. Poin\u00e7on au cygne. Poids total : 611 grammes.<\/p>\n<p style=\"text-align: center;\">Dimensions :<\/p>\n<ul>\n<li style=\"text-align: center;\">Hauteur : 15 cm<\/li>\n<li style=\"text-align: center;\">Diam\u00e8tre : 9,5 cm<\/li>\n<li style=\"text-align: center;\">Largeur : 15 cm<\/li>\n<\/ul>\n","protected":false},"featured_media":95068,"template":"","meta":{"_seopress_robots_primary_cat":"none","_seopress_titles_title":"Paire de bougeoirs en argent massif, XIXe si\u00e8cle ","_seopress_titles_desc":"Bougeoirs \u00e0 forme de tritons. Argent massif. Poin\u00e7on au cygne. Poids total : 611 grammes.","_seopress_robots_index":"","_seopress_analysis_target_kw":"","content-type":""},"product_brand":[],"product_cat":[199,72,76,113,124,172],"product_tag":[252,321],"class_list":{"0":"post-95086","1":"product","2":"type-product","3":"status-publish","4":"has-post-thumbnail","6":"product_cat-pieces-de-forme","7":"product_cat-luminaires","8":"product_cat-objets","9":"product_cat-orfevrerie-et-argenterie","10":"product_cat-luminaires-anciens","11":"product_cat-bougeoirs-et-flambeaux","12":"product_tag-xixe-siecle","13":"product_tag-argent-massif","14":"product_shipping_class-niveau-2","16":"first","17":"outofstock","18":"shipping-taxable","19":"purchasable","20":"product-type-simple","21":"add-to-wishlist-after_add_to_cart"},"_links":{"self":[{"href":"https:\/\/pipat-antiquites.fr\/fr\/wp-json\/wp\/v2\/product\/95086","targetHints":{"allow":["GET"]}}],"collection":[{"href":"https:\/\/pipat-antiquites.fr\/fr\/wp-json\/wp\/v2\/product"}],"about":[{"href":"https:\/\/pipat-antiquites.fr\/fr\/wp-json\/wp\/v2\/types\/product"}],"wp:featuredmedia":[{"embeddable":true,"href":"https:\/\/pipat-antiquites.fr\/fr\/wp-json\/wp\/v2\/media\/95068"}],"wp:attachment":[{"href":"https:\/\/pipat-antiquites.fr\/fr\/wp-json\/wp\/v2\/media?parent=95086"}],"wp:term":[{"taxonomy":"product_brand","embeddable":true,"href":"https:\/\/pipat-antiquites.fr\/fr\/wp-json\/wp\/v2\/product_brand?post=95086"},{"taxonomy":"product_cat","embeddable":true,"href":"https:\/\/pipat-antiquites.fr\/fr\/wp-json\/wp\/v2\/product_cat?post=95086"},{"taxonomy":"product_tag","embeddable":true,"href":"https:\/\/pipat-antiquites.fr\/fr\/wp-json\/wp\/v2\/product_tag?post=95086"}],"curies":[{"name":"wp","href":"https:\/\/api.w.org\/{rel}","templated":true}]}}