{"id":95058,"date":"2024-05-20T10:28:03","date_gmt":"2024-05-20T08:28:03","guid":{"rendered":"https:\/\/pipat-antiquites.fr\/?post_type=product&#038;p=95058"},"modified":"2026-01-14T19:41:02","modified_gmt":"2026-01-14T18:41:02","slug":"secretaire-bureau-cylindre-de-milieu-circa-1830-estampille-de-charles-guillaume-winckelsen-1812-1871","status":"publish","type":"product","link":"https:\/\/pipat-antiquites.fr\/fr\/objets\/secretaire-bureau-cylindre-de-milieu-circa-1830-estampille-de-charles-guillaume-winckelsen-1812-1871\/","title":{"rendered":"Bureau cylindre de milieu, circa 1830. Estampille de Charles-Guillaume WINCKELSEN (1812 &#8211; 1871)"},"content":{"rendered":"<div class=\"wpb-content-wrapper\"><p>[vc_row][vc_column column_width_percent=\u00a0\u00bb100&Prime; gutter_size=\u00a0\u00bb3&Prime; override_padding=\u00a0\u00bbyes\u00a0\u00bb column_padding=\u00a0\u00bb3&Prime; overlay_alpha=\u00a0\u00bb50&Prime; shift_x=\u00a0\u00bb0&Prime; shift_y=\u00a0\u00bb0&Prime; shift_y_down=\u00a0\u00bb0&Prime; z_index=\u00a0\u00bb0&Prime; medium_width=\u00a0\u00bb0&Prime; mobile_width=\u00a0\u00bb0&Prime; width=\u00a0\u00bb1\/1&Prime; uncode_shortcode_id=\u00a0\u00bb918000&Prime;][vc_custom_heading text_weight=\u00a0\u00bb300&Prime; uncode_shortcode_id=\u00a0\u00bb374337&Prime;]Bureau cylindre de milieu, circa 1830. Estampille de Charles-Guillaume WINCKELSEN (1812 &#8211; 1871)[\/vc_custom_heading][vc_column_text uncode_shortcode_id=\u00a0\u00bb203442&Prime;]Ce tr\u00e8s beau bureau cylindre \u00e0 rideau est l\u2019\u0153uvre d\u2019une \u00e9b\u00e9niste de talent. Les placages de bois de rose, satin\u00e9 et palissandre repose sur un b\u00e2ti de ch\u00eane de Hongrie ; tout dans ce bureau rel\u00e8ve du mobilier d\u2019exception.<\/p>\n<p>\u00c9tonnement, ce meuble fut r\u00e9alis\u00e9 \u00e0 partir d\u2019une commode (qu\u2019on imagine sauteuse car perch\u00e9e sur de hauts pieds). Marqu\u00e9 au fer \u00ab\u00a0Charles-Guillaume WINCKELSEN\u00a0\u00bb, ce secr\u00e9taire fut cr\u00e9\u00e9 dans l\u2019atelier de cet \u00e9b\u00e9niste reconnu et install\u00e9 au 21 rue Saint-Louis dans le Marais. On reconnaitra dans ce bureau les influences fortes de Guillaume Beneman (1750 &#8211; 1811) et Jean-Henri Riesner (1734 &#8211; 1806).<\/p>\n<p>Dans un style dit \u00ab \u00e0 la grecque \u00bb, le rideau s\u2019ouvre sur plusieurs tiroirs, un plateau couvert de cuir marqu\u00e9 au petit fer et un n\u00e9cessaire d\u2019\u00e9criture avec son encrier. Le tout est parfaitement sym\u00e9trique et l\u2019ensemble orn\u00e9 de bronzes dor\u00e9s \u00e0 l\u2019or \u00e9cras\u00e9 au brunissoir et tr\u00e8s ouvrag\u00e9s. Les deux putti sont l\u2019\u0153uvre du bronzier Joseph-Nicolas Langlois. Enfin, notons que Jacques Lafitte (pr\u00e9sident du conseil des ministres de Louis-Philippe) passa commande de plusieurs meubles \u00e0 Winckelsen pr\u00e9cis\u00e9ment \u00e0 l\u2019\u00e9poque \u00e0 laquelle fut r\u00e9alis\u00e9 le n\u00f4tre qui est en parfait \u00e9tat.[\/vc_column_text][\/vc_column][\/vc_row]<\/p>\n<\/div>","protected":false},"excerpt":{"rendered":"<p style=\"text-align: center;\">Marqueterie de bois de rose, satin\u00e9 et palissandre sur un b\u00e2ti en ch\u00eane de Hongrie. Ouvrant sur de nombreux rangements et tiroirs, ainsi qu&rsquo;un \u00e9critoire avec son encrier d&rsquo;origine. Estampill\u00e9 au fer d&rsquo;atelier. Parfait \u00e9tat.<\/p>\n<p style=\"text-align: center;\">Dimensions :<\/p>\n<ul>\n<li style=\"text-align: center;\">Hauteur : 110 cm<\/li>\n<li style=\"text-align: center;\">Largeur : 94 cm<\/li>\n<li style=\"text-align: center;\">Profondeur : 60 cm<\/li>\n<\/ul>\n","protected":false},"featured_media":105701,"template":"","meta":{"_seopress_robots_primary_cat":"none","_seopress_titles_title":"Bureau cylindre de milieu, circa 1830. Estampille de Charles-Guillaume WINCKELSEN (1812 - 1871)","_seopress_titles_desc":"Marqueterie de bois de rose, satin\u00e9 et palissandre sur un b\u00e2ti en ch\u00eane de Hongrie. Nombreux rangements et tiroirs. Estampill\u00e9. Parfait \u00e9tat.","_seopress_robots_index":"","_seopress_analysis_target_kw":"","content-type":""},"product_brand":[],"product_cat":[69,106,127],"product_tag":[252],"class_list":{"0":"post-95058","1":"product","2":"type-product","3":"status-publish","4":"has-post-thumbnail","6":"product_cat-mobilier","7":"product_cat-meubles","8":"product_cat-bureaux","9":"product_tag-xixe-siecle","11":"first","12":"instock","13":"shipping-taxable","14":"product-type-simple","15":"add-to-wishlist-after_add_to_cart"},"_links":{"self":[{"href":"https:\/\/pipat-antiquites.fr\/fr\/wp-json\/wp\/v2\/product\/95058","targetHints":{"allow":["GET"]}}],"collection":[{"href":"https:\/\/pipat-antiquites.fr\/fr\/wp-json\/wp\/v2\/product"}],"about":[{"href":"https:\/\/pipat-antiquites.fr\/fr\/wp-json\/wp\/v2\/types\/product"}],"wp:featuredmedia":[{"embeddable":true,"href":"https:\/\/pipat-antiquites.fr\/fr\/wp-json\/wp\/v2\/media\/105701"}],"wp:attachment":[{"href":"https:\/\/pipat-antiquites.fr\/fr\/wp-json\/wp\/v2\/media?parent=95058"}],"wp:term":[{"taxonomy":"product_brand","embeddable":true,"href":"https:\/\/pipat-antiquites.fr\/fr\/wp-json\/wp\/v2\/product_brand?post=95058"},{"taxonomy":"product_cat","embeddable":true,"href":"https:\/\/pipat-antiquites.fr\/fr\/wp-json\/wp\/v2\/product_cat?post=95058"},{"taxonomy":"product_tag","embeddable":true,"href":"https:\/\/pipat-antiquites.fr\/fr\/wp-json\/wp\/v2\/product_tag?post=95058"}],"curies":[{"name":"wp","href":"https:\/\/api.w.org\/{rel}","templated":true}]}}