{"id":95013,"date":"2021-09-21T09:20:28","date_gmt":"2021-09-21T07:20:28","guid":{"rendered":"https:\/\/pipat-antiquites.fr\/?post_type=product&#038;p=95013"},"modified":"2021-09-21T09:29:41","modified_gmt":"2021-09-21T07:29:41","slug":"art-religieux-antiquite-religieuse-catholique-baton-de-procession-xvii-17-siecle","status":"publish","type":"product","link":"https:\/\/pipat-antiquites.fr\/fr\/objets\/art-religieux-antiquite-religieuse-catholique-baton-de-procession-xvii-17-siecle\/","title":{"rendered":"B\u00e2ton De Procession, XVIIe Si\u00e8cle"},"content":{"rendered":"<div class=\"wpb-content-wrapper\"><p>[vc_row][vc_column column_width_percent=\u00a0\u00bb100&Prime; gutter_size=\u00a0\u00bb3&Prime; override_padding=\u00a0\u00bbyes\u00a0\u00bb column_padding=\u00a0\u00bb3&Prime; overlay_alpha=\u00a0\u00bb50&Prime; shift_x=\u00a0\u00bb0&Prime; shift_y=\u00a0\u00bb0&Prime; shift_y_down=\u00a0\u00bb0&Prime; z_index=\u00a0\u00bb0&Prime; medium_width=\u00a0\u00bb0&Prime; mobile_width=\u00a0\u00bb0&Prime; width=\u00a0\u00bb1\/1&Prime; uncode_shortcode_id=\u00a0\u00bb165747&Prime;][vc_custom_heading text_weight=\u00a0\u00bb300&Prime; uncode_shortcode_id=\u00a0\u00bb580807&Prime;]B\u00e2ton De Procession, XVIIe Si\u00e8cle<span class=\"Apple-converted-space\">\u00a0<\/span>[\/vc_custom_heading][vc_column_text uncode_shortcode_id=\u00a0\u00bb157136&Prime;]Si le temps a fait son \u0153uvre, cet objet n\u2019en conserve pas moins toute son aura. Surmont\u00e9 d\u2019une figure de la Vierge en bois sculpt\u00e9 et dor\u00e9, ce b\u00e2ton de procession \u00e9tait, de fait, utilis\u00e9 au cours des processions et des p\u00e8lerinages associ\u00e9s au culte catholique. Lorsque le calendrier liturgique ne le sollicitait pas, il \u00e9tait conserv\u00e9 dans l\u2019\u00e9difice religieux auquel il appartenait \u00e0 moins qu\u2019il n\u2019est \u00e9t\u00e9 la propri\u00e9t\u00e9 d\u2019une confr\u00e9rie religieuse ou d\u2019une corporation de m\u00e9tier.<\/p>\n<p>Quelques manques sont \u00e0 noter mais en bon \u00e9tat g\u00e9n\u00e9ral compte tenu de l\u2019anciennet\u00e9 de l\u2019objet.[\/vc_column_text][\/vc_column][\/vc_row]<\/p>\n<\/div>","protected":false},"excerpt":{"rendered":"<p style=\"text-align: center;\">Bois peint et bois dor\u00e9, bon \u00e9tat.<\/p>\n<p style=\"text-align: center;\">Dimensions :<\/p>\n<ul>\n<li style=\"text-align: center;\">Hauteur : 186 cm<\/li>\n<li style=\"text-align: center;\">Largeur : 22 cm<\/li>\n<li style=\"text-align: center;\">Profondeur : 13 cm<\/li>\n<\/ul>\n","protected":false},"featured_media":94999,"template":"","meta":{"_seopress_robots_primary_cat":"none","_seopress_titles_title":"B\u00e2ton De Procession, XVIIe Si\u00e8cle ","_seopress_titles_desc":"Antiquit\u00e9 religieuse catholique en bois peint et bois dor\u00e9, couronn\u00e9 par une sculpture de la Vierge.","_seopress_robots_index":"","content-type":""},"product_brand":[],"product_cat":[76,114,214],"product_tag":[245,249],"class_list":{"0":"post-95013","1":"product","2":"type-product","3":"status-publish","4":"has-post-thumbnail","6":"product_cat-objets","7":"product_cat-arts-decoratifs","8":"product_cat-objets-dart-religieux","9":"product_tag-bois-dore","10":"product_tag-xviie-siecle","12":"first","13":"instock","14":"shipping-taxable","15":"product-type-simple","16":"add-to-wishlist-after_add_to_cart"},"_links":{"self":[{"href":"https:\/\/pipat-antiquites.fr\/fr\/wp-json\/wp\/v2\/product\/95013","targetHints":{"allow":["GET"]}}],"collection":[{"href":"https:\/\/pipat-antiquites.fr\/fr\/wp-json\/wp\/v2\/product"}],"about":[{"href":"https:\/\/pipat-antiquites.fr\/fr\/wp-json\/wp\/v2\/types\/product"}],"wp:featuredmedia":[{"embeddable":true,"href":"https:\/\/pipat-antiquites.fr\/fr\/wp-json\/wp\/v2\/media\/94999"}],"wp:attachment":[{"href":"https:\/\/pipat-antiquites.fr\/fr\/wp-json\/wp\/v2\/media?parent=95013"}],"wp:term":[{"taxonomy":"product_brand","embeddable":true,"href":"https:\/\/pipat-antiquites.fr\/fr\/wp-json\/wp\/v2\/product_brand?post=95013"},{"taxonomy":"product_cat","embeddable":true,"href":"https:\/\/pipat-antiquites.fr\/fr\/wp-json\/wp\/v2\/product_cat?post=95013"},{"taxonomy":"product_tag","embeddable":true,"href":"https:\/\/pipat-antiquites.fr\/fr\/wp-json\/wp\/v2\/product_tag?post=95013"}],"curies":[{"name":"wp","href":"https:\/\/api.w.org\/{rel}","templated":true}]}}