{"id":94946,"date":"2021-09-16T10:44:29","date_gmt":"2021-09-16T08:44:29","guid":{"rendered":"https:\/\/pipat-antiquites.fr\/?post_type=product&#038;p=94946"},"modified":"2021-10-18T15:19:16","modified_gmt":"2021-10-18T13:19:16","slug":"bureau-mazarin-louis-xiv-14-marqueterie-premier-quart-du-xviii-18-siecle","status":"publish","type":"product","link":"https:\/\/pipat-antiquites.fr\/fr\/objets\/bureau-mazarin-louis-xiv-14-marqueterie-premier-quart-du-xviii-18-siecle\/","title":{"rendered":"Bureau Mazarin, premier quart du XVIIIe si\u00e8cle"},"content":{"rendered":"<div class=\"wpb-content-wrapper\"><p>[vc_row][vc_column column_width_percent=\u00a0\u00bb100&Prime; gutter_size=\u00a0\u00bb3&Prime; override_padding=\u00a0\u00bbyes\u00a0\u00bb column_padding=\u00a0\u00bb3&Prime; overlay_alpha=\u00a0\u00bb50&Prime; shift_x=\u00a0\u00bb0&Prime; shift_y=\u00a0\u00bb0&Prime; shift_y_down=\u00a0\u00bb0&Prime; z_index=\u00a0\u00bb0&Prime; medium_width=\u00a0\u00bb0&Prime; mobile_width=\u00a0\u00bb0&Prime; width=\u00a0\u00bb1\/1&Prime; uncode_shortcode_id=\u00a0\u00bb163082&Prime;][vc_custom_heading text_weight=\u00a0\u00bb300&Prime; uncode_shortcode_id=\u00a0\u00bb153920&Prime;]Bureau Mazarin, premier quart du XVIIIe si\u00e8cle<span class=\"Apple-converted-space\">\u00a0<\/span>[\/vc_custom_heading][vc_column_text uncode_shortcode_id=\u00a0\u00bb684951&Prime;]Pi\u00e8ce embl\u00e9matique du mobilier Louis XIV, ce bureau Mazarin, du nom du c\u00e9l\u00e8bre ministre qui servit le roi entre 1642 et 1661, est en parfait \u00e9tat. Les entretoises et l\u2019espace \u00e9troit entre les deux corps de tiroirs rappelle que ce type du bureau exigeait que l\u2019on s\u2019y installe \u00ab\u00a0en angle\u00a0\u00bb : un genou sous la surface d\u2019\u00e9criture et l\u2019autre au dehors. Le choix de cette position est alors impos\u00e9 par le port de l\u2019\u00e9p\u00e9e, toujours \u00e0 gauche.<\/p>\n<p>Partout, les marqueteries de bois de violette en parfait \u00e9tat dessinent d\u2019\u00e9l\u00e9gants motifs g\u00e9om\u00e9triques en fraisage parmi lesquels nous reconnaissons des motifs de foug\u00e8re, d\u2019ailes de papillons et d\u2019\u00e9ventails. Tous les tiroirs et espace de rangement sous le plateau sont garnis d\u2019entr\u00e9es de serrure en bronze dor\u00e9 et ferment \u00e0 clef.[\/vc_column_text][vc_button button_color=\u00a0\u00bbaccent\u00a0\u00bb border_width=\u00a0\u00bb0&Prime; link=\u00a0\u00bburl:https%3A%2F%2Fpipat-antiquites.fr%2Ffr%2Fbureau-mazarin-depoque-louis-xiv%2F|title:Bureau%20Mazarin%20d%E2%80%99%C3%A9poque%20Louis%20XIV|target:_blank\u00a0\u00bb button_color_type=\u00a0\u00bbuncode-palette\u00a0\u00bb uncode_shortcode_id=\u00a0\u00bb196596&Prime;]D\u00e9couvrir l&rsquo;article du blog [\/vc_button][\/vc_column][\/vc_row]<\/p>\n<\/div>","protected":false},"excerpt":{"rendered":"<p style=\"text-align: center;\">Marqueterie de bois de violette, entr\u00e9es de serrure et clef en bronze dor\u00e9. Entretoise en x, six tiroirs et un rangement central.<\/p>\n<p style=\"text-align: center;\">Dimensions :<\/p>\n<ul>\n<li style=\"text-align: center;\">Hauteur : 73,5 cm<\/li>\n<li style=\"text-align: center;\">Largeur : 97,5 cm<\/li>\n<li style=\"text-align: center;\">Profondeur : 59,5 cm<\/li>\n<\/ul>\n","protected":false},"featured_media":94926,"template":"","meta":{"_seopress_robots_primary_cat":"none","_seopress_titles_title":"Bureau Mazarin, premier quart du XVIIIe si\u00e8cle ","_seopress_titles_desc":"Marqueterie de bois de violette, entr\u00e9es de serrure et clef en bronze dor\u00e9. Entretoise en x, six tiroirs et un rangement central.","_seopress_robots_index":"","_seopress_analysis_target_kw":"","content-type":""},"product_brand":[],"product_cat":[69,106,127],"product_tag":[161,248],"class_list":{"0":"post-94946","1":"product","2":"type-product","3":"status-publish","4":"has-post-thumbnail","6":"product_cat-mobilier","7":"product_cat-meubles","8":"product_cat-bureaux","9":"product_tag-xviiie-siecle","10":"product_tag-louis-xiv","12":"first","13":"instock","14":"shipping-taxable","15":"product-type-simple","16":"add-to-wishlist-after_add_to_cart"},"_links":{"self":[{"href":"https:\/\/pipat-antiquites.fr\/fr\/wp-json\/wp\/v2\/product\/94946","targetHints":{"allow":["GET"]}}],"collection":[{"href":"https:\/\/pipat-antiquites.fr\/fr\/wp-json\/wp\/v2\/product"}],"about":[{"href":"https:\/\/pipat-antiquites.fr\/fr\/wp-json\/wp\/v2\/types\/product"}],"wp:featuredmedia":[{"embeddable":true,"href":"https:\/\/pipat-antiquites.fr\/fr\/wp-json\/wp\/v2\/media\/94926"}],"wp:attachment":[{"href":"https:\/\/pipat-antiquites.fr\/fr\/wp-json\/wp\/v2\/media?parent=94946"}],"wp:term":[{"taxonomy":"product_brand","embeddable":true,"href":"https:\/\/pipat-antiquites.fr\/fr\/wp-json\/wp\/v2\/product_brand?post=94946"},{"taxonomy":"product_cat","embeddable":true,"href":"https:\/\/pipat-antiquites.fr\/fr\/wp-json\/wp\/v2\/product_cat?post=94946"},{"taxonomy":"product_tag","embeddable":true,"href":"https:\/\/pipat-antiquites.fr\/fr\/wp-json\/wp\/v2\/product_tag?post=94946"}],"curies":[{"name":"wp","href":"https:\/\/api.w.org\/{rel}","templated":true}]}}