{"id":94893,"date":"2021-09-10T11:32:50","date_gmt":"2021-09-10T09:32:50","guid":{"rendered":"https:\/\/pipat-antiquites.fr\/?post_type=product&#038;p=94893"},"modified":"2021-10-27T12:10:21","modified_gmt":"2021-10-27T10:10:21","slug":"antiquite-art-russe-gobelet-en-malachite-et-laiton-xix-19-siecle","status":"publish","type":"product","link":"https:\/\/pipat-antiquites.fr\/fr\/objets\/antiquite-art-russe-gobelet-en-malachite-et-laiton-xix-19-siecle\/","title":{"rendered":"Gobelet en malachite et laiton, XIXe si\u00e8cle"},"content":{"rendered":"<div class=\"wpb-content-wrapper\"><p>[vc_row][vc_column column_width_percent=\u00a0\u00bb100&Prime; gutter_size=\u00a0\u00bb3&Prime; override_padding=\u00a0\u00bbyes\u00a0\u00bb column_padding=\u00a0\u00bb3&Prime; overlay_alpha=\u00a0\u00bb50&Prime; shift_x=\u00a0\u00bb0&Prime; shift_y=\u00a0\u00bb0&Prime; shift_y_down=\u00a0\u00bb0&Prime; z_index=\u00a0\u00bb0&Prime; medium_width=\u00a0\u00bb0&Prime; mobile_width=\u00a0\u00bb0&Prime; width=\u00a0\u00bb1\/1&Prime; uncode_shortcode_id=\u00a0\u00bb316407&Prime;][vc_custom_heading text_weight=\u00a0\u00bb300&Prime; uncode_shortcode_id=\u00a0\u00bb857605&Prime;]Gobelet en malachite et laiton, XIXe si\u00e8cle<span class=\"Apple-converted-space\">\u00a0<\/span>[\/vc_custom_heading][vc_column_text uncode_shortcode_id=\u00a0\u00bb190902&Prime;]Probablement ant\u00e9rieur \u00e0 1860, ce gobelet en malachite t\u00e9moigne de l\u2019engouement pour cette pierre et son travail en placage depuis la fin du XVIIIe si\u00e8cle. D\u2019abord r\u00e9serv\u00e9 \u00e0 une \u00e9lite opulente, l\u2019usage de cette pierre se r\u00e9pand peu \u00e0 peu lorsque les lapidaires russes deviennent ma\u00eetres dans l\u2019art de le marqueter. Ici, notre gobelet est joliment relev\u00e9 de laiton et ferme par un couvercle assorti. Parfait \u00e9tat.<span class=\"Apple-converted-space\">\u00a0<\/span><\/p>\n<ul>\n<li>Prix de livraison en France m\u00e9tropolitaine : 35\u20ac<\/li>\n<li>Prix de livraison en Europe : 55\u20ac<\/li>\n<li>Prix de livraison autres destination : 75\u20ac<\/li>\n<\/ul>\n<p>[\/vc_column_text][\/vc_column][\/vc_row]<\/p>\n<\/div>","protected":false},"excerpt":{"rendered":"<p style=\"text-align: center;\">Marqueterie de malachite et laiton. Parfait \u00e9tat.<\/p>\n<p style=\"text-align: center;\">Dimensions :<\/p>\n<ul>\n<li style=\"text-align: center;\">Hauteur : 20,5 cm<\/li>\n<li style=\"text-align: center;\">Diam\u00e8tre : 12 cm<\/li>\n<\/ul>\n","protected":false},"featured_media":94877,"template":"","meta":{"_seopress_robots_primary_cat":"none","_seopress_titles_title":"Gobelet en malachite et laiton, XIXe si\u00e8cle ","_seopress_titles_desc":"Ravissante antiquit\u00e9 russe, ce gobelet en laiton et en malachite est un tr\u00e8s bel objet de d\u00e9coration, en parfait \u00e9tat.","_seopress_robots_index":"","content-type":""},"product_brand":[],"product_cat":[76,114,208],"product_tag":[252,261,530],"class_list":{"0":"post-94893","1":"product","2":"type-product","3":"status-publish","4":"has-post-thumbnail","6":"product_cat-objets","7":"product_cat-arts-decoratifs","8":"product_cat-coupes-vasques-et-cassolettes","9":"product_tag-xixe-siecle","10":"product_tag-art-russe","11":"product_tag-malachite","12":"product_shipping_class-niveau-2","14":"first","15":"outofstock","16":"shipping-taxable","17":"purchasable","18":"product-type-simple","19":"add-to-wishlist-after_add_to_cart"},"_links":{"self":[{"href":"https:\/\/pipat-antiquites.fr\/fr\/wp-json\/wp\/v2\/product\/94893","targetHints":{"allow":["GET"]}}],"collection":[{"href":"https:\/\/pipat-antiquites.fr\/fr\/wp-json\/wp\/v2\/product"}],"about":[{"href":"https:\/\/pipat-antiquites.fr\/fr\/wp-json\/wp\/v2\/types\/product"}],"wp:featuredmedia":[{"embeddable":true,"href":"https:\/\/pipat-antiquites.fr\/fr\/wp-json\/wp\/v2\/media\/94877"}],"wp:attachment":[{"href":"https:\/\/pipat-antiquites.fr\/fr\/wp-json\/wp\/v2\/media?parent=94893"}],"wp:term":[{"taxonomy":"product_brand","embeddable":true,"href":"https:\/\/pipat-antiquites.fr\/fr\/wp-json\/wp\/v2\/product_brand?post=94893"},{"taxonomy":"product_cat","embeddable":true,"href":"https:\/\/pipat-antiquites.fr\/fr\/wp-json\/wp\/v2\/product_cat?post=94893"},{"taxonomy":"product_tag","embeddable":true,"href":"https:\/\/pipat-antiquites.fr\/fr\/wp-json\/wp\/v2\/product_tag?post=94893"}],"curies":[{"name":"wp","href":"https:\/\/api.w.org\/{rel}","templated":true}]}}