{"id":94707,"date":"2017-09-01T09:30:24","date_gmt":"2017-09-01T07:30:24","guid":{"rendered":"https:\/\/pipat-antiquites.fr\/?post_type=product&#038;p=94707"},"modified":"2023-08-12T13:29:14","modified_gmt":"2023-08-12T11:29:14","slug":"buffet-deux-corps-a-double-evolution-epoque-louis-14-xiv-xvii-17-siecle-paris","status":"publish","type":"product","link":"https:\/\/pipat-antiquites.fr\/fr\/objets\/buffet-deux-corps-a-double-evolution-epoque-louis-14-xiv-xvii-17-siecle-paris\/","title":{"rendered":"Deux-corps \u00e0 double \u00e9volution. \u00c9poque Louis XIV, XVIIe si\u00e8cle"},"content":{"rendered":"<div class=\"wpb-content-wrapper\"><p>[vc_row][vc_column column_width_percent=\u00a0\u00bb100&Prime; gutter_size=\u00a0\u00bb3&Prime; override_padding=\u00a0\u00bbyes\u00a0\u00bb column_padding=\u00a0\u00bb3&Prime; overlay_alpha=\u00a0\u00bb50&Prime; shift_x=\u00a0\u00bb0&Prime; shift_y=\u00a0\u00bb0&Prime; shift_y_down=\u00a0\u00bb0&Prime; z_index=\u00a0\u00bb0&Prime; medium_width=\u00a0\u00bb0&Prime; mobile_width=\u00a0\u00bb0&Prime; width=\u00a0\u00bb1\/1&Prime; uncode_shortcode_id=\u00a0\u00bb911042&Prime;][vc_custom_heading text_weight=\u00a0\u00bb300&Prime; uncode_shortcode_id=\u00a0\u00bb206989&Prime;]Deux-corps \u00e0 double \u00e9volution. \u00c9poque Louis XIV, XVIIe si\u00e8cle<span class=\"Apple-converted-space\">\u00a0<\/span>[\/vc_custom_heading][vc_column_text uncode_shortcode_id=\u00a0\u00bb335220&Prime;]Tout en ch\u00eane, cet imposant meuble deux-corps reprend les grandes lignes qui marquent le r\u00e8gne de Louis XIV : fronton classique circulaire, tableaux de porte sculpt\u00e9s et moulur\u00e9s de formes peu mouvement\u00e9e et s\u00e9rieuses. Ce travail parisien incorpore une double \u00e9volution \u00e0 chacune des portes permettant de les ouvrir enti\u00e8rement ou seulement en partie et plus \u00e9l\u00e9gamment. Les ferronneries soign\u00e9es le sont des entr\u00e9es de serrure jusqu\u2019\u00e0 la cr\u00e9mone et aux charni\u00e8res. Tr\u00e8s bon \u00e9tat.[\/vc_column_text][\/vc_column][\/vc_row]<\/p>\n<\/div>","protected":false},"excerpt":{"rendered":"<p style=\"text-align: center;\">Travail parisien en ch\u00eane. Tr\u00e8s bon \u00e9tat.<\/p>\n<p style=\"text-align: center;\">Dimensions :<\/p>\n<ul>\n<li style=\"text-align: center;\">Hauteur : 272 cm<\/li>\n<li style=\"text-align: center;\">Largeur : 157 cm<\/li>\n<li style=\"text-align: center;\">Profondeur : 66 cm<\/li>\n<\/ul>\n","protected":false},"featured_media":94681,"template":"","meta":{"_seopress_robots_primary_cat":"none","_seopress_titles_title":"Deux-corps \u00e0 double \u00e9volution. \u00c9poque Louis XIV, XVIIe si\u00e8cle ","_seopress_titles_desc":"Ce buffet deux-corps dat\u00e9 du r\u00e8gne de Louis XIV est l&#039;\u0153uvre d&#039;un atelier parisien. Ce meuble pr\u00e9sente la particularit\u00e9 de portes \u00e0 double \u00e9volution.","_seopress_robots_index":"","content-type":""},"product_brand":[],"product_cat":[106,126,69],"product_tag":[248,249],"class_list":{"0":"post-94707","1":"product","2":"type-product","3":"status-publish","4":"has-post-thumbnail","6":"product_cat-meubles","7":"product_cat-buffets-et-enfilades","8":"product_cat-mobilier","9":"product_tag-louis-xiv","10":"product_tag-xviie-siecle","12":"first","13":"outofstock","14":"shipping-taxable","15":"purchasable","16":"product-type-simple","17":"add-to-wishlist-after_add_to_cart"},"_links":{"self":[{"href":"https:\/\/pipat-antiquites.fr\/fr\/wp-json\/wp\/v2\/product\/94707","targetHints":{"allow":["GET"]}}],"collection":[{"href":"https:\/\/pipat-antiquites.fr\/fr\/wp-json\/wp\/v2\/product"}],"about":[{"href":"https:\/\/pipat-antiquites.fr\/fr\/wp-json\/wp\/v2\/types\/product"}],"wp:featuredmedia":[{"embeddable":true,"href":"https:\/\/pipat-antiquites.fr\/fr\/wp-json\/wp\/v2\/media\/94681"}],"wp:attachment":[{"href":"https:\/\/pipat-antiquites.fr\/fr\/wp-json\/wp\/v2\/media?parent=94707"}],"wp:term":[{"taxonomy":"product_brand","embeddable":true,"href":"https:\/\/pipat-antiquites.fr\/fr\/wp-json\/wp\/v2\/product_brand?post=94707"},{"taxonomy":"product_cat","embeddable":true,"href":"https:\/\/pipat-antiquites.fr\/fr\/wp-json\/wp\/v2\/product_cat?post=94707"},{"taxonomy":"product_tag","embeddable":true,"href":"https:\/\/pipat-antiquites.fr\/fr\/wp-json\/wp\/v2\/product_tag?post=94707"}],"curies":[{"name":"wp","href":"https:\/\/api.w.org\/{rel}","templated":true}]}}