{"id":94298,"date":"2017-07-20T14:31:56","date_gmt":"2017-07-20T12:31:56","guid":{"rendered":"https:\/\/pipat-antiquites.fr\/?post_type=product&#038;p=94298"},"modified":"2022-10-31T17:11:44","modified_gmt":"2022-10-31T16:11:44","slug":"armoire-bordelaise-de-presentation-en-acajou-de-cuba-xviii-18-siecle","status":"publish","type":"product","link":"https:\/\/pipat-antiquites.fr\/fr\/objets\/armoire-bordelaise-de-presentation-en-acajou-de-cuba-xviii-18-siecle\/","title":{"rendered":"Armoire bordelaise de pr\u00e9sentation en acajou de Cuba, XVIIIe si\u00e8cle"},"content":{"rendered":"<div class=\"wpb-content-wrapper\"><p>[vc_row][vc_column column_width_percent=\u00a0\u00bb100&Prime; gutter_size=\u00a0\u00bb3&Prime; override_padding=\u00a0\u00bbyes\u00a0\u00bb column_padding=\u00a0\u00bb3&Prime; overlay_alpha=\u00a0\u00bb50&Prime; shift_x=\u00a0\u00bb0&Prime; shift_y=\u00a0\u00bb0&Prime; shift_y_down=\u00a0\u00bb0&Prime; z_index=\u00a0\u00bb0&Prime; medium_width=\u00a0\u00bb0&Prime; mobile_width=\u00a0\u00bb0&Prime; width=\u00a0\u00bb1\/1&Prime;][vc_custom_heading text_weight=\u00a0\u00bb300&Prime;]Armoire bordelaise de pr\u00e9sentation en acajou de Cuba, XVIIIe si\u00e8cle<span class=\"Apple-converted-space\">\u00a0<\/span>[\/vc_custom_heading][vc_column_text]Meuble embl\u00e9matique de la r\u00e9gion bordelaise sous le r\u00e8gne de Louis XV, l\u2019armoire en acajou \u00e9tait un meuble d\u2019apparat, co\u00fbteux car en bois exotique, et particuli\u00e8rement appropri\u00e9 comme cadeau de mariage. La notre, toute en acajou moulur\u00e9e et en tr\u00e8s bon \u00e9tat, respecte les grandes caract\u00e9ristiques de ces meubles haut-de-gamme : chapeau de gendarme, cr\u00e9mone \u00e0 ferronnerie ouvrag\u00e9e et, surtout, d\u2019\u00e9l\u00e9gantes \u00e9tag\u00e8res int\u00e9rieures \u00e0 la ligne l\u00e9g\u00e8rement mouvement\u00e9 permettait d\u2019exposer les porcelaines de Chine, argenterie et autres pi\u00e8ces rares ou luxueuses.<\/p>\n<p>Dans la partie basse, un rangement \u00e0 deux portes fermant \u00e0 clef.[\/vc_column_text][\/vc_column][\/vc_row]<\/p>\n<\/div>","protected":false},"excerpt":{"rendered":"<p>Meuble d&rsquo;apparat en acajou de Cuba, d&rsquo;\u00e9poque Louis XV. Tr\u00e8s bon \u00e9tat.<\/p>\n<p style=\"text-align: center;\">Dimensions :<\/p>\n<ul>\n<li style=\"text-align: center;\">Hauteur : 287 cm<\/li>\n<li style=\"text-align: center;\">Largeur : 157 cm<\/li>\n<li style=\"text-align: center;\">Profondeur : 60 cm<\/li>\n<\/ul>\n","protected":false},"featured_media":94280,"template":"","meta":{"_seopress_robots_primary_cat":"none","_seopress_titles_title":"Armoire bordelaise de pr\u00e9sentation en acajou de Cuba, XVIIIe si\u00e8cle ","_seopress_titles_desc":"Meuble d&#039;apparat en acajou de Cuba, d&#039;\u00e9poque Louis XV. Tr\u00e8s bon \u00e9tat.","_seopress_robots_index":"","content-type":""},"product_brand":[],"product_cat":[69,106,108],"product_tag":[161,280,440],"class_list":{"0":"post-94298","1":"product","2":"type-product","3":"status-publish","4":"has-post-thumbnail","6":"product_cat-mobilier","7":"product_cat-meubles","8":"product_cat-armoires","9":"product_tag-xviiie-siecle","10":"product_tag-acajou","11":"product_tag-louis-xv","13":"first","14":"outofstock","15":"shipping-taxable","16":"purchasable","17":"product-type-simple","18":"add-to-wishlist-after_add_to_cart"},"_links":{"self":[{"href":"https:\/\/pipat-antiquites.fr\/fr\/wp-json\/wp\/v2\/product\/94298","targetHints":{"allow":["GET"]}}],"collection":[{"href":"https:\/\/pipat-antiquites.fr\/fr\/wp-json\/wp\/v2\/product"}],"about":[{"href":"https:\/\/pipat-antiquites.fr\/fr\/wp-json\/wp\/v2\/types\/product"}],"wp:featuredmedia":[{"embeddable":true,"href":"https:\/\/pipat-antiquites.fr\/fr\/wp-json\/wp\/v2\/media\/94280"}],"wp:attachment":[{"href":"https:\/\/pipat-antiquites.fr\/fr\/wp-json\/wp\/v2\/media?parent=94298"}],"wp:term":[{"taxonomy":"product_brand","embeddable":true,"href":"https:\/\/pipat-antiquites.fr\/fr\/wp-json\/wp\/v2\/product_brand?post=94298"},{"taxonomy":"product_cat","embeddable":true,"href":"https:\/\/pipat-antiquites.fr\/fr\/wp-json\/wp\/v2\/product_cat?post=94298"},{"taxonomy":"product_tag","embeddable":true,"href":"https:\/\/pipat-antiquites.fr\/fr\/wp-json\/wp\/v2\/product_tag?post=94298"}],"curies":[{"name":"wp","href":"https:\/\/api.w.org\/{rel}","templated":true}]}}