{"id":94277,"date":"2018-07-19T10:03:58","date_gmt":"2018-07-19T08:03:58","guid":{"rendered":"https:\/\/pipat-antiquites.fr\/?post_type=product&#038;p=94277"},"modified":"2022-07-29T09:09:05","modified_gmt":"2022-07-29T07:09:05","slug":"une-paire-aiguieres-en-argent-orfevre-mafteux-mattheux-de-chevannes-second-empire-1851-1870","status":"publish","type":"product","link":"https:\/\/pipat-antiquites.fr\/fr\/objets\/une-paire-aiguieres-en-argent-orfevre-mafteux-mattheux-de-chevannes-second-empire-1851-1870\/","title":{"rendered":"Une paire d\u2019aigui\u00e8res en argent de l\u2019orf\u00e8vre Mafteux (ou Mattheux) de Chevannes, Second Empire (1851 \u2013 1870)"},"content":{"rendered":"<div class=\"wpb-content-wrapper\"><p>[vc_row][vc_column column_width_percent=\u00a0\u00bb100&Prime; gutter_size=\u00a0\u00bb3&Prime; override_padding=\u00a0\u00bbyes\u00a0\u00bb column_padding=\u00a0\u00bb3&Prime; overlay_alpha=\u00a0\u00bb50&Prime; shift_x=\u00a0\u00bb0&Prime; shift_y=\u00a0\u00bb0&Prime; shift_y_down=\u00a0\u00bb0&Prime; z_index=\u00a0\u00bb0&Prime; medium_width=\u00a0\u00bb0&Prime; mobile_width=\u00a0\u00bb0&Prime; width=\u00a0\u00bb1\/1&Prime;][vc_custom_heading text_weight=\u00a0\u00bb300&Prime;]Une paire d\u2019aigui\u00e8res en argent de l\u2019orf\u00e8vre Mafteux (ou Mattheux) de Chevannes, Second Empire (1851 \u2013 1870)[\/vc_custom_heading][vc_column_text]Cette paire d\u2019aigui\u00e8res en argent porte le poin\u00e7on Minerve Ier titre\u00a0; elle est l\u2019\u0153uvre de l\u2019orf\u00e8vre Mafteux de Chevannes, orf\u00e8vre talentueux qui travailla en nom propre et dont les services furent r\u00e9guli\u00e8rement sollicit\u00e9s par la tr\u00e8s prestigieuse Maison Odiot.<\/p>\n<p>Cette paire d\u2019aigui\u00e8res t\u00e9moigne du go\u00fbt dit \u00ab\u00a0\u00e9clectique\u00a0\u00bb du Second Empire. On notre ainsi des influences Renaissance et m\u00e9di\u00e9vales dans les motifs choisis pour le d\u00e9cor de ces objets en argent massif dont le poids total est de 1,985 kg.[\/vc_column_text][\/vc_column][\/vc_row]<\/p>\n<\/div>","protected":false},"excerpt":{"rendered":"<p>Argent massif,\u00a0poids total est de 1,985 kg. Poin\u00e7on Minerve Ier titre. Poin\u00e7on de l&rsquo;orf\u00e8vre Mafteux de Chevannes.<\/p>\n<p style=\"text-align: center;\">Dimensions :<\/p>\n<ul>\n<li style=\"text-align: center;\">Hauteur : 26,5 cm<\/li>\n<li style=\"text-align: center;\">Largeur : 12 cm<\/li>\n<li style=\"text-align: center;\">Profondeur : 21,5 cm<\/li>\n<\/ul>\n","protected":false},"featured_media":94275,"template":"","meta":{"_seopress_robots_primary_cat":"none","_seopress_titles_title":"Une paire d\u2019aigui\u00e8res en argent de l\u2019orf\u00e8vre Mafteux (ou Mattheux) de Chevannes, Second Empire (1851 \u2013 1870)","_seopress_titles_desc":"Argent massif,\u00a0poids total est de 1,985 kg. Poin\u00e7on Minerve Ier titre. Poin\u00e7on de l&#039;orf\u00e8vre Mafteux de Chevannes.","_seopress_robots_index":"","content-type":""},"product_brand":[],"product_cat":[76,113,199],"product_tag":[321,252],"class_list":{"0":"post-94277","1":"product","2":"type-product","3":"status-publish","4":"has-post-thumbnail","6":"product_cat-objets","7":"product_cat-orfevrerie-et-argenterie","8":"product_cat-pieces-de-forme","9":"product_tag-argent-massif","10":"product_tag-xixe-siecle","11":"product_shipping_class-niveau-5","13":"first","14":"outofstock","15":"shipping-taxable","16":"purchasable","17":"product-type-simple","18":"add-to-wishlist-after_add_to_cart"},"_links":{"self":[{"href":"https:\/\/pipat-antiquites.fr\/fr\/wp-json\/wp\/v2\/product\/94277","targetHints":{"allow":["GET"]}}],"collection":[{"href":"https:\/\/pipat-antiquites.fr\/fr\/wp-json\/wp\/v2\/product"}],"about":[{"href":"https:\/\/pipat-antiquites.fr\/fr\/wp-json\/wp\/v2\/types\/product"}],"wp:featuredmedia":[{"embeddable":true,"href":"https:\/\/pipat-antiquites.fr\/fr\/wp-json\/wp\/v2\/media\/94275"}],"wp:attachment":[{"href":"https:\/\/pipat-antiquites.fr\/fr\/wp-json\/wp\/v2\/media?parent=94277"}],"wp:term":[{"taxonomy":"product_brand","embeddable":true,"href":"https:\/\/pipat-antiquites.fr\/fr\/wp-json\/wp\/v2\/product_brand?post=94277"},{"taxonomy":"product_cat","embeddable":true,"href":"https:\/\/pipat-antiquites.fr\/fr\/wp-json\/wp\/v2\/product_cat?post=94277"},{"taxonomy":"product_tag","embeddable":true,"href":"https:\/\/pipat-antiquites.fr\/fr\/wp-json\/wp\/v2\/product_tag?post=94277"}],"curies":[{"name":"wp","href":"https:\/\/api.w.org\/{rel}","templated":true}]}}