{"id":94226,"date":"2018-07-12T12:22:12","date_gmt":"2018-07-12T10:22:12","guid":{"rendered":"https:\/\/pipat-antiquites.fr\/?post_type=product&#038;p=94226"},"modified":"2022-11-01T08:35:38","modified_gmt":"2022-11-01T07:35:38","slug":"pagode-bouddhiste-en-os-sculpte-japon-circa-1930","status":"publish","type":"product","link":"https:\/\/pipat-antiquites.fr\/fr\/objets\/pagode-bouddhiste-en-os-sculpte-japon-circa-1930\/","title":{"rendered":"Pagode bouddhiste en os sculpt\u00e9, Japon, circa 1930"},"content":{"rendered":"<div class=\"wpb-content-wrapper\"><p>[vc_row][vc_column column_width_percent=\u00a0\u00bb100&Prime; gutter_size=\u00a0\u00bb3&Prime; override_padding=\u00a0\u00bbyes\u00a0\u00bb column_padding=\u00a0\u00bb3&Prime; overlay_alpha=\u00a0\u00bb50&Prime; shift_x=\u00a0\u00bb0&Prime; shift_y=\u00a0\u00bb0&Prime; shift_y_down=\u00a0\u00bb0&Prime; z_index=\u00a0\u00bb0&Prime; medium_width=\u00a0\u00bb0&Prime; mobile_width=\u00a0\u00bb0&Prime; width=\u00a0\u00bb1\/1&Prime;][vc_custom_heading text_weight=\u00a0\u00bb300&Prime;]Pagode bouddhiste en os sculpt\u00e9, Japon, circa 1930[\/vc_custom_heading][vc_column_text]Rare pagode en os sculpt\u00e9 renfermant une statue de Bouddha. Elle pr\u00e9sente comme il se doit quatre niveaux dont le dernier nomm\u00e9 s\u014drin (et correspondant \u00e0 la fl\u00e8che) est amovible.<\/p>\n<ul>\n<li>Prix de livraison en France m\u00e9tropolitaine : 35\u20ac<\/li>\n<li>Prix de livraison en Europe : 55\u20ac<\/li>\n<li>Prix de livraison autres destination : 75\u20ac<\/li>\n<\/ul>\n<p>[\/vc_column_text][\/vc_column][\/vc_row]<\/p>\n<\/div>","protected":false},"excerpt":{"rendered":"<p style=\"text-align: center;\">Os sculpt\u00e9. Parfait \u00e9tat.<\/p>\n<p style=\"text-align: center;\">Dimensions :<\/p>\n<ul>\n<li style=\"text-align: center;\">Hauteur : 41 cm<\/li>\n<li style=\"text-align: center;\">Largeur : 11 cm<\/li>\n<li style=\"text-align: center;\">Profondeur : 10 cm<\/li>\n<\/ul>\n","protected":false},"featured_media":94220,"template":"","meta":{"_seopress_robots_primary_cat":"none","_seopress_titles_title":"Pagode bouddhiste en os sculpt\u00e9, Japon, circa 1930","_seopress_titles_desc":"Os sculpt\u00e9. Parfait \u00e9tat.\r\n","_seopress_robots_index":"","content-type":""},"product_brand":[],"product_cat":[76,114,118,214,231],"product_tag":[522,263,298],"class_list":{"0":"post-94226","1":"product","2":"type-product","3":"status-publish","4":"has-post-thumbnail","6":"product_cat-objets","7":"product_cat-arts-decoratifs","8":"product_cat-objets-de-collection","9":"product_cat-objets-dart-religieux","10":"product_cat-objets-de-curiosite","11":"product_tag-art-japonais","12":"product_tag-xxe-siecle","13":"product_tag-os","14":"product_shipping_class-niveau-2","16":"first","17":"outofstock","18":"shipping-taxable","19":"purchasable","20":"product-type-simple","21":"add-to-wishlist-after_add_to_cart"},"_links":{"self":[{"href":"https:\/\/pipat-antiquites.fr\/fr\/wp-json\/wp\/v2\/product\/94226","targetHints":{"allow":["GET"]}}],"collection":[{"href":"https:\/\/pipat-antiquites.fr\/fr\/wp-json\/wp\/v2\/product"}],"about":[{"href":"https:\/\/pipat-antiquites.fr\/fr\/wp-json\/wp\/v2\/types\/product"}],"wp:featuredmedia":[{"embeddable":true,"href":"https:\/\/pipat-antiquites.fr\/fr\/wp-json\/wp\/v2\/media\/94220"}],"wp:attachment":[{"href":"https:\/\/pipat-antiquites.fr\/fr\/wp-json\/wp\/v2\/media?parent=94226"}],"wp:term":[{"taxonomy":"product_brand","embeddable":true,"href":"https:\/\/pipat-antiquites.fr\/fr\/wp-json\/wp\/v2\/product_brand?post=94226"},{"taxonomy":"product_cat","embeddable":true,"href":"https:\/\/pipat-antiquites.fr\/fr\/wp-json\/wp\/v2\/product_cat?post=94226"},{"taxonomy":"product_tag","embeddable":true,"href":"https:\/\/pipat-antiquites.fr\/fr\/wp-json\/wp\/v2\/product_tag?post=94226"}],"curies":[{"name":"wp","href":"https:\/\/api.w.org\/{rel}","templated":true}]}}