{"id":94075,"date":"2017-07-06T10:59:47","date_gmt":"2017-07-06T08:59:47","guid":{"rendered":"https:\/\/pipat-antiquites.fr\/?post_type=product&#038;p=94075"},"modified":"2022-12-14T13:45:06","modified_gmt":"2022-12-14T12:45:06","slug":"table-appoint-style-louis-xv-15-xix-19-siecle","status":"publish","type":"product","link":"https:\/\/pipat-antiquites.fr\/fr\/objets\/table-appoint-style-louis-xv-15-xix-19-siecle\/","title":{"rendered":"Table d\u2019appoint style Louis XV, XIXe si\u00e8cle"},"content":{"rendered":"<div class=\"wpb-content-wrapper\"><p>[vc_row][vc_column column_width_percent=\u00a0\u00bb100&Prime; gutter_size=\u00a0\u00bb3&Prime; override_padding=\u00a0\u00bbyes\u00a0\u00bb column_padding=\u00a0\u00bb3&Prime; overlay_alpha=\u00a0\u00bb50&Prime; shift_x=\u00a0\u00bb0&Prime; shift_y=\u00a0\u00bb0&Prime; shift_y_down=\u00a0\u00bb0&Prime; z_index=\u00a0\u00bb0&Prime; medium_width=\u00a0\u00bb0&Prime; mobile_width=\u00a0\u00bb0&Prime; width=\u00a0\u00bb1\/1&Prime;][vc_custom_heading text_weight=\u00a0\u00bb300&Prime;]Table d\u2019appoint style Louis XV, XIXe si\u00e8cle<span class=\"Apple-converted-space\">\u00a0<\/span>[\/vc_custom_heading][vc_column_text]Joliment marquet\u00e9e et orn\u00e9e de chutes d\u2019angle en bronze dor\u00e9, cette petite table d\u2019appoint de style Louis XV est un classique du mobilier fran\u00e7ais. On appr\u00e9ciera son entretoise, sa petite taille qui convient partout et son tr\u00e8s bon \u00e9tat.[\/vc_column_text][\/vc_column][\/vc_row]<\/p>\n<\/div>","protected":false},"excerpt":{"rendered":"<p style=\"text-align: center;\">Marqueterie et bronzes dor\u00e9s. Tr\u00e8s bon \u00e9tat.<\/p>\n<p style=\"text-align: center;\">Dimensions :<\/p>\n<ul>\n<li style=\"text-align: center;\">Hauteur : 74 cm<\/li>\n<li style=\"text-align: center;\">Largeur : 56 cm<\/li>\n<li style=\"text-align: center;\">Profondeur : 43 cm<\/li>\n<\/ul>\n","protected":false},"featured_media":94040,"template":"","meta":{"_seopress_robots_primary_cat":"none","_seopress_titles_title":"Table d\u2019appoint style Louis XV, XIXe si\u00e8cle ","_seopress_titles_desc":"Marqueterie et bronzes dor\u00e9s. Tr\u00e8s bon \u00e9tat.\r\n","_seopress_robots_index":"","content-type":""},"product_brand":[],"product_cat":[69,106,136],"product_tag":[252,440],"class_list":{"0":"post-94075","1":"product","2":"type-product","3":"status-publish","4":"has-post-thumbnail","6":"product_cat-mobilier","7":"product_cat-meubles","8":"product_cat-tables-et-gueridons","9":"product_tag-xixe-siecle","10":"product_tag-louis-xv","12":"first","13":"outofstock","14":"shipping-taxable","15":"purchasable","16":"product-type-simple","17":"add-to-wishlist-after_add_to_cart"},"_links":{"self":[{"href":"https:\/\/pipat-antiquites.fr\/fr\/wp-json\/wp\/v2\/product\/94075","targetHints":{"allow":["GET"]}}],"collection":[{"href":"https:\/\/pipat-antiquites.fr\/fr\/wp-json\/wp\/v2\/product"}],"about":[{"href":"https:\/\/pipat-antiquites.fr\/fr\/wp-json\/wp\/v2\/types\/product"}],"wp:featuredmedia":[{"embeddable":true,"href":"https:\/\/pipat-antiquites.fr\/fr\/wp-json\/wp\/v2\/media\/94040"}],"wp:attachment":[{"href":"https:\/\/pipat-antiquites.fr\/fr\/wp-json\/wp\/v2\/media?parent=94075"}],"wp:term":[{"taxonomy":"product_brand","embeddable":true,"href":"https:\/\/pipat-antiquites.fr\/fr\/wp-json\/wp\/v2\/product_brand?post=94075"},{"taxonomy":"product_cat","embeddable":true,"href":"https:\/\/pipat-antiquites.fr\/fr\/wp-json\/wp\/v2\/product_cat?post=94075"},{"taxonomy":"product_tag","embeddable":true,"href":"https:\/\/pipat-antiquites.fr\/fr\/wp-json\/wp\/v2\/product_tag?post=94075"}],"curies":[{"name":"wp","href":"https:\/\/api.w.org\/{rel}","templated":true}]}}