{"id":94020,"date":"2017-06-30T11:34:17","date_gmt":"2017-06-30T09:34:17","guid":{"rendered":"https:\/\/pipat-antiquites.fr\/?post_type=product&#038;p=94020"},"modified":"2022-10-31T17:13:00","modified_gmt":"2022-10-31T16:13:00","slug":"armoire-bordelaise-acajou-louis-xv-15-xviii-18-siecle","status":"publish","type":"product","link":"https:\/\/pipat-antiquites.fr\/fr\/objets\/armoire-bordelaise-acajou-louis-xv-15-xviii-18-siecle\/","title":{"rendered":"Armoire bordelaise, Louis XV, XVIIIe si\u00e8cle"},"content":{"rendered":"<div class=\"wpb-content-wrapper\"><p>[vc_row][vc_column column_width_percent=\u00a0\u00bb100&Prime; gutter_size=\u00a0\u00bb3&Prime; override_padding=\u00a0\u00bbyes\u00a0\u00bb column_padding=\u00a0\u00bb3&Prime; overlay_alpha=\u00a0\u00bb50&Prime; shift_x=\u00a0\u00bb0&Prime; shift_y=\u00a0\u00bb0&Prime; shift_y_down=\u00a0\u00bb0&Prime; z_index=\u00a0\u00bb0&Prime; medium_width=\u00a0\u00bb0&Prime; mobile_width=\u00a0\u00bb0&Prime; width=\u00a0\u00bb1\/1&Prime;][vc_custom_heading text_weight=\u00a0\u00bb300&Prime;]Armoire bordelaise, Louis XV, XVIIIe si\u00e8cle<span class=\"Apple-converted-space\">\u00a0<\/span>[\/vc_custom_heading][vc_column_text]Pi\u00e8ce embl\u00e9matique du mobilier bordelais, cette armoire en acajou d\u2019\u00e9poque Louis XV pr\u00e9sente de tr\u00e8s belles portes \u00e0 tableaux moulur\u00e9s d\u2019enroulements de feuilles d\u2019acanthe surmont\u00e9es d\u2019une corniche \u00e0 forme de chapeau de gendarme. Comme sur toutes ces armoires 18e si\u00e8cle, la cr\u00e9mone et les ferronneries int\u00e9rieures sont particuli\u00e8rement soign\u00e9es. Notons que cette armoire d\u2019\u00e9poque Louis XV est en parfait \u00e9tat sans jamais avoir \u00e9t\u00e9 restaur\u00e9e depuis sa cr\u00e9ation au XVIIIe si\u00e8cle.[\/vc_column_text][\/vc_column][\/vc_row]<\/p>\n<\/div>","protected":false},"excerpt":{"rendered":"<p style=\"text-align: center;\">Acajou. Aucune restauration, parfait \u00e9tat.<\/p>\n<p style=\"text-align: center;\">Dimensions :<\/p>\n<ul>\n<li style=\"text-align: center;\">Hauteur : 290 cm<\/li>\n<li style=\"text-align: center;\">Largeur : 173 cm<\/li>\n<li style=\"text-align: center;\">Profondeur : 72 cm<\/li>\n<\/ul>\n","protected":false},"featured_media":94006,"template":"","meta":{"_seopress_robots_primary_cat":"none","_seopress_titles_title":"Armoire bordelaise, Louis XV, XVIIIe si\u00e8cle ","_seopress_titles_desc":"Acajou. Aucune restauration, parfait \u00e9tat.","_seopress_robots_index":"","content-type":""},"product_brand":[],"product_cat":[106,108,69],"product_tag":[161,280,440],"class_list":{"0":"post-94020","1":"product","2":"type-product","3":"status-publish","4":"has-post-thumbnail","6":"product_cat-meubles","7":"product_cat-armoires","8":"product_cat-mobilier","9":"product_tag-xviiie-siecle","10":"product_tag-acajou","11":"product_tag-louis-xv","13":"first","14":"outofstock","15":"shipping-taxable","16":"purchasable","17":"product-type-simple","18":"add-to-wishlist-after_add_to_cart"},"_links":{"self":[{"href":"https:\/\/pipat-antiquites.fr\/fr\/wp-json\/wp\/v2\/product\/94020","targetHints":{"allow":["GET"]}}],"collection":[{"href":"https:\/\/pipat-antiquites.fr\/fr\/wp-json\/wp\/v2\/product"}],"about":[{"href":"https:\/\/pipat-antiquites.fr\/fr\/wp-json\/wp\/v2\/types\/product"}],"wp:featuredmedia":[{"embeddable":true,"href":"https:\/\/pipat-antiquites.fr\/fr\/wp-json\/wp\/v2\/media\/94006"}],"wp:attachment":[{"href":"https:\/\/pipat-antiquites.fr\/fr\/wp-json\/wp\/v2\/media?parent=94020"}],"wp:term":[{"taxonomy":"product_brand","embeddable":true,"href":"https:\/\/pipat-antiquites.fr\/fr\/wp-json\/wp\/v2\/product_brand?post=94020"},{"taxonomy":"product_cat","embeddable":true,"href":"https:\/\/pipat-antiquites.fr\/fr\/wp-json\/wp\/v2\/product_cat?post=94020"},{"taxonomy":"product_tag","embeddable":true,"href":"https:\/\/pipat-antiquites.fr\/fr\/wp-json\/wp\/v2\/product_tag?post=94020"}],"curies":[{"name":"wp","href":"https:\/\/api.w.org\/{rel}","templated":true}]}}