{"id":93999,"date":"2021-06-29T18:17:57","date_gmt":"2021-06-29T16:17:57","guid":{"rendered":"https:\/\/pipat-antiquites.fr\/?post_type=product&#038;p=93999"},"modified":"2021-06-29T18:30:16","modified_gmt":"2021-06-29T16:30:16","slug":"paire-de-fauteuils-club-cuir-noir-20-xx-siecle","status":"publish","type":"product","link":"https:\/\/pipat-antiquites.fr\/fr\/objets\/paire-de-fauteuils-club-cuir-noir-20-xx-siecle\/","title":{"rendered":"Paire de fauteuils club, XXe si\u00e8cle"},"content":{"rendered":"<div class=\"wpb-content-wrapper\"><p>[vc_row][vc_column column_width_percent=\u00a0\u00bb100&Prime; gutter_size=\u00a0\u00bb3&Prime; override_padding=\u00a0\u00bbyes\u00a0\u00bb column_padding=\u00a0\u00bb3&Prime; overlay_alpha=\u00a0\u00bb50&Prime; shift_x=\u00a0\u00bb0&Prime; shift_y=\u00a0\u00bb0&Prime; shift_y_down=\u00a0\u00bb0&Prime; z_index=\u00a0\u00bb0&Prime; medium_width=\u00a0\u00bb0&Prime; mobile_width=\u00a0\u00bb0&Prime; width=\u00a0\u00bb1\/1&Prime;][vc_custom_heading text_weight=\u00a0\u00bb300&Prime;]Paire de fauteuils club, XXe si\u00e8cle<span class=\"Apple-converted-space\">\u00a0<\/span>[\/vc_custom_heading][vc_column_text]Classiques ind\u00e9modables, ces deux fauteuils club en cuir noir sont non seulement confortables mais \u00e9galement en parfait \u00e9tat. La structure en bois fonc\u00e9 donne une allure tr\u00e8s chic \u00e0 cette paire de fauteuils en cuir dans lesquels il fait bon s\u2019installer.[\/vc_column_text][\/vc_column][\/vc_row]<\/p>\n<\/div>","protected":false},"excerpt":{"rendered":"<p style=\"text-align: center;\">Bois et cuir noir. Parfait \u00e9tat.<\/p>\n<p style=\"text-align: center;\">Dimensions :<\/p>\n<ul>\n<li style=\"text-align: center;\">Hauteur : 78 cm<\/li>\n<li style=\"text-align: center;\">Hauteur de l\u2019assise : 38 cm<\/li>\n<li style=\"text-align: center;\">Largeur : 65 cm<\/li>\n<li style=\"text-align: center;\">Profondeur : 78 cm<\/li>\n<\/ul>\n","protected":false},"featured_media":93993,"template":"","meta":{"_seopress_robots_primary_cat":"none","_seopress_titles_title":"Paire de fauteuils club, XXe si\u00e8cle ","_seopress_titles_desc":"Bois et cuir noir. Parfait \u00e9tat.","_seopress_robots_index":"","content-type":""},"product_brand":[],"product_cat":[69,107,166],"product_tag":[263,295],"class_list":{"0":"post-93999","1":"product","2":"type-product","3":"status-publish","4":"has-post-thumbnail","6":"product_cat-mobilier","7":"product_cat-sieges","8":"product_cat-fauteuils","9":"product_tag-xxe-siecle","10":"product_tag-cuir","12":"first","13":"instock","14":"shipping-taxable","15":"product-type-simple","16":"add-to-wishlist-after_add_to_cart"},"_links":{"self":[{"href":"https:\/\/pipat-antiquites.fr\/fr\/wp-json\/wp\/v2\/product\/93999","targetHints":{"allow":["GET"]}}],"collection":[{"href":"https:\/\/pipat-antiquites.fr\/fr\/wp-json\/wp\/v2\/product"}],"about":[{"href":"https:\/\/pipat-antiquites.fr\/fr\/wp-json\/wp\/v2\/types\/product"}],"wp:featuredmedia":[{"embeddable":true,"href":"https:\/\/pipat-antiquites.fr\/fr\/wp-json\/wp\/v2\/media\/93993"}],"wp:attachment":[{"href":"https:\/\/pipat-antiquites.fr\/fr\/wp-json\/wp\/v2\/media?parent=93999"}],"wp:term":[{"taxonomy":"product_brand","embeddable":true,"href":"https:\/\/pipat-antiquites.fr\/fr\/wp-json\/wp\/v2\/product_brand?post=93999"},{"taxonomy":"product_cat","embeddable":true,"href":"https:\/\/pipat-antiquites.fr\/fr\/wp-json\/wp\/v2\/product_cat?post=93999"},{"taxonomy":"product_tag","embeddable":true,"href":"https:\/\/pipat-antiquites.fr\/fr\/wp-json\/wp\/v2\/product_tag?post=93999"}],"curies":[{"name":"wp","href":"https:\/\/api.w.org\/{rel}","templated":true}]}}