{"id":93897,"date":"2021-06-29T10:46:02","date_gmt":"2021-06-29T08:46:02","guid":{"rendered":"https:\/\/pipat-antiquites.fr\/?post_type=product&#038;p=93897"},"modified":"2021-07-23T10:23:09","modified_gmt":"2021-07-23T08:23:09","slug":"tres-grande-bibliotheque-xixe-siecle","status":"publish","type":"product","link":"https:\/\/pipat-antiquites.fr\/fr\/objets\/tres-grande-bibliotheque-xixe-siecle\/","title":{"rendered":"Tr\u00e8s grande biblioth\u00e8que d&rsquo;armateur, XIXe si\u00e8cle"},"content":{"rendered":"<div class=\"wpb-content-wrapper\"><p>[vc_row][vc_column column_width_percent=\u00a0\u00bb100&Prime; gutter_size=\u00a0\u00bb3&Prime; override_padding=\u00a0\u00bbyes\u00a0\u00bb column_padding=\u00a0\u00bb3&Prime; overlay_alpha=\u00a0\u00bb50&Prime; shift_x=\u00a0\u00bb0&Prime; shift_y=\u00a0\u00bb0&Prime; shift_y_down=\u00a0\u00bb0&Prime; z_index=\u00a0\u00bb0&Prime; medium_width=\u00a0\u00bb0&Prime; mobile_width=\u00a0\u00bb0&Prime; width=\u00a0\u00bb1\/1&Prime;][vc_custom_heading text_weight=\u00a0\u00bb300&Prime;]Tr\u00e8s grande biblioth\u00e8que, XIXe si\u00e8cle<span class=\"Apple-converted-space\">\u00a0<\/span>[\/vc_custom_heading][vc_column_text]Rares sont les biblioth\u00e8ques en acajou de cette envergure. Si elle trouve id\u00e9alement sa place dans un ch\u00e2teau, elle occupera les plus beaux espaces d\u2019une maison ou d\u2019un appartement spacieux. De chaque c\u00f4t\u00e9 d\u2019une tr\u00e8s grande glace en parfait \u00e9tat, deux vitrines pourvues d\u2019\u00e9tag\u00e8res permettent d\u2019accueillir livres ou objets de collections, pour les bibliophiles ou non. L\u2019ensemble repose sur une partie basse ouvrant \u00e0 huit portes. Le tout est en tr\u00e8s bon \u00e9tat. Ce rare meuble de commande d&rsquo;armateur provient des entrep\u00f4ts maritimes bordelais.[\/vc_column_text][\/vc_column][\/vc_row]<\/p>\n<\/div>","protected":false},"excerpt":{"rendered":"<p style=\"text-align: center;\">Commande particuli\u00e8re d&rsquo;un armateur des entrep\u00f4ts maritimes de Bordeaux. Acajou et verre. Bon \u00e9tat g\u00e9n\u00e9ral.<\/p>\n<p style=\"text-align: center;\">Dimensions :<\/p>\n<ul>\n<li style=\"text-align: center;\">Hauteur : 320 cm<\/li>\n<li style=\"text-align: center;\">Largeur : 565 cm<\/li>\n<li style=\"text-align: center;\">Profondeur : 70 cm<\/li>\n<\/ul>\n","protected":false},"featured_media":93887,"template":"","meta":{"_seopress_robots_primary_cat":"none","_seopress_titles_title":"Tr\u00e8s grande biblioth\u00e8que, XIXe si\u00e8cle","_seopress_titles_desc":"Tr\u00e8s grande biblioth\u00e8que mesurant 320 cm de hauteur et 565 cm de longueur. Parfait \u00e9tat ","_seopress_robots_index":"","content-type":""},"product_brand":[],"product_cat":[69,106,125],"product_tag":[252,258],"class_list":{"0":"post-93897","1":"product","2":"type-product","3":"status-publish","4":"has-post-thumbnail","6":"product_cat-mobilier","7":"product_cat-meubles","8":"product_cat-bibliotheques","9":"product_tag-xixe-siecle","10":"product_tag-bois","12":"first","13":"instock","14":"shipping-taxable","15":"product-type-simple","16":"add-to-wishlist-after_add_to_cart"},"_links":{"self":[{"href":"https:\/\/pipat-antiquites.fr\/fr\/wp-json\/wp\/v2\/product\/93897","targetHints":{"allow":["GET"]}}],"collection":[{"href":"https:\/\/pipat-antiquites.fr\/fr\/wp-json\/wp\/v2\/product"}],"about":[{"href":"https:\/\/pipat-antiquites.fr\/fr\/wp-json\/wp\/v2\/types\/product"}],"wp:featuredmedia":[{"embeddable":true,"href":"https:\/\/pipat-antiquites.fr\/fr\/wp-json\/wp\/v2\/media\/93887"}],"wp:attachment":[{"href":"https:\/\/pipat-antiquites.fr\/fr\/wp-json\/wp\/v2\/media?parent=93897"}],"wp:term":[{"taxonomy":"product_brand","embeddable":true,"href":"https:\/\/pipat-antiquites.fr\/fr\/wp-json\/wp\/v2\/product_brand?post=93897"},{"taxonomy":"product_cat","embeddable":true,"href":"https:\/\/pipat-antiquites.fr\/fr\/wp-json\/wp\/v2\/product_cat?post=93897"},{"taxonomy":"product_tag","embeddable":true,"href":"https:\/\/pipat-antiquites.fr\/fr\/wp-json\/wp\/v2\/product_tag?post=93897"}],"curies":[{"name":"wp","href":"https:\/\/api.w.org\/{rel}","templated":true}]}}