{"id":93450,"date":"2019-06-01T09:52:24","date_gmt":"2019-06-01T07:52:24","guid":{"rendered":"https:\/\/pipat-antiquites.fr\/?post_type=product&#038;p=93450"},"modified":"2022-07-29T09:10:54","modified_gmt":"2022-07-29T07:10:54","slug":"paire-de-bougeoirs-anglais-mappin-webb-debut-xx-20-siecle","status":"publish","type":"product","link":"https:\/\/pipat-antiquites.fr\/fr\/objets\/paire-de-bougeoirs-anglais-mappin-webb-debut-xx-20-siecle\/","title":{"rendered":"Paire de bougeoirs anglais Mappin &#038; Webb, d\u00e9but XXe si\u00e8cle"},"content":{"rendered":"<div class=\"wpb-content-wrapper\"><p>[vc_row][vc_column column_width_percent=\u00a0\u00bb100&Prime; gutter_size=\u00a0\u00bb3&Prime; override_padding=\u00a0\u00bbyes\u00a0\u00bb column_padding=\u00a0\u00bb3&Prime; overlay_alpha=\u00a0\u00bb50&Prime; shift_x=\u00a0\u00bb0&Prime; shift_y=\u00a0\u00bb0&Prime; shift_y_down=\u00a0\u00bb0&Prime; z_index=\u00a0\u00bb0&Prime; medium_width=\u00a0\u00bb0&Prime; mobile_width=\u00a0\u00bb0&Prime; width=\u00a0\u00bb1\/1&Prime;][vc_custom_heading text_weight=\u00a0\u00bb300&Prime;]Paire de bougeoirs anglais Mappin &amp; Webb, d\u00e9but XXe si\u00e8cle<span class=\"Apple-converted-space\">\u00a0<\/span>[\/vc_custom_heading][vc_column_text]Ces deux bougeoirs en bronze argent\u00e9 s\u2019impr\u00e8gne d&rsquo;un \u00e9l\u00e9gant style anglais n\u00e9oclassique, puis notamment dans le souvenir des colonnes ioniques. <a href=\"https:\/\/www.mappinandwebb.com\/our-history\">La c\u00e9l\u00e8bre soci\u00e9t\u00e9 Mappin &amp; Webb<\/a> bas\u00e9e \u00e0 Sheffield et Londres et existant depuis 1775 a fourni les plus prestigieuses familles royales, princi\u00e8res et aristocratiques d\u2019Angleterre ainsi que des grandes personnalit\u00e9s tels que Charles Dickens, Houdini et plusieurs Maharaja.<span class=\"Apple-converted-space\">\u00a0<\/span><\/p>\n<p>Alliant une tr\u00e8s belle qualit\u00e9 d\u2019ex\u00e9cution au plus \u00e9l\u00e9gant style anglais, notre paire de bougeoirs Mappin &amp; Webb est assur\u00e9ment une tr\u00e8s belle r\u00e9alisation dont on appr\u00e9cier le parfait \u00e9tat.<\/p>\n<ul>\n<li>Prix de livraison en France m\u00e9tropolitaine : 35\u20ac<\/li>\n<li>Prix de livraison en Europe : 55\u20ac<\/li>\n<li>Prix de livraison autres destination : 75\u20ac<\/li>\n<\/ul>\n<p>[\/vc_column_text][\/vc_column][\/vc_row]<\/p>\n<\/div>","protected":false},"excerpt":{"rendered":"<p style=\"text-align: center;\">Bronze argent\u00e9. Poin\u00e7ons anglais. Parfait \u00e9tat.<\/p>\n<ul>\n<li style=\"text-align: center;\">Hauteur : 12,5 cm<\/li>\n<li style=\"text-align: center;\">Largeur : 7,8 cm<\/li>\n<li style=\"text-align: center;\">Profondeur : 7,8 cm<\/li>\n<\/ul>\n","protected":false},"featured_media":93432,"template":"","meta":{"_seopress_robots_primary_cat":"none","_seopress_titles_title":"","_seopress_titles_desc":"","_seopress_robots_index":"","content-type":""},"product_brand":[],"product_cat":[76,113,124,172],"product_tag":[263,301],"class_list":{"0":"post-93450","1":"product","2":"type-product","3":"status-publish","4":"has-post-thumbnail","6":"product_cat-objets","7":"product_cat-orfevrerie-et-argenterie","8":"product_cat-luminaires-anciens","9":"product_cat-bougeoirs-et-flambeaux","10":"product_tag-xxe-siecle","11":"product_tag-antiquites-anglaises","12":"product_shipping_class-niveau-2","14":"first","15":"outofstock","16":"shipping-taxable","17":"purchasable","18":"product-type-simple","19":"add-to-wishlist-after_add_to_cart"},"_links":{"self":[{"href":"https:\/\/pipat-antiquites.fr\/fr\/wp-json\/wp\/v2\/product\/93450","targetHints":{"allow":["GET"]}}],"collection":[{"href":"https:\/\/pipat-antiquites.fr\/fr\/wp-json\/wp\/v2\/product"}],"about":[{"href":"https:\/\/pipat-antiquites.fr\/fr\/wp-json\/wp\/v2\/types\/product"}],"wp:featuredmedia":[{"embeddable":true,"href":"https:\/\/pipat-antiquites.fr\/fr\/wp-json\/wp\/v2\/media\/93432"}],"wp:attachment":[{"href":"https:\/\/pipat-antiquites.fr\/fr\/wp-json\/wp\/v2\/media?parent=93450"}],"wp:term":[{"taxonomy":"product_brand","embeddable":true,"href":"https:\/\/pipat-antiquites.fr\/fr\/wp-json\/wp\/v2\/product_brand?post=93450"},{"taxonomy":"product_cat","embeddable":true,"href":"https:\/\/pipat-antiquites.fr\/fr\/wp-json\/wp\/v2\/product_cat?post=93450"},{"taxonomy":"product_tag","embeddable":true,"href":"https:\/\/pipat-antiquites.fr\/fr\/wp-json\/wp\/v2\/product_tag?post=93450"}],"curies":[{"name":"wp","href":"https:\/\/api.w.org\/{rel}","templated":true}]}}