{"id":93361,"date":"2021-05-31T09:31:16","date_gmt":"2021-05-31T07:31:16","guid":{"rendered":"https:\/\/pipat-antiquites.fr\/?post_type=product&#038;p=93361"},"modified":"2021-05-31T09:31:18","modified_gmt":"2021-05-31T07:31:18","slug":"bouchon-de-bouteille-de-vin-en-argent-massif-xix-19-siecle","status":"publish","type":"product","link":"https:\/\/pipat-antiquites.fr\/fr\/objets\/bouchon-de-bouteille-de-vin-en-argent-massif-xix-19-siecle\/","title":{"rendered":"Bouchon de bouteille en argent massif, XIXe si\u00e8cle"},"content":{"rendered":"<div class=\"wpb-content-wrapper\"><p>[vc_row][vc_column column_width_percent=\u00a0\u00bb100&Prime; gutter_size=\u00a0\u00bb3&Prime; override_padding=\u00a0\u00bbyes\u00a0\u00bb column_padding=\u00a0\u00bb3&Prime; overlay_alpha=\u00a0\u00bb50&Prime; shift_x=\u00a0\u00bb0&Prime; shift_y=\u00a0\u00bb0&Prime; shift_y_down=\u00a0\u00bb0&Prime; z_index=\u00a0\u00bb0&Prime; medium_width=\u00a0\u00bb0&Prime; mobile_width=\u00a0\u00bb0&Prime; width=\u00a0\u00bb1\/1&Prime;][vc_custom_heading text_weight=\u00a0\u00bb300&Prime;]Bouchon de bouteille en argent massif, XIXe si\u00e8cle <span class=\"Apple-converted-space\">\u00a0<\/span>[\/vc_custom_heading][vc_column_text]Voici un ours tout droit sorti d\u2019un conte ancien, avec son b\u00e2ton port\u00e9 \u00e0 la mani\u00e8re d\u2019un humain, l\u2019animal a l\u2019allure bonhomme ! Il orne ici un bouchon de bouteille, tout en argent massif, qui s\u2019adapte \u00e0 tous les bouchons en li\u00e8ge gr\u00e2ce \u00e0 sa tige aiguis\u00e9e. Une fois votre bouteille ouverte, voici de quoi l\u2019admirer avec qu\u2019elle ne soit termin\u00e9e. Un cadeau id\u00e9al pour les \u0153nologues et autres amoureux du vin !<\/p>\n<ul>\n<li>Prix de livraison en France m\u00e9tropolitaine : 15\u20ac<\/li>\n<li>Prix de livraison en Europe : 35\u20ac<\/li>\n<li>Prix de livraison autres destination : 55\u20ac<\/li>\n<\/ul>\n<p>[\/vc_column_text][\/vc_column][\/vc_row]<\/p>\n<\/div>","protected":false},"excerpt":{"rendered":"<p style=\"text-align: center;\">En argent massif cisel\u00e9. Parfait \u00e9tat.<\/p>\n<ul>\n<li style=\"text-align: center;\">Hauteur : environ 10 cm<\/li>\n<li style=\"text-align: center;\">Diam\u00e8tre : 3 cm<\/li>\n<\/ul>\n","protected":false},"featured_media":93351,"template":"","meta":{"_seopress_robots_primary_cat":"","_seopress_titles_title":"","_seopress_titles_desc":"","_seopress_robots_index":"","content-type":""},"product_brand":[],"product_cat":[76,113,118,199,231],"product_tag":[252,321],"class_list":{"0":"post-93361","1":"product","2":"type-product","3":"status-publish","4":"has-post-thumbnail","6":"product_cat-objets","7":"product_cat-orfevrerie-et-argenterie","8":"product_cat-objets-de-collection","9":"product_cat-pieces-de-forme","10":"product_cat-objets-de-curiosite","11":"product_tag-xixe-siecle","12":"product_tag-argent-massif","13":"product_shipping_class-niveau-1","15":"first","16":"instock","17":"shipping-taxable","18":"purchasable","19":"product-type-simple","20":"add-to-wishlist-after_add_to_cart"},"_links":{"self":[{"href":"https:\/\/pipat-antiquites.fr\/fr\/wp-json\/wp\/v2\/product\/93361","targetHints":{"allow":["GET"]}}],"collection":[{"href":"https:\/\/pipat-antiquites.fr\/fr\/wp-json\/wp\/v2\/product"}],"about":[{"href":"https:\/\/pipat-antiquites.fr\/fr\/wp-json\/wp\/v2\/types\/product"}],"wp:featuredmedia":[{"embeddable":true,"href":"https:\/\/pipat-antiquites.fr\/fr\/wp-json\/wp\/v2\/media\/93351"}],"wp:attachment":[{"href":"https:\/\/pipat-antiquites.fr\/fr\/wp-json\/wp\/v2\/media?parent=93361"}],"wp:term":[{"taxonomy":"product_brand","embeddable":true,"href":"https:\/\/pipat-antiquites.fr\/fr\/wp-json\/wp\/v2\/product_brand?post=93361"},{"taxonomy":"product_cat","embeddable":true,"href":"https:\/\/pipat-antiquites.fr\/fr\/wp-json\/wp\/v2\/product_cat?post=93361"},{"taxonomy":"product_tag","embeddable":true,"href":"https:\/\/pipat-antiquites.fr\/fr\/wp-json\/wp\/v2\/product_tag?post=93361"}],"curies":[{"name":"wp","href":"https:\/\/api.w.org\/{rel}","templated":true}]}}