{"id":93264,"date":"2021-05-26T10:30:17","date_gmt":"2021-05-26T08:30:17","guid":{"rendered":"https:\/\/pipat-antiquites.fr\/?post_type=product&#038;p=93264"},"modified":"2022-01-28T18:53:08","modified_gmt":"2022-01-28T17:53:08","slug":"bonheur-du-jour-bureau-de-dame-milieu-19-xix-siecle","status":"publish","type":"product","link":"https:\/\/pipat-antiquites.fr\/fr\/objets\/bonheur-du-jour-bureau-de-dame-milieu-19-xix-siecle\/","title":{"rendered":"Bonheur-du-jour, milieu XIXe si\u00e8cle"},"content":{"rendered":"<div class=\"wpb-content-wrapper\"><p>[vc_row][vc_column column_width_percent=\u00a0\u00bb100&Prime; gutter_size=\u00a0\u00bb3&Prime; override_padding=\u00a0\u00bbyes\u00a0\u00bb column_padding=\u00a0\u00bb3&Prime; overlay_alpha=\u00a0\u00bb50&Prime; shift_x=\u00a0\u00bb0&Prime; shift_y=\u00a0\u00bb0&Prime; shift_y_down=\u00a0\u00bb0&Prime; z_index=\u00a0\u00bb0&Prime; medium_width=\u00a0\u00bb0&Prime; mobile_width=\u00a0\u00bb0&Prime; width=\u00a0\u00bb1\/1&Prime;][vc_custom_heading text_weight=\u00a0\u00bb300&Prime;]Bonheur-du-jour, milieu XIXe si\u00e8cle<span class=\"Apple-converted-space\">\u00a0<\/span>[\/vc_custom_heading][vc_column_text]Il est des meubles anciens que l\u2019on trouve jolis. Il serait bien difficile de ne pas reconna\u00eetre ici la beaut\u00e9 de ce meuble de commande exceptionnel.<span class=\"Apple-converted-space\">\u00a0<\/span><\/p>\n<p>Tout en acajou de Cuba, massif, en placages et jusqu\u2019aux fon\u00e7ures, ce bonheur-du-jour \u00e0 syst\u00e8me n\u2019est autre qu\u2019un bureau de dame d\u2019une rare \u00e9l\u00e9gance. Le miroir biseaut\u00e9 central distribue de chaque c\u00f4t\u00e9 deux colonnes de 4 tiroirs et couvertes d\u2019un plateau de marbre. Sur les tiroirs et les montants, sur la ceinture et en galerie, le bronze dor\u00e9 est travaill\u00e9 avec finesse en filets et en draperies. Sous le miroir, un large tiroir central renforce la sym\u00e9trie parfaite de ce meuble classique.<\/p>\n<p>Un plateau s\u2019\u00e9tire facilement et d\u00e9couvre une tablette d\u2019\u00e9criture \u00e9l\u00e9gamment recouverte d\u2019un cuir vert dor\u00e9 au petit fer. Le motif central tout en entrelacs n\u2019est pas sans \u00e9voquer les go\u00fbts n\u00e9ogothiques d\u2019un \u00e9clectisme naissant. \u00c0 gauche, voyez l\u2019encrier tandis qu\u2019\u00e0 droite est plac\u00e9e la saupoudreuse. Encore sur la ceinture, de fines draperies rythment joliment la plateau dont les pieds cannel\u00e9s sont relev\u00e9s de bronze dor\u00e9 et se terminent en pieds toupie. Le principal et unique tiroir central en semble trois, toujours dans l\u2019id\u00e9e de soutenir une sym\u00e9trie empruntant au n\u00e9oclassicisme. Au total, vous compterez donc 10 tiroirs \u00e0 ce bureau de dame en parfait \u00e9tat et embl\u00e9matique du go\u00fbt du milieu du XIXe si\u00e8cle.[\/vc_column_text][\/vc_column][\/vc_row]<\/p>\n<\/div>","protected":false},"excerpt":{"rendered":"<p style=\"text-align: center;\">Acajou de Cuba massif et en placages, bronze dor\u00e9 et glace. Parfait \u00e9tat.<\/p>\n<ul>\n<li style=\"text-align: center;\">Hauteur : 130 cm<\/li>\n<li style=\"text-align: center;\">Largeur : 84 cm<\/li>\n<li style=\"text-align: center;\">Profondeur : 46 cm<\/li>\n<\/ul>\n","protected":false},"featured_media":93226,"template":"","meta":{"_seopress_robots_primary_cat":"none","_seopress_titles_title":"Bonheur-du-jour, milieu XIXe si\u00e8cle ","_seopress_titles_desc":"Exceptionnel bonheur-du-jour \u00e0 syst\u00e8me en acajou et bronze dor\u00e9. Bureau de dame de commande embl\u00e9matique du milieu du XIXe si\u00e8cle.","_seopress_robots_index":"","content-type":""},"product_brand":[],"product_cat":[69,106,127],"product_tag":[252,274,280],"class_list":{"0":"post-93264","1":"product","2":"type-product","3":"status-publish","4":"has-post-thumbnail","6":"product_cat-mobilier","7":"product_cat-meubles","8":"product_cat-bureaux","9":"product_tag-xixe-siecle","10":"product_tag-bronze-dore","11":"product_tag-acajou","13":"first","14":"outofstock","15":"shipping-taxable","16":"purchasable","17":"product-type-simple","18":"add-to-wishlist-after_add_to_cart"},"_links":{"self":[{"href":"https:\/\/pipat-antiquites.fr\/fr\/wp-json\/wp\/v2\/product\/93264","targetHints":{"allow":["GET"]}}],"collection":[{"href":"https:\/\/pipat-antiquites.fr\/fr\/wp-json\/wp\/v2\/product"}],"about":[{"href":"https:\/\/pipat-antiquites.fr\/fr\/wp-json\/wp\/v2\/types\/product"}],"wp:featuredmedia":[{"embeddable":true,"href":"https:\/\/pipat-antiquites.fr\/fr\/wp-json\/wp\/v2\/media\/93226"}],"wp:attachment":[{"href":"https:\/\/pipat-antiquites.fr\/fr\/wp-json\/wp\/v2\/media?parent=93264"}],"wp:term":[{"taxonomy":"product_brand","embeddable":true,"href":"https:\/\/pipat-antiquites.fr\/fr\/wp-json\/wp\/v2\/product_brand?post=93264"},{"taxonomy":"product_cat","embeddable":true,"href":"https:\/\/pipat-antiquites.fr\/fr\/wp-json\/wp\/v2\/product_cat?post=93264"},{"taxonomy":"product_tag","embeddable":true,"href":"https:\/\/pipat-antiquites.fr\/fr\/wp-json\/wp\/v2\/product_tag?post=93264"}],"curies":[{"name":"wp","href":"https:\/\/api.w.org\/{rel}","templated":true}]}}