{"id":92174,"date":"2019-04-26T19:40:37","date_gmt":"2019-04-26T17:40:37","guid":{"rendered":"https:\/\/pipat-antiquites.fr\/?post_type=product&#038;p=92174"},"modified":"2022-07-29T09:11:57","modified_gmt":"2022-07-29T07:11:57","slug":"paravent-chinois-xx-20-siecle","status":"publish","type":"product","link":"https:\/\/pipat-antiquites.fr\/fr\/objets\/paravent-chinois-xx-20-siecle\/","title":{"rendered":"Paravent chinois, XXe si\u00e8cle"},"content":{"rendered":"<div class=\"wpb-content-wrapper\"><p>[vc_row][vc_column column_width_percent=\u00a0\u00bb100&Prime; gutter_size=\u00a0\u00bb3&Prime; override_padding=\u00a0\u00bbyes\u00a0\u00bb column_padding=\u00a0\u00bb3&Prime; overlay_alpha=\u00a0\u00bb50&Prime; shift_x=\u00a0\u00bb0&Prime; shift_y=\u00a0\u00bb0&Prime; shift_y_down=\u00a0\u00bb0&Prime; z_index=\u00a0\u00bb0&Prime; medium_width=\u00a0\u00bb0&Prime; mobile_width=\u00a0\u00bb0&Prime; width=\u00a0\u00bb1\/1&Prime;][vc_custom_heading text_weight=\u00a0\u00bb300&Prime;]<\/p>\n<div class=\"page\" title=\"Page 1\">\n<div class=\"section\">\n<div class=\"layoutArea\">\n<div class=\"column\">\n<p>Paravent chinois, premier quart du XXe si\u00e8cle<\/p>\n<\/div>\n<\/div>\n<\/div>\n<\/div>\n<p>[\/vc_custom_heading][vc_column_text]<\/p>\n<div class=\"page\" title=\"Page 1\">\n<div class=\"section\">\n<div class=\"layoutArea\">\n<div class=\"column\">\n<p>Pi\u00e8ce de mobilier essentiel des int\u00e9rieurs chinois, le paravent pr\u00e9sente r\u00e9guli\u00e8rement des motifs floraux ou animaliers en r\u00e9f\u00e9rence \u00e0 la mythologie asiatique, aux l\u00e9gendes chinoises ou ayant une vocation auspicieuse.<\/p>\n<p>Ici, la marqueterie de nacre figure un aigle attaquant deux petits oiseaux. L\u2019aigle <em>y\u012bng<\/em> symbolise souvent en Chine l\u2019h\u00e9ro\u00efsme d\u2019un grand homme et, toujours, la fiert\u00e9, la force et la bravoure.\u00a0Traditionnellement, le pin qui repr\u00e9sente la long\u00e9vit\u00e9 et la vigueur accompagne l\u2019aigle, comme c\u2019est le cas sur notre paravent.<\/p>\n<p>Les pivoines ornant les montants et le ph\u00e9nix couronnant le panneau central sont quant \u00e0 eux des motifs auspicieux tr\u00e8s pris\u00e9s de la culture chinoise. La pivoine, reine des fleurs, s&rsquo;\u00e9rige comme un symbole de prosp\u00e9rit\u00e9 et de bonheur tandis que le ph\u00e9nix symbolise naturellement l\u2019immortalit\u00e9.<\/p>\n<p>Un paravent \u00e9l\u00e9gant, unique dont les motifs fort suspicieux sont parfaitement appropri\u00e9 pour garantir la p\u00e9rennit\u00e9 d\u2019un foyer !<\/p>\n<\/div>\n<\/div>\n<\/div>\n<\/div>\n<p>[\/vc_column_text][\/vc_column][\/vc_row]<\/p>\n<\/div>","protected":false},"excerpt":{"rendered":"<p style=\"text-align: center;\">Bois laqu\u00e9 et marqueterie de nacre. Tr\u00e8s bon \u00e9tat.<\/p>\n<div class=\"page\" title=\"Page 1\">\n<div class=\"section\">\n<div class=\"layoutArea\">\n<div class=\"column\">\n<ul>\n<li style=\"text-align: center;\">Hauteur : 180 cm<\/li>\n<li style=\"text-align: center;\">Largeur ouvert : 160 cm<\/li>\n<li style=\"text-align: center;\">Largeur ferm\u00e9e : 80 cm<\/li>\n<li style=\"text-align: center;\">Profondeur : 4 cm<\/li>\n<\/ul>\n<\/div>\n<\/div>\n<\/div>\n<\/div>\n","protected":false},"featured_media":92166,"template":"","meta":{"_seopress_robots_primary_cat":"none","_seopress_titles_title":"","_seopress_titles_desc":"","_seopress_robots_index":"","content-type":""},"product_brand":[],"product_cat":[134,69,106],"product_tag":[257,259,263,466],"class_list":{"0":"post-92174","1":"product","2":"type-product","3":"status-publish","4":"has-post-thumbnail","6":"product_cat-paravents","7":"product_cat-mobilier","8":"product_cat-meubles","9":"product_tag-art-dasie","10":"product_tag-chine","11":"product_tag-xxe-siecle","12":"product_tag-laque","14":"first","15":"outofstock","16":"shipping-taxable","17":"purchasable","18":"product-type-simple","19":"add-to-wishlist-after_add_to_cart"},"_links":{"self":[{"href":"https:\/\/pipat-antiquites.fr\/fr\/wp-json\/wp\/v2\/product\/92174","targetHints":{"allow":["GET"]}}],"collection":[{"href":"https:\/\/pipat-antiquites.fr\/fr\/wp-json\/wp\/v2\/product"}],"about":[{"href":"https:\/\/pipat-antiquites.fr\/fr\/wp-json\/wp\/v2\/types\/product"}],"wp:featuredmedia":[{"embeddable":true,"href":"https:\/\/pipat-antiquites.fr\/fr\/wp-json\/wp\/v2\/media\/92166"}],"wp:attachment":[{"href":"https:\/\/pipat-antiquites.fr\/fr\/wp-json\/wp\/v2\/media?parent=92174"}],"wp:term":[{"taxonomy":"product_brand","embeddable":true,"href":"https:\/\/pipat-antiquites.fr\/fr\/wp-json\/wp\/v2\/product_brand?post=92174"},{"taxonomy":"product_cat","embeddable":true,"href":"https:\/\/pipat-antiquites.fr\/fr\/wp-json\/wp\/v2\/product_cat?post=92174"},{"taxonomy":"product_tag","embeddable":true,"href":"https:\/\/pipat-antiquites.fr\/fr\/wp-json\/wp\/v2\/product_tag?post=92174"}],"curies":[{"name":"wp","href":"https:\/\/api.w.org\/{rel}","templated":true}]}}