{"id":92097,"date":"2019-04-26T18:58:33","date_gmt":"2019-04-26T16:58:33","guid":{"rendered":"https:\/\/pipat-antiquites.fr\/?post_type=product&#038;p=92097"},"modified":"2022-07-29T09:12:08","modified_gmt":"2022-07-29T07:12:08","slug":"cabinet-bargueno-portugal-palissandre-fin-xviii-18-siecle","status":"publish","type":"product","link":"https:\/\/pipat-antiquites.fr\/fr\/objets\/cabinet-bargueno-portugal-palissandre-fin-xviii-18-siecle\/","title":{"rendered":"Cabinet Bargueno. Portugal, d\u00e9but XVIIe si\u00e8cle"},"content":{"rendered":"<div class=\"wpb-content-wrapper\"><p>[vc_row][vc_column column_width_percent=\u00a0\u00bb100&Prime; gutter_size=\u00a0\u00bb3&Prime; override_padding=\u00a0\u00bbyes\u00a0\u00bb column_padding=\u00a0\u00bb3&Prime; overlay_alpha=\u00a0\u00bb50&Prime; shift_x=\u00a0\u00bb0&Prime; shift_y=\u00a0\u00bb0&Prime; shift_y_down=\u00a0\u00bb0&Prime; z_index=\u00a0\u00bb0&Prime; medium_width=\u00a0\u00bb0&Prime; mobile_width=\u00a0\u00bb0&Prime; width=\u00a0\u00bb1\/1&Prime;][vc_custom_heading text_weight=\u00a0\u00bb300&Prime;]Cabinet Bargueno, Portugal, d\u00e9but XVIIe si\u00e8cle[\/vc_custom_heading][vc_column_text]Fait d&rsquo;un palissandre chaud et soyeux, ce cabinet bargueno pr\u00e9sente neuf tiroirs dont on appr\u00e9ciera le montage en queues d&rsquo;aronde.<\/p>\n<p>Dat\u00e9 du d\u00e9but du XVIIe si\u00e8cle, ce meuble portugais est enrichi d&rsquo;\u00e9l\u00e9ments et d&rsquo;entr\u00e9es de serrure aux formes \u00e9l\u00e9gantes d&rsquo;entrelacs et de rosaces ajour\u00e9s dans un bronze dor\u00e9 joliment patin\u00e9. L&rsquo;effet est d&rsquo;autant plus r\u00e9ussi que ce cabinet est accompagn\u00e9 d&rsquo;un beau mouvement dans son pi\u00e8tement en bois tourn\u00e9.<\/p>\n<p>Ce tr\u00e8s beau meuble, du haut de son grand \u00e2ge, poss\u00e8de pourtant des lignes \u00e9tonnement modernes.[\/vc_column_text][vc_button button_color=\u00a0\u00bbaccent\u00a0\u00bb border_width=\u00a0\u00bb0&Prime; link=\u00a0\u00bburl:https%3A%2F%2Fpipat-antiquites.fr%2Ffr%2Fle-bargueno-luxueux-cabinet-du-portugal%2F|title:Le%20Bargue%C3%B1o%2C%20Luxueux%20Cabinet%20du%20Portugal\u00a0\u00bb]D\u00e9couvrir le dossier de recherche[\/vc_button][\/vc_column][\/vc_row]<\/p>\n<\/div>","protected":false},"excerpt":{"rendered":"<p style=\"text-align: center;\">En palissandre. Parfait \u00e9tat.<\/p>\n<ul>\n<li style=\"text-align: center;\">Hauteur : 142 cm<\/li>\n<li style=\"text-align: center;\">Largeur : 85 cm<\/li>\n<li style=\"text-align: center;\">Profondeur : 46 cm<\/li>\n<\/ul>\n","protected":false},"featured_media":92124,"template":"","meta":{"_seopress_robots_primary_cat":"none","_seopress_titles_title":"","_seopress_titles_desc":"","_seopress_robots_index":"","content-type":""},"product_brand":[],"product_cat":[106,128,69],"product_tag":[161,256,465],"class_list":{"0":"post-92097","1":"product","2":"type-product","3":"status-publish","4":"has-post-thumbnail","6":"product_cat-meubles","7":"product_cat-cabinets","8":"product_cat-mobilier","9":"product_tag-xviiie-siecle","10":"product_tag-palissandre","11":"product_tag-portugal","13":"first","14":"outofstock","15":"shipping-taxable","16":"purchasable","17":"product-type-simple","18":"add-to-wishlist-after_add_to_cart"},"_links":{"self":[{"href":"https:\/\/pipat-antiquites.fr\/fr\/wp-json\/wp\/v2\/product\/92097","targetHints":{"allow":["GET"]}}],"collection":[{"href":"https:\/\/pipat-antiquites.fr\/fr\/wp-json\/wp\/v2\/product"}],"about":[{"href":"https:\/\/pipat-antiquites.fr\/fr\/wp-json\/wp\/v2\/types\/product"}],"wp:featuredmedia":[{"embeddable":true,"href":"https:\/\/pipat-antiquites.fr\/fr\/wp-json\/wp\/v2\/media\/92124"}],"wp:attachment":[{"href":"https:\/\/pipat-antiquites.fr\/fr\/wp-json\/wp\/v2\/media?parent=92097"}],"wp:term":[{"taxonomy":"product_brand","embeddable":true,"href":"https:\/\/pipat-antiquites.fr\/fr\/wp-json\/wp\/v2\/product_brand?post=92097"},{"taxonomy":"product_cat","embeddable":true,"href":"https:\/\/pipat-antiquites.fr\/fr\/wp-json\/wp\/v2\/product_cat?post=92097"},{"taxonomy":"product_tag","embeddable":true,"href":"https:\/\/pipat-antiquites.fr\/fr\/wp-json\/wp\/v2\/product_tag?post=92097"}],"curies":[{"name":"wp","href":"https:\/\/api.w.org\/{rel}","templated":true}]}}